{"id":12413,"date":"2025-06-05T09:12:42","date_gmt":"2025-06-05T09:12:42","guid":{"rendered":"https:\/\/dirigocoating.pl\/produkt\/dp4101-dp4104-hs-primer\/"},"modified":"2025-06-05T09:12:42","modified_gmt":"2025-06-05T09:12:42","slug":"dp4101-dp4104-hs-primer","status":"publish","type":"product","link":"https:\/\/dirigocoating.pl\/es\/producto\/dp4101-dp4104-hs-primer\/","title":{"rendered":"DP4101\/DP4104 HS Primer"},"content":{"rendered":"<p><strong>Propiedades<\/strong><\/p>\n<p>&nbsp;<\/p>\n<ul>\n<li>Muy alto contenido de s\u00f3lidos \u2013 tecnolog\u00eda de bajo VOC: mejor relleno, misma construcci\u00f3n con menos capas, lo que reduce el consumo.<\/li>\n<li>Menor contenido de disolvente que las imprimaciones 2K convencionales de alto contenido de s\u00f3lidos.<\/li>\n<li>Excelente para lijado en seco y en h\u00famedo.<\/li>\n<li>Excelente adhesi\u00f3n del recubrimiento de acabado.<\/li>\n<li>Puede ser recubierto con todas las pinturas de acabado Imron\u00ae Marine.<\/li>\n<\/ul>\n<div class=\"wp-block-column\">\n<table>\n<tbody>\n<tr>\n<td><strong>VOC<\/strong><\/td>\n<td>455 \u2013 480 g\/l<\/td>\n<\/tr>\n<tr>\n<td><strong>Number of coats<\/strong><\/td>\n<td>1-3 Primer surfacer \/ High Density 1-5<\/td>\n<\/tr>\n<tr>\n<td><strong>DFT<\/strong><\/td>\n<td>60 to 80 \u03bc\/coat<\/td>\n<\/tr>\n<\/tbody>\n<\/table>\n<\/div>\n<p><a class=\"wgl-button btn-size-sm \" role=\"button\" href=\"https:\/\/dirigocoating.pl\/wp-content\/uploads\/2025\/07\/EN-DP4104.pdf\">TDS<\/a><\/p>\n","protected":false},"excerpt":{"rendered":"<ul>\n<li>Imprimaci\u00f3n bicomponente High Solids con 2 m\u00e9todos de aplicaci\u00f3n:<\/li>\n<li>Imprimaci\u00f3n base<\/li>\n<li>Imprimaci\u00f3n base de alta densidad<\/li>\n<li>Color: blanco DP4101, gris DP4104.<\/li>\n<li>Composici\u00f3n a base de acr\u00edlico hidroxi-funcional especial.<\/li>\n<\/ul>\n","protected":false},"featured_media":10834,"template":"","meta":[],"product_brand":[],"product_cat":[368],"product_tag":[202],"class_list":{"0":"post-12413","1":"product","2":"type-product","3":"status-publish","4":"has-post-thumbnail","6":"product_cat-marino","7":"product_tag-cartillas","9":"first","10":"instock","11":"shipping-taxable","12":"product-type-simple"},"_links":{"self":[{"href":"https:\/\/dirigocoating.pl\/es\/wp-json\/wp\/v2\/product\/12413"}],"collection":[{"href":"https:\/\/dirigocoating.pl\/es\/wp-json\/wp\/v2\/product"}],"about":[{"href":"https:\/\/dirigocoating.pl\/es\/wp-json\/wp\/v2\/types\/product"}],"wp:featuredmedia":[{"embeddable":true,"href":"https:\/\/dirigocoating.pl\/es\/wp-json\/wp\/v2\/media\/10834"}],"wp:attachment":[{"href":"https:\/\/dirigocoating.pl\/es\/wp-json\/wp\/v2\/media?parent=12413"}],"wp:term":[{"taxonomy":"product_brand","embeddable":true,"href":"https:\/\/dirigocoating.pl\/es\/wp-json\/wp\/v2\/product_brand?post=12413"},{"taxonomy":"product_cat","embeddable":true,"href":"https:\/\/dirigocoating.pl\/es\/wp-json\/wp\/v2\/product_cat?post=12413"},{"taxonomy":"product_tag","embeddable":true,"href":"https:\/\/dirigocoating.pl\/es\/wp-json\/wp\/v2\/product_tag?post=12413"}],"curies":[{"name":"wp","href":"https:\/\/api.w.org\/{rel}","templated":true}]}}