{"id":12417,"date":"2025-06-05T09:58:06","date_gmt":"2025-06-05T09:58:06","guid":{"rendered":"https:\/\/dirigocoating.pl\/produkt\/basecoat-imron-marine-2\/"},"modified":"2025-06-05T09:58:06","modified_gmt":"2025-06-05T09:58:06","slug":"basecoat-imron-marine-2","status":"publish","type":"product","link":"https:\/\/dirigocoating.pl\/es\/producto\/basecoat-imron-marine-2\/","title":{"rendered":"Basecoat Imron Marine"},"content":{"rendered":"<ul class=\"wp-block-list\">\n<li>Pintura base 2K de contenido medio de s\u00f3lidos para ser recubierta con barniz transparente, disponible en colores s\u00f3lidos, met\u00e1licos y perlados. Adecuada para su uso en yates y embarcaciones de recreo. <\/li>\n<li>Composici\u00f3n a base de copol\u00edmero acr\u00edlico<\/li>\n<li><span>Ofrece facilidad de aplicaci\u00f3n.<\/span><\/li>\n<li>Excelente cobertura y equilibrio de recubrimiento que garantizan un ahorro significativo de tiempo de aplicaci\u00f3n y de material.<\/li>\n<\/ul>\n<table>\n<tbody>\n<tr>\n<td>VOC<\/td>\n<td>669 &#8211; 742 g\/l<\/td>\n<\/tr>\n<tr>\n<td>n\u00famero de capas<\/td>\n<td>2 &#8211; 3<\/td>\n<\/tr>\n<tr>\n<td>DFT:<\/td>\n<td>5 &#8211; 30 \u03bc<\/td>\n<\/tr>\n<\/tbody>\n<\/table>\n<p><a class=\"wgl-button btn-size-sm \" role=\"button\" href=\"https:\/\/dirigocoating.pl\/wp-content\/uploads\/2025\/07\/EN-BASE.pdf\">TDS<\/a><\/p>\n","protected":false},"excerpt":{"rendered":"<p><span>Pintura base de poliuretano para aplicaciones n\u00e1uticas. Esta pintura base de la m\u00e1s alta calidad ha sido dise\u00f1ada para ofrecer durabilidad y rendimiento; su gama de colores, que va desde tonos s\u00f3lidos hasta met\u00e1licos llamativos, la convierte en un referente en la industria. Imron Marine Basecoat se puede pulir y reparar de manera localizada. Est\u00e1 disponible en un sistema de mezcla en colores s\u00f3lidos, met\u00e1licos y perlados. Recomendado para su uso por encima de la l\u00ednea de flotaci\u00f3n.    <\/span><\/p>\n","protected":false},"featured_media":10029,"template":"","meta":[],"product_brand":[],"product_cat":[368],"product_tag":[232],"class_list":{"0":"post-12417","1":"product","2":"type-product","3":"status-publish","4":"has-post-thumbnail","6":"product_cat-marino","7":"product_tag-capas-base","9":"first","10":"instock","11":"shipping-taxable","12":"product-type-simple"},"_links":{"self":[{"href":"https:\/\/dirigocoating.pl\/es\/wp-json\/wp\/v2\/product\/12417"}],"collection":[{"href":"https:\/\/dirigocoating.pl\/es\/wp-json\/wp\/v2\/product"}],"about":[{"href":"https:\/\/dirigocoating.pl\/es\/wp-json\/wp\/v2\/types\/product"}],"wp:featuredmedia":[{"embeddable":true,"href":"https:\/\/dirigocoating.pl\/es\/wp-json\/wp\/v2\/media\/10029"}],"wp:attachment":[{"href":"https:\/\/dirigocoating.pl\/es\/wp-json\/wp\/v2\/media?parent=12417"}],"wp:term":[{"taxonomy":"product_brand","embeddable":true,"href":"https:\/\/dirigocoating.pl\/es\/wp-json\/wp\/v2\/product_brand?post=12417"},{"taxonomy":"product_cat","embeddable":true,"href":"https:\/\/dirigocoating.pl\/es\/wp-json\/wp\/v2\/product_cat?post=12417"},{"taxonomy":"product_tag","embeddable":true,"href":"https:\/\/dirigocoating.pl\/es\/wp-json\/wp\/v2\/product_tag?post=12417"}],"curies":[{"name":"wp","href":"https:\/\/api.w.org\/{rel}","templated":true}]}}