{"id":12418,"date":"2025-06-05T12:21:20","date_gmt":"2025-06-05T12:21:20","guid":{"rendered":"https:\/\/dirigocoating.pl\/produkt\/3919s-prepsol\/"},"modified":"2025-06-05T12:21:20","modified_gmt":"2025-06-05T12:21:20","slug":"3919s-prepsol","status":"publish","type":"product","link":"https:\/\/dirigocoating.pl\/es\/producto\/3919s-prepsol\/","title":{"rendered":"3919S Prepsol"},"content":{"rendered":"<p><span>Elimina contaminantes insolubles en agua, como ceras, pastas, alquitr\u00e1n, siliconas y grasas de acabados antiguos.<\/span><\/p>\n<p><a class=\"wgl-button btn-size-sm \" role=\"button\" href=\"https:\/\/dirigocoating.pl\/wp-content\/uploads\/2025\/07\/EN-3919S.pdf\">TDS<\/a><\/p>\n","protected":false},"excerpt":{"rendered":"<ul>\n<li>Mezcla de disolventes de baja volatilidad desarrollada para eliminar contaminantes pesados antes de la preparaci\u00f3n de la superficie.<\/li>\n<li>Composici\u00f3n a base de disolventes arom\u00e1ticos y alif\u00e1ticos.<\/li>\n<\/ul>\n","protected":false},"featured_media":9794,"template":"","meta":[],"product_brand":[],"product_cat":[174,368],"product_tag":[382],"class_list":{"0":"post-12418","1":"product","2":"type-product","3":"status-publish","4":"has-post-thumbnail","6":"product_cat-productos-de-limpieza","7":"product_cat-marino","8":"product_tag-productos-auxiliares-es","10":"first","11":"instock","12":"shipping-taxable","13":"product-type-simple"},"_links":{"self":[{"href":"https:\/\/dirigocoating.pl\/es\/wp-json\/wp\/v2\/product\/12418"}],"collection":[{"href":"https:\/\/dirigocoating.pl\/es\/wp-json\/wp\/v2\/product"}],"about":[{"href":"https:\/\/dirigocoating.pl\/es\/wp-json\/wp\/v2\/types\/product"}],"wp:featuredmedia":[{"embeddable":true,"href":"https:\/\/dirigocoating.pl\/es\/wp-json\/wp\/v2\/media\/9794"}],"wp:attachment":[{"href":"https:\/\/dirigocoating.pl\/es\/wp-json\/wp\/v2\/media?parent=12418"}],"wp:term":[{"taxonomy":"product_brand","embeddable":true,"href":"https:\/\/dirigocoating.pl\/es\/wp-json\/wp\/v2\/product_brand?post=12418"},{"taxonomy":"product_cat","embeddable":true,"href":"https:\/\/dirigocoating.pl\/es\/wp-json\/wp\/v2\/product_cat?post=12418"},{"taxonomy":"product_tag","embeddable":true,"href":"https:\/\/dirigocoating.pl\/es\/wp-json\/wp\/v2\/product_tag?post=12418"}],"curies":[{"name":"wp","href":"https:\/\/api.w.org\/{rel}","templated":true}]}}