{"id":12420,"date":"2025-06-05T12:23:22","date_gmt":"2025-06-05T12:23:22","guid":{"rendered":"https:\/\/dirigocoating.pl\/produkt\/th80-ep-thinner\/"},"modified":"2025-06-05T12:23:22","modified_gmt":"2025-06-05T12:23:22","slug":"th80-ep-thinner","status":"publish","type":"product","link":"https:\/\/dirigocoating.pl\/es\/producto\/th80-ep-thinner\/","title":{"rendered":"TH80 EP Thinner"},"content":{"rendered":"<ul>\n<li>Limpiador que elimina contaminantes insolubles en agua, como agentes desmoldantes, y elimina peque\u00f1as cantidades de grasa y aceite.<\/li>\n<li>Tambi\u00e9n puede utilizarse como diluyente para la masilla pulverizable DP3330 y las imprimaciones epoxi DP8130 y DP8140 (v\u00e9ase la correspondiente Ficha T\u00e9cnica &#8211; TDS).<\/li>\n<\/ul>\n<p><a class=\"wgl-button btn-size-sm \" role=\"button\" href=\"https:\/\/dirigocoating.pl\/wp-content\/uploads\/2025\/07\/EN-TH80.pdf\">TDS<\/a><\/p>\n","protected":false},"excerpt":{"rendered":"<ul>\n<li>Mezcla de disolventes desarrollada para eliminar agentes desmoldantes y otras impurezas superficiales de los pl\u00e1sticos.<\/li>\n<li>Composici\u00f3n a base de una mezcla de disolventes arom\u00e1ticos y alcoh\u00f3licos.<\/li>\n<\/ul>\n","protected":false},"featured_media":9799,"template":"","meta":[],"product_brand":[],"product_cat":[174,368],"product_tag":[382],"class_list":{"0":"post-12420","1":"product","2":"type-product","3":"status-publish","4":"has-post-thumbnail","6":"product_cat-productos-de-limpieza","7":"product_cat-marino","8":"product_tag-productos-auxiliares-es","10":"first","11":"instock","12":"shipping-taxable","13":"product-type-simple"},"_links":{"self":[{"href":"https:\/\/dirigocoating.pl\/es\/wp-json\/wp\/v2\/product\/12420"}],"collection":[{"href":"https:\/\/dirigocoating.pl\/es\/wp-json\/wp\/v2\/product"}],"about":[{"href":"https:\/\/dirigocoating.pl\/es\/wp-json\/wp\/v2\/types\/product"}],"wp:featuredmedia":[{"embeddable":true,"href":"https:\/\/dirigocoating.pl\/es\/wp-json\/wp\/v2\/media\/9799"}],"wp:attachment":[{"href":"https:\/\/dirigocoating.pl\/es\/wp-json\/wp\/v2\/media?parent=12420"}],"wp:term":[{"taxonomy":"product_brand","embeddable":true,"href":"https:\/\/dirigocoating.pl\/es\/wp-json\/wp\/v2\/product_brand?post=12420"},{"taxonomy":"product_cat","embeddable":true,"href":"https:\/\/dirigocoating.pl\/es\/wp-json\/wp\/v2\/product_cat?post=12420"},{"taxonomy":"product_tag","embeddable":true,"href":"https:\/\/dirigocoating.pl\/es\/wp-json\/wp\/v2\/product_tag?post=12420"}],"curies":[{"name":"wp","href":"https:\/\/api.w.org\/{rel}","templated":true}]}}