{"id":12423,"date":"2025-06-05T10:11:28","date_gmt":"2025-06-05T10:11:28","guid":{"rendered":"https:\/\/dirigocoating.pl\/produkt\/dp6940-imron-super-flow-hs-clearcoat\/"},"modified":"2025-06-05T10:11:28","modified_gmt":"2025-06-05T10:11:28","slug":"dp6940-imron-super-flow-hs-clearcoat","status":"publish","type":"product","link":"https:\/\/dirigocoating.pl\/es\/producto\/dp6940-imron-super-flow-hs-clearcoat\/","title":{"rendered":"DP6940 Imron\u00ae Super Flow HS Clearcoat"},"content":{"rendered":"<ul>\n<li>Combina una aplicaci\u00f3n muy f\u00e1cil con un bajo riesgo de goteo.<\/li>\n<li>Proporciona un acabado liso y resistente, con propiedades de secado muy r\u00e1pido.<\/li>\n<li>Presenta excelente resistencia a goteos, productos qu\u00edmicos y condiciones atmosf\u00e9ricas.<\/li>\n<\/ul>\n<table>\n<tbody>\n<tr>\n<td><strong>VOC<\/strong><\/td>\n<td>499 a 533 g\/l<\/td>\n<\/tr>\n<tr>\n<td><strong>n\u00famero de capas<\/strong><\/td>\n<td>2<\/td>\n<\/tr>\n<tr>\n<td><strong>DFT<\/strong><\/td>\n<td>50 a 70 \u03bc<\/td>\n<\/tr>\n<\/tbody>\n<\/table>\n<p><a class=\"wgl-button btn-size-sm \" role=\"button\" href=\"https:\/\/dirigocoating.pl\/wp-content\/uploads\/2025\/07\/EN-DP6940.pdf\">TDS<\/a><\/p>\n","protected":false},"excerpt":{"rendered":"<ul>\n<li>Bicomponente transparente basado en tecnolog\u00eda de resinas de bajo contenido de s\u00f3lidos y bajas emisiones, para su uso en sistema con pintura base.<\/li>\n<li>Composici\u00f3n a base de copol\u00edmero acr\u00edlico<\/li>\n<\/ul>\n","protected":false},"featured_media":10054,"template":"","meta":[],"product_brand":[],"product_cat":[368],"product_tag":[249],"class_list":{"0":"post-12423","1":"product","2":"type-product","3":"status-publish","4":"has-post-thumbnail","6":"product_cat-marino","7":"product_tag-barnices-transparentes","9":"first","10":"instock","11":"shipping-taxable","12":"product-type-simple"},"_links":{"self":[{"href":"https:\/\/dirigocoating.pl\/es\/wp-json\/wp\/v2\/product\/12423"}],"collection":[{"href":"https:\/\/dirigocoating.pl\/es\/wp-json\/wp\/v2\/product"}],"about":[{"href":"https:\/\/dirigocoating.pl\/es\/wp-json\/wp\/v2\/types\/product"}],"wp:featuredmedia":[{"embeddable":true,"href":"https:\/\/dirigocoating.pl\/es\/wp-json\/wp\/v2\/media\/10054"}],"wp:attachment":[{"href":"https:\/\/dirigocoating.pl\/es\/wp-json\/wp\/v2\/media?parent=12423"}],"wp:term":[{"taxonomy":"product_brand","embeddable":true,"href":"https:\/\/dirigocoating.pl\/es\/wp-json\/wp\/v2\/product_brand?post=12423"},{"taxonomy":"product_cat","embeddable":true,"href":"https:\/\/dirigocoating.pl\/es\/wp-json\/wp\/v2\/product_cat?post=12423"},{"taxonomy":"product_tag","embeddable":true,"href":"https:\/\/dirigocoating.pl\/es\/wp-json\/wp\/v2\/product_tag?post=12423"}],"curies":[{"name":"wp","href":"https:\/\/api.w.org\/{rel}","templated":true}]}}