{"id":12428,"date":"2025-06-06T11:22:29","date_gmt":"2025-06-06T11:22:29","guid":{"rendered":"https:\/\/dirigocoating.pl\/produkt\/percotop-cs807-spies-hecker-sh8330\/"},"modified":"2025-06-06T11:22:29","modified_gmt":"2025-06-06T11:22:29","slug":"percotop-cs807-spies-hecker-sh8330","status":"publish","type":"product","link":"https:\/\/dirigocoating.pl\/es\/producto\/percotop-cs807-spies-hecker-sh8330\/","title":{"rendered":"PercoTop CS807 \/ Spies Hecker SH8330"},"content":{"rendered":"<ul>\n<li>Ideal para superficies grandes<\/li>\n<li>Eficaz en piezas de forma compleja<\/li>\n<li>Alta resistencia al asentamiento del recubrimiento<\/li>\n<li>Excelente absorci\u00f3n de la niebla de pintura<\/li>\n<li>Posibilidad de aplicar tecnolog\u00eda antigraffiti (con la proporci\u00f3n adecuada de activador)<\/li>\n<li>Propiedades antigraffiti<\/li>\n<li>Buena nivelaci\u00f3n<\/li>\n<li>Alto brillo<\/li>\n<li>Facilidad de aplicaci\u00f3n (tambi\u00e9n en superficies grandes)<\/li>\n<\/ul>\n<p><a class=\"wgl-button btn-size-sm \" role=\"button\" href=\"https:\/\/dirigocoating.pl\/wp-content\/uploads\/2025\/07\/EN-CS807.pdf\">TDS<\/a><\/p>\n","protected":false},"excerpt":{"rendered":"<p>PercoTop\u00ae 2K HS Power Clearcoat CS807 &#8211; Barniz transparente bicomponente de poliuretano vers\u00e1til, basado en resina acr\u00edlica, con alto contenido de s\u00f3lidos.<\/p>\n","protected":false},"featured_media":9894,"template":"","meta":[],"product_brand":[],"product_cat":[257,201],"product_tag":[249,250,258,390],"class_list":{"0":"post-12428","1":"product","2":"type-product","3":"status-publish","4":"has-post-thumbnail","6":"product_cat-ferrocarril","7":"product_cat-vehiculos-comerciales","8":"product_tag-barnices-transparentes","9":"product_tag-cv-claro","10":"product_tag-disolvente","11":"product_tag-transparente-de-disolvente","13":"first","14":"instock","15":"shipping-taxable","16":"product-type-simple"},"_links":{"self":[{"href":"https:\/\/dirigocoating.pl\/es\/wp-json\/wp\/v2\/product\/12428"}],"collection":[{"href":"https:\/\/dirigocoating.pl\/es\/wp-json\/wp\/v2\/product"}],"about":[{"href":"https:\/\/dirigocoating.pl\/es\/wp-json\/wp\/v2\/types\/product"}],"wp:featuredmedia":[{"embeddable":true,"href":"https:\/\/dirigocoating.pl\/es\/wp-json\/wp\/v2\/media\/9894"}],"wp:attachment":[{"href":"https:\/\/dirigocoating.pl\/es\/wp-json\/wp\/v2\/media?parent=12428"}],"wp:term":[{"taxonomy":"product_brand","embeddable":true,"href":"https:\/\/dirigocoating.pl\/es\/wp-json\/wp\/v2\/product_brand?post=12428"},{"taxonomy":"product_cat","embeddable":true,"href":"https:\/\/dirigocoating.pl\/es\/wp-json\/wp\/v2\/product_cat?post=12428"},{"taxonomy":"product_tag","embeddable":true,"href":"https:\/\/dirigocoating.pl\/es\/wp-json\/wp\/v2\/product_tag?post=12428"}],"curies":[{"name":"wp","href":"https:\/\/api.w.org\/{rel}","templated":true}]}}