{"id":12434,"date":"2025-06-10T10:00:16","date_gmt":"2025-06-10T10:00:16","guid":{"rendered":"https:\/\/dirigocoating.pl\/produkt\/imron-hydrobasecoat-7230\/"},"modified":"2025-06-10T10:00:16","modified_gmt":"2025-06-10T10:00:16","slug":"imron-hydrobasecoat-7230","status":"publish","type":"product","link":"https:\/\/dirigocoating.pl\/es\/producto\/imron-hydrobasecoat-7230\/","title":{"rendered":"Imron HydroBaseCoat 7230"},"content":{"rendered":"<ul>\n<li><span>Pel\u00edcula gruesa, excelente adherencia y propiedades de relleno<\/span><\/li>\n<li><span>Alta resistencia mec\u00e1nica y qu\u00edmica. <\/span><\/li>\n<li><span>Disponible en varios colores y niveles de brillo.<\/span><\/li>\n<li><span>f\u00e1cil aplicaci\u00f3n<\/span><\/li>\n<\/ul>\n<p><a class=\"wgl-button btn-size-sm \" role=\"button\" href=\"https:\/\/dirigocoating.pl\/wp-content\/uploads\/2025\/07\/EN-IMRON-7230-HBC-Rail-segment-.pdf\">TDS<\/a><\/p>\n","protected":false},"excerpt":{"rendered":"<p>Imron 7230 High Build HydroBaseCoat es un sistema de base de poliuretano de dos componentes a base de agua, desarrollado espec\u00edficamente para su uso en trenes y otros veh\u00edculos ferroviarios. Dise\u00f1ado para aplicarse como una capa base de alta resistencia en combinaci\u00f3n con barnices transparentes a base de agua o disolvente. <\/p>\n","protected":false},"featured_media":9974,"template":"","meta":[],"product_brand":[],"product_cat":[257],"product_tag":[386,389,232],"class_list":{"0":"post-12434","1":"product","2":"type-product","3":"status-publish","4":"has-post-thumbnail","6":"product_cat-ferrocarril","7":"product_tag-barnices-hidrosolubles","8":"product_tag-base-al-agua","9":"product_tag-capas-base","11":"first","12":"instock","13":"shipping-taxable","14":"product-type-simple"},"_links":{"self":[{"href":"https:\/\/dirigocoating.pl\/es\/wp-json\/wp\/v2\/product\/12434"}],"collection":[{"href":"https:\/\/dirigocoating.pl\/es\/wp-json\/wp\/v2\/product"}],"about":[{"href":"https:\/\/dirigocoating.pl\/es\/wp-json\/wp\/v2\/types\/product"}],"wp:featuredmedia":[{"embeddable":true,"href":"https:\/\/dirigocoating.pl\/es\/wp-json\/wp\/v2\/media\/9974"}],"wp:attachment":[{"href":"https:\/\/dirigocoating.pl\/es\/wp-json\/wp\/v2\/media?parent=12434"}],"wp:term":[{"taxonomy":"product_brand","embeddable":true,"href":"https:\/\/dirigocoating.pl\/es\/wp-json\/wp\/v2\/product_brand?post=12434"},{"taxonomy":"product_cat","embeddable":true,"href":"https:\/\/dirigocoating.pl\/es\/wp-json\/wp\/v2\/product_cat?post=12434"},{"taxonomy":"product_tag","embeddable":true,"href":"https:\/\/dirigocoating.pl\/es\/wp-json\/wp\/v2\/product_tag?post=12434"}],"curies":[{"name":"wp","href":"https:\/\/api.w.org\/{rel}","templated":true}]}}