{"id":12436,"date":"2025-06-10T10:12:28","date_gmt":"2025-06-10T10:12:28","guid":{"rendered":"https:\/\/dirigocoating.pl\/produkt\/ep300-ep300r-2k-waterbased-epoxy-primer\/"},"modified":"2025-06-10T10:12:28","modified_gmt":"2025-06-10T10:12:28","slug":"ep300-ep300r-2k-waterbased-epoxy-primer","status":"publish","type":"product","link":"https:\/\/dirigocoating.pl\/es\/producto\/ep300-ep300r-2k-waterbased-epoxy-primer\/","title":{"rendered":"EP300 \/ EP300R 2K Waterbased Epoxy Primer"},"content":{"rendered":"<p><strong>Propiedades<br \/>\n<\/strong><br \/>\n\u2022 Proporciona una muy buena protecci\u00f3n anticorrosiva.<br \/>\n\u2022 Muy buena adherencia a los sustratos met\u00e1licos enumerados a continuaci\u00f3n.<br \/>\n\u2022 Alta resistencia mec\u00e1nica.<br \/>\n\u2022 Buenas propiedades de relleno.<br \/>\n\u2022 Secar frotando antes de aplicar la imprimaci\u00f3n.<br \/>\n\u2022 Antes de pintar, desengrasar utilizando un removedor de siliconas y luego WB3910 cuando sea necesario.<\/p>\n<p><a class=\"wgl-button btn-size-sm \" role=\"button\" href=\"https:\/\/dirigocoating.pl\/wp-content\/uploads\/2025\/07\/EN-EP300.pdf\">TDS<\/a><\/p>\n","protected":false},"excerpt":{"rendered":"<p><span>EP300 es una imprimaci\u00f3n epoxi hidrosoluble de dos componentes, desarrollada espec\u00edficamente para su aplicaci\u00f3n en trenes, maquinaria y veh\u00edculos industriales.<br \/>\nLa composici\u00f3n del producto est\u00e1 formulada a base de resina epoxi.<\/span><\/p>\n","protected":false},"featured_media":9999,"template":"","meta":[],"product_brand":[],"product_cat":[257],"product_tag":[386,202,392,398],"class_list":{"0":"post-12436","1":"product","2":"type-product","3":"status-publish","4":"has-post-thumbnail","6":"product_cat-ferrocarril","7":"product_tag-barnices-hidrosolubles","8":"product_tag-cartillas","9":"product_tag-epoxy-es","10":"product_tag-imprimaciones-al-agua","12":"first","13":"instock","14":"shipping-taxable","15":"product-type-simple"},"_links":{"self":[{"href":"https:\/\/dirigocoating.pl\/es\/wp-json\/wp\/v2\/product\/12436"}],"collection":[{"href":"https:\/\/dirigocoating.pl\/es\/wp-json\/wp\/v2\/product"}],"about":[{"href":"https:\/\/dirigocoating.pl\/es\/wp-json\/wp\/v2\/types\/product"}],"wp:featuredmedia":[{"embeddable":true,"href":"https:\/\/dirigocoating.pl\/es\/wp-json\/wp\/v2\/media\/9999"}],"wp:attachment":[{"href":"https:\/\/dirigocoating.pl\/es\/wp-json\/wp\/v2\/media?parent=12436"}],"wp:term":[{"taxonomy":"product_brand","embeddable":true,"href":"https:\/\/dirigocoating.pl\/es\/wp-json\/wp\/v2\/product_brand?post=12436"},{"taxonomy":"product_cat","embeddable":true,"href":"https:\/\/dirigocoating.pl\/es\/wp-json\/wp\/v2\/product_cat?post=12436"},{"taxonomy":"product_tag","embeddable":true,"href":"https:\/\/dirigocoating.pl\/es\/wp-json\/wp\/v2\/product_tag?post=12436"}],"curies":[{"name":"wp","href":"https:\/\/api.w.org\/{rel}","templated":true}]}}