{"id":12437,"date":"2025-06-10T10:17:31","date_gmt":"2025-06-10T10:17:31","guid":{"rendered":"https:\/\/dirigocoating.pl\/produkt\/pur300-pur300w-2k-waterbased-filler\/"},"modified":"2025-06-10T10:17:31","modified_gmt":"2025-06-10T10:17:31","slug":"pur300-pur300w-2k-waterbased-filler","status":"publish","type":"product","link":"https:\/\/dirigocoating.pl\/es\/producto\/pur300-pur300w-2k-waterbased-filler\/","title":{"rendered":"PUR300 \/ PUR300W 2K Waterbased Filler"},"content":{"rendered":"<p><span>Posibilidad de aplicaci\u00f3n como imprimaci\u00f3n de alto relleno para lijar o como imprimaci\u00f3n intermedia no lijable (hasta 40 \u03bcm), r\u00e1pido tiempo de evaporaci\u00f3n..<\/span><\/p>\n<p>\u2022 Buena lijabilidad y apariencia \u00f3ptima.<br \/>\n\u2022 Puede utilizarse como relleno o relleno de capa gruesa, dependiendo de la cantidad de diluyente a\u00f1adido.<br \/>\n\u2022 Puede aplicarse como relleno no lijable con un espesor de capa seca (DFT) de 40 \u03bcm o como relleno de capa gruesa para lijar con un espesor de capa seca (DFT) de 80-120 \u03bcm.<\/p>\n<p><a class=\"wgl-button btn-size-sm \" role=\"button\" href=\"https:\/\/dirigocoating.pl\/wp-content\/uploads\/2025\/07\/PUR300-update-EN.pdf\">TDS<\/a><\/p>\n","protected":false},"excerpt":{"rendered":"<p>PUR300 es una imprimaci\u00f3n de relleno de poliuretano hidrosoluble de dos componentes, destinada a su uso en trenes, maquinaria y veh\u00edculos industriales.<br \/>\nComposici\u00f3n a base de resina acr\u00edlica.<\/p>\n","protected":false},"featured_media":9994,"template":"","meta":[],"product_brand":[],"product_cat":[257],"product_tag":[386,202,398],"class_list":{"0":"post-12437","1":"product","2":"type-product","3":"status-publish","4":"has-post-thumbnail","6":"product_cat-ferrocarril","7":"product_tag-barnices-hidrosolubles","8":"product_tag-cartillas","9":"product_tag-imprimaciones-al-agua","11":"first","12":"instock","13":"shipping-taxable","14":"product-type-simple"},"_links":{"self":[{"href":"https:\/\/dirigocoating.pl\/es\/wp-json\/wp\/v2\/product\/12437"}],"collection":[{"href":"https:\/\/dirigocoating.pl\/es\/wp-json\/wp\/v2\/product"}],"about":[{"href":"https:\/\/dirigocoating.pl\/es\/wp-json\/wp\/v2\/types\/product"}],"wp:featuredmedia":[{"embeddable":true,"href":"https:\/\/dirigocoating.pl\/es\/wp-json\/wp\/v2\/media\/9994"}],"wp:attachment":[{"href":"https:\/\/dirigocoating.pl\/es\/wp-json\/wp\/v2\/media?parent=12437"}],"wp:term":[{"taxonomy":"product_brand","embeddable":true,"href":"https:\/\/dirigocoating.pl\/es\/wp-json\/wp\/v2\/product_brand?post=12437"},{"taxonomy":"product_cat","embeddable":true,"href":"https:\/\/dirigocoating.pl\/es\/wp-json\/wp\/v2\/product_cat?post=12437"},{"taxonomy":"product_tag","embeddable":true,"href":"https:\/\/dirigocoating.pl\/es\/wp-json\/wp\/v2\/product_tag?post=12437"}],"curies":[{"name":"wp","href":"https:\/\/api.w.org\/{rel}","templated":true}]}}