{"id":12934,"date":"2025-07-24T10:30:23","date_gmt":"2025-07-24T10:30:23","guid":{"rendered":"https:\/\/dirigocoating.pl\/dodatki-2\/"},"modified":"2025-09-25T07:05:35","modified_gmt":"2025-09-25T07:05:35","slug":"additifs-2","status":"publish","type":"page","link":"https:\/\/dirigocoating.pl\/fr\/additifs-2\/","title":{"rendered":"Additifs"},"content":{"rendered":"\t\t<div data-elementor-type=\"wp-page\" data-elementor-id=\"12934\" class=\"elementor elementor-12934 elementor-7871\">\n\t\t\t\t<div class=\"elementor-element elementor-element-4ec8520 e-flex e-con-boxed e-con e-parent\" data-id=\"4ec8520\" data-element_type=\"container\" data-e-type=\"container\">\n\t\t\t\t\t<div class=\"e-con-inner\">\n\t\t\t\t<div class=\"elementor-element elementor-element-cc659a1 columns-4 columns-tablet-2 columns-mobile-1 elementor-widget elementor-widget-wgl-products-grid\" data-id=\"cc659a1\" data-element_type=\"widget\" data-e-type=\"widget\" data-widget_type=\"wgl-products-grid.default\">\n\t\t\t\t<div class=\"elementor-widget-container\">\n\t\t\t\t\t<section class=\"wgl_cpt_section wgl-products-grid woocommerce\"><div class=\"wgl-woocommerce-sorting\"><\/div><div class=\"wgl-products-catalog wgl-products-wrapper\"><div class=\"wgl-products container-grid fit_rows\"><div class=\"item product type-product post-12558 status-publish first instock product_cat-additifs product_tag-gloss-fr has-post-thumbnail shipping-taxable product-type-simple\"><div class=\"woo_product_inner_wrapper\">            <div class=\"woo_product_image shop_media\">\r\n                <div class=\"picture no_effects\">                        <a class=\"woo_post-link\" href=\"https:\/\/dirigocoating.pl\/fr\/produit\/percotop-cs209-gloss-agent-2k-2\/\"><img decoding=\"async\" src=\"https:\/\/dirigocoating.pl\/wp-content\/uploads\/2025\/07\/cs209-150x150.png\" alt=\"\" \/>                        <\/a>                <\/div>\r\n                <div class=\"wgl_woo_button_wrapper\"><a href=\"https:\/\/dirigocoating.pl\/fr\/produit\/percotop-cs209-gloss-agent-2k-2\/\" aria-describedby=\"woocommerce_loop_add_to_cart_link_describedby_12558\" data-quantity=\"1\" class=\"button product_type_simple with-border\" data-product_id=\"12558\" data-product_sku=\"\" aria-label=\"En savoir plus sur &ldquo;PercoTop CS209 Gloss Agent 2K&rdquo;\" rel=\"nofollow\" data-success_message=\"\">Lire la suite<\/a>\t<span id=\"woocommerce_loop_add_to_cart_link_describedby_12558\" class=\"screen-reader-text\">\n\t\t\t<\/span>\n<\/div>            <\/div><div class=\"woo_product_content\"><h2 class=\"woocommerce-loop-product__title\"><a href=\"https:\/\/dirigocoating.pl\/fr\/produit\/percotop-cs209-gloss-agent-2k-2\/\" class=\"woocommerce-LoopProduct-link woocommerce-loop-product__link\">PercoTop CS209 Gloss Agent 2K<\/a><\/h2>\n<\/div><\/div><\/div><div class=\"item product type-product post-12552 status-publish instock product_cat-additifs has-post-thumbnail shipping-taxable product-type-simple\"><div class=\"woo_product_inner_wrapper\">            <div class=\"woo_product_image shop_media\">\r\n                <div class=\"picture no_effects\">                        <a class=\"woo_post-link\" href=\"https:\/\/dirigocoating.pl\/fr\/produit\/percotop-cs230-high-bake-additive-2\/\"><img decoding=\"async\" src=\"https:\/\/dirigocoating.pl\/wp-content\/uploads\/2025\/07\/cs230-1-150x150.png\" alt=\"\" \/>                        <\/a>                <\/div>\r\n                <div class=\"wgl_woo_button_wrapper\"><a href=\"https:\/\/dirigocoating.pl\/fr\/produit\/percotop-cs230-high-bake-additive-2\/\" aria-describedby=\"woocommerce_loop_add_to_cart_link_describedby_12552\" data-quantity=\"1\" class=\"button product_type_simple with-border\" data-product_id=\"12552\" data-product_sku=\"\" aria-label=\"En savoir plus sur &ldquo;PercoTop CS230 High bake Additive&rdquo;\" rel=\"nofollow\" data-success_message=\"\">Lire la suite<\/a>\t<span id=\"woocommerce_loop_add_to_cart_link_describedby_12552\" class=\"screen-reader-text\">\n\t\t\t<\/span>\n<\/div>            <\/div><div class=\"woo_product_content\"><h2 class=\"woocommerce-loop-product__title\"><a href=\"https:\/\/dirigocoating.pl\/fr\/produit\/percotop-cs230-high-bake-additive-2\/\" class=\"woocommerce-LoopProduct-link woocommerce-loop-product__link\">PercoTop CS230 High bake Additive<\/a><\/h2>\n<\/div><\/div><\/div><div class=\"item product type-product post-12546 status-publish instock product_cat-additifs has-post-thumbnail shipping-taxable product-type-simple\"><div class=\"woo_product_inner_wrapper\">            <div class=\"woo_product_image shop_media\">\r\n                <div class=\"picture no_effects\">                        <a class=\"woo_post-link\" href=\"https:\/\/dirigocoating.pl\/fr\/produit\/percotop-texture-additives-2\/\"><img decoding=\"async\" src=\"https:\/\/dirigocoating.pl\/wp-content\/uploads\/2025\/07\/cs220-1-150x150.png\" alt=\"\" \/>                        <\/a>                <\/div>\r\n                <div class=\"wgl_woo_button_wrapper\"><a href=\"https:\/\/dirigocoating.pl\/fr\/produit\/percotop-texture-additives-2\/\" aria-describedby=\"woocommerce_loop_add_to_cart_link_describedby_12546\" data-quantity=\"1\" class=\"button product_type_simple with-border\" data-product_id=\"12546\" data-product_sku=\"\" aria-label=\"En savoir plus sur &ldquo;PercoTop Texture Additives&rdquo;\" rel=\"nofollow\" data-success_message=\"\">Lire la suite<\/a>\t<span id=\"woocommerce_loop_add_to_cart_link_describedby_12546\" class=\"screen-reader-text\">\n\t\t\t<\/span>\n<\/div>            <\/div><div class=\"woo_product_content\"><h2 class=\"woocommerce-loop-product__title\"><a href=\"https:\/\/dirigocoating.pl\/fr\/produit\/percotop-texture-additives-2\/\" class=\"woocommerce-LoopProduct-link woocommerce-loop-product__link\">PercoTop Texture Additives<\/a><\/h2>\n<\/div><\/div><\/div><div class=\"item product type-product post-12631 status-publish last instock product_cat-additifs has-post-thumbnail shipping-taxable product-type-simple\"><div class=\"woo_product_inner_wrapper\">            <div class=\"woo_product_image shop_media\">\r\n                <div class=\"picture no_effects\">                        <a class=\"woo_post-link\" href=\"https:\/\/dirigocoating.pl\/fr\/produit\/percotop-cs215-drying-accelerator-2\/\"><img decoding=\"async\" src=\"https:\/\/dirigocoating.pl\/wp-content\/uploads\/2025\/07\/KPM-1-13343-39543-3626_mid-150x150.jpg\" alt=\"\" \/>                        <\/a>                <\/div>\r\n                <div class=\"wgl_woo_button_wrapper\"><a href=\"https:\/\/dirigocoating.pl\/fr\/produit\/percotop-cs215-drying-accelerator-2\/\" aria-describedby=\"woocommerce_loop_add_to_cart_link_describedby_12631\" data-quantity=\"1\" class=\"button product_type_simple with-border\" data-product_id=\"12631\" data-product_sku=\"\" aria-label=\"En savoir plus sur &ldquo;PercoTop CS215 Drying Accelerator&rdquo;\" rel=\"nofollow\" data-success_message=\"\">Lire la suite<\/a>\t<span id=\"woocommerce_loop_add_to_cart_link_describedby_12631\" class=\"screen-reader-text\">\n\t\t\t<\/span>\n<\/div>            <\/div><div class=\"woo_product_content\"><h2 class=\"woocommerce-loop-product__title\"><a href=\"https:\/\/dirigocoating.pl\/fr\/produit\/percotop-cs215-drying-accelerator-2\/\" class=\"woocommerce-LoopProduct-link woocommerce-loop-product__link\">PercoTop CS215 Drying Accelerator<\/a><\/h2>\n<\/div><\/div><\/div><div class=\"item product type-product post-12629 status-publish first instock product_cat-additifs has-post-thumbnail shipping-taxable product-type-simple\"><div class=\"woo_product_inner_wrapper\">            <div class=\"woo_product_image shop_media\">\r\n                <div class=\"picture no_effects\">                        <a class=\"woo_post-link\" href=\"https:\/\/dirigocoating.pl\/fr\/produit\/percotop-cs214-multitoning-additive-2\/\"><img decoding=\"async\" src=\"https:\/\/dirigocoating.pl\/wp-content\/uploads\/2025\/07\/CS214_1-L_mid-150x150.jpg\" alt=\"\" \/>                        <\/a>                <\/div>\r\n                <div class=\"wgl_woo_button_wrapper\"><a href=\"https:\/\/dirigocoating.pl\/fr\/produit\/percotop-cs214-multitoning-additive-2\/\" aria-describedby=\"woocommerce_loop_add_to_cart_link_describedby_12629\" data-quantity=\"1\" class=\"button product_type_simple with-border\" data-product_id=\"12629\" data-product_sku=\"\" aria-label=\"En savoir plus sur &ldquo;PercoTop CS214 Multitoning Additive&rdquo;\" rel=\"nofollow\" data-success_message=\"\">Lire la suite<\/a>\t<span id=\"woocommerce_loop_add_to_cart_link_describedby_12629\" class=\"screen-reader-text\">\n\t\t\t<\/span>\n<\/div>            <\/div><div class=\"woo_product_content\"><h2 class=\"woocommerce-loop-product__title\"><a href=\"https:\/\/dirigocoating.pl\/fr\/produit\/percotop-cs214-multitoning-additive-2\/\" class=\"woocommerce-LoopProduct-link woocommerce-loop-product__link\">PercoTop CS214 Multitoning Additive<\/a><\/h2>\n<\/div><\/div><\/div><div class=\"item product type-product post-12623 status-publish instock product_cat-additifs has-post-thumbnail shipping-taxable product-type-simple\"><div class=\"woo_product_inner_wrapper\">            <div class=\"woo_product_image shop_media\">\r\n                <div class=\"picture no_effects\">                        <a class=\"woo_post-link\" href=\"https:\/\/dirigocoating.pl\/fr\/produit\/percotop-cs213-anti-silicone-additive-2\/\"><img decoding=\"async\" src=\"https:\/\/dirigocoating.pl\/wp-content\/uploads\/2025\/07\/CS213_1-L_mid-150x150.jpg\" alt=\"\" \/>                        <\/a>                <\/div>\r\n                <div class=\"wgl_woo_button_wrapper\"><a href=\"https:\/\/dirigocoating.pl\/fr\/produit\/percotop-cs213-anti-silicone-additive-2\/\" aria-describedby=\"woocommerce_loop_add_to_cart_link_describedby_12623\" data-quantity=\"1\" class=\"button product_type_simple with-border\" data-product_id=\"12623\" data-product_sku=\"\" aria-label=\"En savoir plus sur &ldquo;PercoTop CS213 Anti Silicone Additive&rdquo;\" rel=\"nofollow\" data-success_message=\"\">Lire la suite<\/a>\t<span id=\"woocommerce_loop_add_to_cart_link_describedby_12623\" class=\"screen-reader-text\">\n\t\t\t<\/span>\n<\/div>            <\/div><div class=\"woo_product_content\"><h2 class=\"woocommerce-loop-product__title\"><a href=\"https:\/\/dirigocoating.pl\/fr\/produit\/percotop-cs213-anti-silicone-additive-2\/\" class=\"woocommerce-LoopProduct-link woocommerce-loop-product__link\">PercoTop CS213 Anti Silicone Additive<\/a><\/h2>\n<\/div><\/div><\/div><div class=\"item product type-product post-12619 status-publish instock product_cat-additifs has-post-thumbnail shipping-taxable product-type-simple\"><div class=\"woo_product_inner_wrapper\">            <div class=\"woo_product_image shop_media\">\r\n                <div class=\"picture no_effects\">                        <a class=\"woo_post-link\" href=\"https:\/\/dirigocoating.pl\/fr\/produit\/percotop-cs212-sikkativ-376-2\/\"><img decoding=\"async\" src=\"https:\/\/dirigocoating.pl\/wp-content\/uploads\/2025\/07\/KPM-1-35167-125855-24886_mid_480_0_300_RGB-150x150.jpg\" alt=\"\" \/>                        <\/a>                <\/div>\r\n                <div class=\"wgl_woo_button_wrapper\"><a href=\"https:\/\/dirigocoating.pl\/fr\/produit\/percotop-cs212-sikkativ-376-2\/\" aria-describedby=\"woocommerce_loop_add_to_cart_link_describedby_12619\" data-quantity=\"1\" class=\"button product_type_simple with-border\" data-product_id=\"12619\" data-product_sku=\"\" aria-label=\"En savoir plus sur &ldquo;PercoTop CS212 Sikkativ 376&rdquo;\" rel=\"nofollow\" data-success_message=\"\">Lire la suite<\/a>\t<span id=\"woocommerce_loop_add_to_cart_link_describedby_12619\" class=\"screen-reader-text\">\n\t\t\t<\/span>\n<\/div>            <\/div><div class=\"woo_product_content\"><h2 class=\"woocommerce-loop-product__title\"><a href=\"https:\/\/dirigocoating.pl\/fr\/produit\/percotop-cs212-sikkativ-376-2\/\" class=\"woocommerce-LoopProduct-link woocommerce-loop-product__link\">PercoTop CS212 Sikkativ 376<\/a><\/h2>\n<\/div><\/div><\/div><div class=\"item product type-product post-12615 status-publish last instock product_cat-additifs has-post-thumbnail shipping-taxable product-type-simple\"><div class=\"woo_product_inner_wrapper\">            <div class=\"woo_product_image shop_media\">\r\n                <div class=\"picture no_effects\">                        <a class=\"woo_post-link\" href=\"https:\/\/dirigocoating.pl\/fr\/produit\/percotop-cs211-brush-n-roll-additive-2\/\"><img decoding=\"async\" src=\"https:\/\/dirigocoating.pl\/wp-content\/uploads\/2025\/07\/CS211_1-L_mid-150x150.jpg\" alt=\"\" \/>                        <\/a>                <\/div>\r\n                <div class=\"wgl_woo_button_wrapper\"><a href=\"https:\/\/dirigocoating.pl\/fr\/produit\/percotop-cs211-brush-n-roll-additive-2\/\" aria-describedby=\"woocommerce_loop_add_to_cart_link_describedby_12615\" data-quantity=\"1\" class=\"button product_type_simple with-border\" data-product_id=\"12615\" data-product_sku=\"\" aria-label=\"En savoir plus sur &ldquo;PercoTop CS211 Brush &#039;n&#039; Roll Additive&rdquo;\" rel=\"nofollow\" data-success_message=\"\">Lire la suite<\/a>\t<span id=\"woocommerce_loop_add_to_cart_link_describedby_12615\" class=\"screen-reader-text\">\n\t\t\t<\/span>\n<\/div>            <\/div><div class=\"woo_product_content\"><h2 class=\"woocommerce-loop-product__title\"><a href=\"https:\/\/dirigocoating.pl\/fr\/produit\/percotop-cs211-brush-n-roll-additive-2\/\" class=\"woocommerce-LoopProduct-link woocommerce-loop-product__link\">PercoTop CS211 Brush &lsquo;n&rsquo; Roll Additive<\/a><\/h2>\n<\/div><\/div><\/div><div class=\"item product type-product post-12611 status-publish first instock product_cat-additifs has-post-thumbnail shipping-taxable product-type-simple\"><div class=\"woo_product_inner_wrapper\">            <div class=\"woo_product_image shop_media\">\r\n                <div class=\"picture no_effects\">                        <a class=\"woo_post-link\" href=\"https:\/\/dirigocoating.pl\/fr\/produit\/percotop-cs210-elastic-additive-2\/\"><img decoding=\"async\" src=\"https:\/\/dirigocoating.pl\/wp-content\/uploads\/2025\/07\/CS210_1-L_mid-150x150.jpg\" alt=\"\" \/>                        <\/a>                <\/div>\r\n                <div class=\"wgl_woo_button_wrapper\"><a href=\"https:\/\/dirigocoating.pl\/fr\/produit\/percotop-cs210-elastic-additive-2\/\" aria-describedby=\"woocommerce_loop_add_to_cart_link_describedby_12611\" data-quantity=\"1\" class=\"button product_type_simple with-border\" data-product_id=\"12611\" data-product_sku=\"\" aria-label=\"En savoir plus sur &ldquo;PercoTop CS210 Elastic Additive&rdquo;\" rel=\"nofollow\" data-success_message=\"\">Lire la suite<\/a>\t<span id=\"woocommerce_loop_add_to_cart_link_describedby_12611\" class=\"screen-reader-text\">\n\t\t\t<\/span>\n<\/div>            <\/div><div class=\"woo_product_content\"><h2 class=\"woocommerce-loop-product__title\"><a href=\"https:\/\/dirigocoating.pl\/fr\/produit\/percotop-cs210-elastic-additive-2\/\" class=\"woocommerce-LoopProduct-link woocommerce-loop-product__link\">PercoTop CS210 Elastic Additive<\/a><\/h2>\n<\/div><\/div><\/div><\/div><\/div><\/section>\t\t\t\t<\/div>\n\t\t\t\t<\/div>\n\t\t\t\t\t<\/div>\n\t\t\t\t<\/div>\n\t\t\t\t<\/div>\n\t\t","protected":false},"excerpt":{"rendered":"<p>Dowiedz si\u0119 wi\u0119cej PercoTop CS209 Gloss Agent 2K Dowiedz si\u0119 wi\u0119cej PercoTop CS230 High bake Additive Dowiedz si\u0119 wi\u0119cej PercoTop Texture Additives Dowiedz si\u0119 wi\u0119cej PercoTop CS215 Drying Accelerator Dowiedz si\u0119 wi\u0119cej PercoTop CS214 Multitoning Additive Dowiedz si\u0119 wi\u0119cej PercoTop CS213 Anti Silicone Additive Dowiedz si\u0119 wi\u0119cej PercoTop CS212 Sikkativ 376 Dowiedz si\u0119 wi\u0119cej PercoTop [&hellip;]<\/p>\n","protected":false},"author":1,"featured_media":0,"parent":0,"menu_order":0,"comment_status":"closed","ping_status":"closed","template":"","meta":{"footnotes":""},"class_list":["post-12934","page","type-page","status-publish","hentry"],"_links":{"self":[{"href":"https:\/\/dirigocoating.pl\/fr\/wp-json\/wp\/v2\/pages\/12934"}],"collection":[{"href":"https:\/\/dirigocoating.pl\/fr\/wp-json\/wp\/v2\/pages"}],"about":[{"href":"https:\/\/dirigocoating.pl\/fr\/wp-json\/wp\/v2\/types\/page"}],"author":[{"embeddable":true,"href":"https:\/\/dirigocoating.pl\/fr\/wp-json\/wp\/v2\/users\/1"}],"replies":[{"embeddable":true,"href":"https:\/\/dirigocoating.pl\/fr\/wp-json\/wp\/v2\/comments?post=12934"}],"version-history":[{"count":2,"href":"https:\/\/dirigocoating.pl\/fr\/wp-json\/wp\/v2\/pages\/12934\/revisions"}],"predecessor-version":[{"id":13071,"href":"https:\/\/dirigocoating.pl\/fr\/wp-json\/wp\/v2\/pages\/12934\/revisions\/13071"}],"wp:attachment":[{"href":"https:\/\/dirigocoating.pl\/fr\/wp-json\/wp\/v2\/media?parent=12934"}],"curies":[{"name":"wp","href":"https:\/\/api.w.org\/{rel}","templated":true}]}}