{"id":13036,"date":"2025-06-03T08:29:26","date_gmt":"2025-06-03T08:29:26","guid":{"rendered":"https:\/\/dirigocoating.pl\/non-paint-2\/"},"modified":"2025-10-10T08:17:31","modified_gmt":"2025-10-10T08:17:31","slug":"non-paint-2","status":"publish","type":"page","link":"https:\/\/dirigocoating.pl\/fr\/non-paint-2\/","title":{"rendered":"Non paint"},"content":{"rendered":"\t\t<div data-elementor-type=\"wp-page\" data-elementor-id=\"13036\" class=\"elementor elementor-13036 elementor-6147\">\n\t\t\t\t\t\t<section class=\"elementor-section elementor-top-section elementor-element elementor-element-2cd3551 elementor-section-boxed elementor-section-height-default elementor-section-height-default\" data-id=\"2cd3551\" data-element_type=\"section\" data-e-type=\"section\">\n\t\t\t\t\t\t<div class=\"elementor-container elementor-column-gap-default\">\n\t\t\t\t\t<div class=\"elementor-column elementor-col-100 elementor-top-column elementor-element elementor-element-8c46b0d\" data-id=\"8c46b0d\" data-element_type=\"column\" data-e-type=\"column\">\n\t\t\t<div class=\"elementor-widget-wrap elementor-element-populated\">\n\t\t\t\t\t\t<div class=\"elementor-element elementor-element-12faeaa acenter divider_yes elementor-widget elementor-widget-wgl-double-heading\" data-id=\"12faeaa\" data-element_type=\"widget\" data-e-type=\"widget\" data-widget_type=\"wgl-double-heading.default\">\n\t\t\t\t<div class=\"elementor-widget-container\">\n\t\t\t\t\t<div class=\"wgl-double-heading\"><h3 class=\"dblh__title-wrapper\"><span class=\"dblh__divider\"><\/span><span class=\"dblh__title dblh__title-1\">Mat\u00e9riaux <\/span><span class=\"dblh__title dblh__title-2\">Non paint<\/span><\/h3><\/div>\t\t\t\t<\/div>\n\t\t\t\t<\/div>\n\t\t\t\t<div class=\"elementor-element elementor-element-8e0d2e2 elementor-widget__width-initial elementor-widget elementor-widget-text-editor\" data-id=\"8e0d2e2\" data-element_type=\"widget\" data-e-type=\"widget\" data-widget_type=\"text-editor.default\">\n\t\t\t\t<div class=\"elementor-widget-container\">\n\t\t\t\t\t\t\t\t\t<p>L&rsquo;offre non-paint est un compl\u00e9ment indispensable \u00e0 tout processus de peinturage professionnel. Elle comprend des mat\u00e9riaux auxiliaires tels que des produits de nettoyage, d\u00e9graissants, mat\u00e9riaux de masquage, abrasifs, rubans, films ou \u00e9quipements de protection individuelle. Ce sont pr\u00e9cis\u00e9ment eux qui d\u00e9terminent la pr\u00e9paration efficace de la surface, la qualit\u00e9 de la finition et la s\u00e9curit\u00e9 au travail. Nos produits non-paint sont soigneusement s\u00e9lectionn\u00e9s pour leur fiabilit\u00e9, leur compatibilit\u00e9 avec les syst\u00e8mes de peinture et leur efficacit\u00e9 au quotidien.   <\/p>\t\t\t\t\t\t\t\t<\/div>\n\t\t\t\t<\/div>\n\t\t\t\t\t<\/div>\n\t\t<\/div>\n\t\t\t\t\t<\/div>\n\t\t<\/section>\n\t\t<div class=\"elementor-element elementor-element-a0c5652 e-flex e-con-boxed e-con e-parent\" data-id=\"a0c5652\" data-element_type=\"container\" data-e-type=\"container\">\n\t\t\t\t\t<div class=\"e-con-inner\">\n\t\t\t\t<div class=\"elementor-element elementor-element-0dd8701 elementor-widget elementor-widget-image\" data-id=\"0dd8701\" data-element_type=\"widget\" data-e-type=\"widget\" data-widget_type=\"image.default\">\n\t\t\t\t<div class=\"elementor-widget-container\">\n\t\t\t\t\t\t\t\t\t\t\t\t\t\t\t<img fetchpriority=\"high\" decoding=\"async\" width=\"705\" height=\"441\" src=\"https:\/\/dirigocoating.pl\/wp-content\/uploads\/2025\/06\/Bez-nazwy-940-x-588-px.png\" class=\"attachment-full size-full wp-image-10631\" alt=\"\" srcset=\"https:\/\/dirigocoating.pl\/wp-content\/uploads\/2025\/06\/Bez-nazwy-940-x-588-px.png 705w, https:\/\/dirigocoating.pl\/wp-content\/uploads\/2025\/06\/Bez-nazwy-940-x-588-px-300x188.png 300w\" sizes=\"(max-width: 705px) 100vw, 705px\" \/>\t\t\t\t\t\t\t\t\t\t\t\t\t\t\t<\/div>\n\t\t\t\t<\/div>\n\t\t\t\t\t<\/div>\n\t\t\t\t<\/div>\n\t\t<div class=\"elementor-element elementor-element-a74a250 e-flex e-con-boxed e-con e-parent\" data-id=\"a74a250\" data-element_type=\"container\" data-e-type=\"container\">\n\t\t\t\t\t<div class=\"e-con-inner\">\n\t\t\t\t<div class=\"elementor-element elementor-element-166ce71 e-n-tabs-mobile elementor-widget elementor-widget-n-tabs\" data-id=\"166ce71\" data-element_type=\"widget\" data-e-type=\"widget\" data-settings=\"{&quot;horizontal_scroll&quot;:&quot;disable&quot;}\" data-widget_type=\"nested-tabs.default\">\n\t\t\t\t<div class=\"elementor-widget-container\">\n\t\t\t\t\t\t\t<div class=\"e-n-tabs\" data-widget-number=\"23514737\" aria-label=\"Onglets. Ouvrez des \u00e9l\u00e9ments avec Entrer ou Espace, fermez-les avec Echape et naviguez \u00e0 l&#039;aide des touches fl\u00e9ch\u00e9es.\">\n\t\t\t<div class=\"e-n-tabs-heading\" role=\"tablist\">\n\t\t\t\t\t<button id=\"e-n-tab-title-235147371\" data-tab-title-id=\"e-n-tab-title-235147371\" class=\"e-n-tab-title\" aria-selected=\"true\" data-tab-index=\"1\" role=\"tab\" tabindex=\"0\" aria-controls=\"e-n-tab-content-235147371\" style=\"--n-tabs-title-order: 1;\">\n\t\t\t\t\t\t<span class=\"e-n-tab-title-text\">\n\t\t\t\tOutils et accessoires pour le pon\u00e7age\t\t\t<\/span>\n\t\t<\/button>\n\t\t\t\t<button id=\"e-n-tab-title-235147372\" data-tab-title-id=\"e-n-tab-title-235147372\" class=\"e-n-tab-title\" aria-selected=\"false\" data-tab-index=\"2\" role=\"tab\" tabindex=\"-1\" aria-controls=\"e-n-tab-content-235147372\" style=\"--n-tabs-title-order: 2;\">\n\t\t\t\t\t\t<span class=\"e-n-tab-title-text\">\n\t\t\t\tPapier abrasif et disques de pon\u00e7age\t\t\t<\/span>\n\t\t<\/button>\n\t\t\t\t<button id=\"e-n-tab-title-235147373\" data-tab-title-id=\"e-n-tab-title-235147373\" class=\"e-n-tab-title\" aria-selected=\"false\" data-tab-index=\"3\" role=\"tab\" tabindex=\"-1\" aria-controls=\"e-n-tab-content-235147373\" style=\"--n-tabs-title-order: 3;\">\n\t\t\t\t\t\t<span class=\"e-n-tab-title-text\">\n\t\t\t\tPapier abrasif sur \u00e9ponge\t\t\t<\/span>\n\t\t<\/button>\n\t\t\t\t<button id=\"e-n-tab-title-235147374\" data-tab-title-id=\"e-n-tab-title-235147374\" class=\"e-n-tab-title\" aria-selected=\"false\" data-tab-index=\"4\" role=\"tab\" tabindex=\"-1\" aria-controls=\"e-n-tab-content-235147374\" style=\"--n-tabs-title-order: 4;\">\n\t\t\t\t\t\t<span class=\"e-n-tab-title-text\">\n\t\t\t\tFeuilles abrasives manuelles\t\t\t<\/span>\n\t\t<\/button>\n\t\t\t\t<button id=\"e-n-tab-title-235147375\" data-tab-title-id=\"e-n-tab-title-235147375\" class=\"e-n-tab-title\" aria-selected=\"false\" data-tab-index=\"5\" role=\"tab\" tabindex=\"-1\" aria-controls=\"e-n-tab-content-235147375\" style=\"--n-tabs-title-order: 5;\">\n\t\t\t\t\t\t<span class=\"e-n-tab-title-text\">\n\t\t\t\tAccessoires pour la peinture\t\t\t<\/span>\n\t\t<\/button>\n\t\t\t\t<button id=\"e-n-tab-title-235147376\" data-tab-title-id=\"e-n-tab-title-235147376\" class=\"e-n-tab-title\" aria-selected=\"false\" data-tab-index=\"6\" role=\"tab\" tabindex=\"-1\" aria-controls=\"e-n-tab-content-235147376\" style=\"--n-tabs-title-order: 6;\">\n\t\t\t\t\t\t<span class=\"e-n-tab-title-text\">\n\t\t\t\tProduits de nettoyage et de protection\t\t\t<\/span>\n\t\t<\/button>\n\t\t\t\t<button id=\"e-n-tab-title-235147377\" data-tab-title-id=\"e-n-tab-title-235147377\" class=\"e-n-tab-title\" aria-selected=\"false\" data-tab-index=\"7\" role=\"tab\" tabindex=\"-1\" aria-controls=\"e-n-tab-content-235147377\" style=\"--n-tabs-title-order: 7;\">\n\t\t\t\t\t\t<span class=\"e-n-tab-title-text\">\n\t\t\t\tV\u00eatements et gants\t\t\t<\/span>\n\t\t<\/button>\n\t\t\t\t<button id=\"e-n-tab-title-235147378\" data-tab-title-id=\"e-n-tab-title-235147378\" class=\"e-n-tab-title\" aria-selected=\"false\" data-tab-index=\"8\" role=\"tab\" tabindex=\"-1\" aria-controls=\"e-n-tab-content-235147378\" style=\"--n-tabs-title-order: 8;\">\n\t\t\t\t\t\t<span class=\"e-n-tab-title-text\">\n\t\t\t\tAdh\u00e9sifs\t\t\t<\/span>\n\t\t<\/button>\n\t\t\t\t\t<\/div>\n\t\t\t<div class=\"e-n-tabs-content\">\n\t\t\t\t<div id=\"e-n-tab-content-235147371\" role=\"tabpanel\" aria-labelledby=\"e-n-tab-title-235147371\" data-tab-index=\"1\" style=\"--n-tabs-title-order: 1;\" class=\"e-active elementor-element elementor-element-711b773 e-flex e-con-boxed e-con e-child\" data-id=\"711b773\" data-element_type=\"container\" data-e-type=\"container\">\n\t\t\t\t\t<div class=\"e-con-inner\">\n\t\t\t\t<div class=\"elementor-element elementor-element-9e76432 elementor-widget elementor-widget-text-editor\" data-id=\"9e76432\" data-element_type=\"widget\" data-e-type=\"widget\" data-widget_type=\"text-editor.default\">\n\t\t\t\t<div class=\"elementor-widget-container\">\n\t\t\t\t\t\t\t\t\t<ul>\n<li>\n<p class=\"ds-markdown-paragraph\">MA004 NORTON PNEUM. ORBIT SANDER 150X2.5 <\/p>\n<\/li>\n<li>\n<p class=\"ds-markdown-paragraph\">MA004 NORTON PNEUM. ORBIT SANDER 150X5.0 <\/p>\n<\/li>\n<li>\n<p class=\"ds-markdown-paragraph\">DISQUE DE PON\u00c7AGE M\u00c9TAL 27 125&#215;6,4&#215;22,23 STARLINE<\/p>\n<\/li>\n<li>\n<p class=\"ds-markdown-paragraph\">Disque interm\u00e9diaire Self-Grip INTERFAC MOUSSE 9T+6T 150<\/p>\n<\/li>\n<\/ul>\t\t\t\t\t\t\t\t<\/div>\n\t\t\t\t<\/div>\n\t\t\t\t\t<\/div>\n\t\t\t\t<\/div>\n\t\t<div id=\"e-n-tab-content-235147372\" role=\"tabpanel\" aria-labelledby=\"e-n-tab-title-235147372\" data-tab-index=\"2\" style=\"--n-tabs-title-order: 2;\" class=\" elementor-element elementor-element-b320e40 e-con-full e-flex e-con e-child\" data-id=\"b320e40\" data-element_type=\"container\" data-e-type=\"container\">\n\t\t\t\t<div class=\"elementor-element elementor-element-af9e901 elementor-widget elementor-widget-text-editor\" data-id=\"af9e901\" data-element_type=\"widget\" data-e-type=\"widget\" data-widget_type=\"text-editor.default\">\n\t\t\t\t<div class=\"elementor-widget-container\">\n\t\t\t\t\t\t\t\t\t<h3> <\/h3>\n<ul>\n<li>\n<p class=\"ds-markdown-paragraph\">A975 P80 DSC DP 150&#215;18 A975 NOR P80 VL1 14H &#8211; 1100 pcs dans 1 emballage<\/p>\n<\/li>\n<li>\n<p class=\"ds-markdown-paragraph\">A975 P120 DSC DP 150&#215;18 A975 NOR P120 VL1 14H<\/p>\n<\/li>\n<li>\n<p class=\"ds-markdown-paragraph\">A975 P150 DSC DP 150&#215;18 A975 NOR P150 VL1 14H<\/p>\n<\/li>\n<li>\n<p class=\"ds-markdown-paragraph\">A975 P180 DSC DP 150&#215;18 A975 NOR P180 VL1 14H<\/p>\n<\/li>\n<li>\n<p class=\"ds-markdown-paragraph\">A975 P220 DSC DP 150&#215;18 A975 NOR P220 VL1 14H<\/p>\n<\/li>\n<li>\n<p class=\"ds-markdown-paragraph\">A975 P240 DSC DP 150&#215;18 A975 NOR P240 VL1 14H<\/p>\n<\/li>\n<li>\n<p class=\"ds-markdown-paragraph\">A975 P280 DSC DP 150&#215;18 A975 NOR P280 VL1 14H<\/p>\n<\/li>\n<li>\n<p class=\"ds-markdown-paragraph\">A975 P320 DSC DP 150&#215;18 A975 NOR P320 VL1 14H &#8211;<\/p>\n<\/li>\n<li>\n<p class=\"ds-markdown-paragraph\">A975 P400 DSC DP 150&#215;18 A975 NOR P400 VL1 14H<\/p>\n<\/li>\n<li>\n<p class=\"ds-markdown-paragraph\">A275 P80 DSC DP 150X18 NOR VL1 14H EU<\/p>\n<\/li>\n<li>\n<p class=\"ds-markdown-paragraph\">A275 P120 DSC DP 150X18 NOR VL1 14H EU<\/p>\n<\/li>\n<li>\n<p class=\"ds-markdown-paragraph\">A275 P150 DSC DP 150X18 NOR VL1 14H EU<\/p>\n<\/li>\n<li>\n<p class=\"ds-markdown-paragraph\">A275 P180 DSC DP 150X18 NOR VL1 14H EU<\/p>\n<\/li>\n<li>\n<p class=\"ds-markdown-paragraph\">A275 P220 DSC DP 150X18 NOR VL1 14H EU &#8211;<\/p>\n<\/li>\n<li>\n<p class=\"ds-markdown-paragraph\">A275 P240 DSC DP 150X18 NOR VL1 14H EU &#8211;<\/p>\n<\/li>\n<li>\n<p class=\"ds-markdown-paragraph\">A275 P280 DSC DP 150X18 NOR VL1 14H EU<\/p>\n<\/li>\n<li>\n<p class=\"ds-markdown-paragraph\">A275 P320 DSC DP 150X18 NOR VL1 14H EU &#8211;<\/p>\n<\/li>\n<li>\n<p class=\"ds-markdown-paragraph\">A275 P400 DSC DP 150X18 NOR VL1 14H EU &#8211;<\/p>\n<\/li>\n<li>\n<p class=\"ds-markdown-paragraph\">Q275 P800 DSC DP 150X18 NOR VL1 14H EU &#8211;<\/p>\n<\/li>\n<li>\n<p class=\"ds-markdown-paragraph\">Q275 P1000 DSC DP 150X18 NOR VL1 14H EU &#8211;<\/p>\n<\/li>\n<li>\n<p class=\"ds-markdown-paragraph\">Q275 P1200 DSC DP 150X18 NOR VL1 14H EU<\/p>\n<\/li>\n<li>\n<p class=\"ds-markdown-paragraph\">Q275 P1500 DSC DP 150X18 NOR VL1 14H EU<\/p>\n<\/li>\n<li>\n<p class=\"ds-markdown-paragraph\">DSC DP 150&#215;18 A995 NOR P80 VL1 MA EU<\/p>\n<\/li>\n<li>\n<p class=\"ds-markdown-paragraph\">DSC DP 150&#215;18 A995 NOR P150 VL1 MA EU<\/p>\n<\/li>\n<li>\n<p class=\"ds-markdown-paragraph\">DSC DP 150&#215;18 A995 NOR P180 VL1 MA EU<\/p>\n<\/li>\n<li>\n<p class=\"ds-markdown-paragraph\">DSC DP 150&#215;18 A995 NOR P220 VL1 MA EU<\/p>\n<\/li>\n<li>\n<p class=\"ds-markdown-paragraph\">DSC DP 150&#215;18 A995 NOR P320 VL1 MA EU<\/p>\n<\/li>\n<li>\n<p class=\"ds-markdown-paragraph\">DSC DP 150X18 A293 NOR P80 VL1 14H EU<\/p>\n<\/li>\n<li>\n<p class=\"ds-markdown-paragraph\">DSC DP 150X18 A293 NOR P120 VL1 14H EU<\/p>\n<\/li>\n<li>\n<p class=\"ds-markdown-paragraph\">DSC DP 150X18 A293 NOR P180 VL1 14H EU<\/p>\n<\/li>\n<li>\n<p class=\"ds-markdown-paragraph\">DSC DP 150X18 A293 NOR P240 VL1 14H EU<\/p>\n<\/li>\n<li>\n<p class=\"ds-markdown-paragraph\">DSC DP 150X18 A293 NOR P320 VL1 14H EU<\/p>\n<\/li>\n<li>\n<p class=\"ds-markdown-paragraph\">DSC DP 150X18 A293 NOR P400 VL1 14H EU<\/p>\n<\/li>\n<li>\n<p class=\"ds-markdown-paragraph\">DSC DP 203X0 A275 NOR P80 VL1 8H-<\/p>\n<\/li>\n<li>\n<p class=\"ds-markdown-paragraph\">DSC DP 203X0 A275 NOR P120 VL1 8H<\/p>\n<\/li>\n<li>\n<p class=\"ds-markdown-paragraph\">DSC DP 203X0 A275 NOR P180 VL1 8H<\/p>\n<\/li>\n<li>\n<p class=\"ds-markdown-paragraph\">DSC DP 203X0 A275 NOR P240 VL1 8H<\/p>\n<\/li>\n<li>\n<p class=\"ds-markdown-paragraph\">Audurra P80 All-round Sanding Disc, \u00d8 150 mm, 21-holes<\/p>\n<\/li>\n<li>\n<p class=\"ds-markdown-paragraph\">Audurra P120 All-round Sanding Disc, \u00d8 150 mm, 21-holes<\/p>\n<\/li>\n<li>\n<p class=\"ds-markdown-paragraph\">Audurra P180 Allround Sanding Disc, \u00d8 150 mm, 21-holes<\/p>\n<\/li>\n<li>\n<p class=\"ds-markdown-paragraph\">Audurra P220 All-round Sanding Disc, \u00d8 150 mm, 21-holes<\/p>\n<\/li>\n<li>\n<p class=\"ds-markdown-paragraph\">Audurra P320 All-round Sanding Disc, \u00d8 150 mm, 21-holes<\/p>\n<\/li>\n<li>\n<p class=\"ds-markdown-paragraph\">Audurra P400 All-round Sanding Disc, \u00d8 150 mm, 21-holes<\/p>\n<\/li>\n<li>\n<p class=\"ds-markdown-paragraph\">Audurra P500 All-round Sanding Disc, \u00d8 150 mm, 21-holes<\/p>\n<\/li>\n<li>\n<p class=\"ds-markdown-paragraph\">Audurra Premium A Multihole Disc 150mm<\/p>\n<\/li>\n<li>\n<p class=\"ds-markdown-paragraph\">Audurra Premium D Multihole Disc 150mm<\/p>\n<\/li>\n<li>\n<p class=\"ds-markdown-paragraph\">Audurra Fine Finishing Disc 150mm P1000<\/p>\n<\/li>\n<li>\n<p class=\"ds-markdown-paragraph\">Audurra Premium A MH Sanding Stripes perforated, 400&#215;70 mm<\/p>\n<\/li>\n<li>\n<p class=\"ds-markdown-paragraph\">Audurra Premium B MH Sanding Stripes perforated, 400&#215;70 mm<\/p>\n<\/li>\n<\/ul>\t\t\t\t\t\t\t\t<\/div>\n\t\t\t\t<\/div>\n\t\t\t\t<\/div>\n\t\t<div id=\"e-n-tab-content-235147373\" role=\"tabpanel\" aria-labelledby=\"e-n-tab-title-235147373\" data-tab-index=\"3\" style=\"--n-tabs-title-order: 3;\" class=\" elementor-element elementor-element-49dc2bd e-con-full e-flex e-con e-child\" data-id=\"49dc2bd\" data-element_type=\"container\" data-e-type=\"container\">\n\t\t\t\t<div class=\"elementor-element elementor-element-0fcba18 elementor-widget elementor-widget-text-editor\" data-id=\"0fcba18\" data-element_type=\"widget\" data-e-type=\"widget\" data-widget_type=\"text-editor.default\">\n\t\t\t\t<div class=\"elementor-widget-container\">\n\t\t\t\t\t\t\t\t\t<ul>\n<li>\n<p class=\"ds-markdown-paragraph\">Papier abrasif sur \u00e9ponge NORTON 115mm x 25m A275 GRANULOM\u00c9TRIE P800<\/p>\n<\/li>\n<li>\n<p class=\"ds-markdown-paragraph\">Papier abrasif sur \u00e9ponge NORTON 115mm x 25m A275 GRANULOM\u00c9TRIE P180<\/p>\n<\/li>\n<li>\n<p class=\"ds-markdown-paragraph\">Papier abrasif sur \u00e9ponge NORTON 115mm x 25m GRANULOM\u00c9TRIE P240<\/p>\n<\/li>\n<li>\n<p class=\"ds-markdown-paragraph\">Audurra Soft-Roll perforated, 115mm x 25m, D \/ Papier abrasif sur \u00e9ponge<\/p>\n<\/li>\n<li>\n<p class=\"ds-markdown-paragraph\">Audurra Soft-Roll perforated, 115mm x 25m, C \/Papier abrasif sur \u00e9ponge<\/p>\n<\/li>\n<\/ul>\t\t\t\t\t\t\t\t<\/div>\n\t\t\t\t<\/div>\n\t\t\t\t<\/div>\n\t\t<div id=\"e-n-tab-content-235147374\" role=\"tabpanel\" aria-labelledby=\"e-n-tab-title-235147374\" data-tab-index=\"4\" style=\"--n-tabs-title-order: 4;\" class=\" elementor-element elementor-element-5cf69f4 e-con-full e-flex e-con e-child\" data-id=\"5cf69f4\" data-element_type=\"container\" data-e-type=\"container\">\n\t\t\t\t<div class=\"elementor-element elementor-element-822e286 elementor-widget elementor-widget-text-editor\" data-id=\"822e286\" data-element_type=\"widget\" data-e-type=\"widget\" data-widget_type=\"text-editor.default\">\n\t\t\t\t<div class=\"elementor-widget-container\">\n\t\t\t\t\t\t\t\t\t<ul>\n<li>\n<p class=\"ds-markdown-paragraph\">BEARTEX FEUILLES MANUELLES COUP\u00c9ES 150&#215;230 GREY<\/p>\n<\/li>\n<li>\n<p class=\"ds-markdown-paragraph\">BEARTEX FEUILLES MANUELLES COUP\u00c9ES 150&#215;230 RED<\/p>\n<\/li>\n<li>\n<p class=\"ds-markdown-paragraph\">BEARTEX FEUILLES MANUELLES COUP\u00c9ES 150&#215;230 GOLD<\/p>\n<\/li>\n<\/ul>\t\t\t\t\t\t\t\t<\/div>\n\t\t\t\t<\/div>\n\t\t\t\t<\/div>\n\t\t<div id=\"e-n-tab-content-235147375\" role=\"tabpanel\" aria-labelledby=\"e-n-tab-title-235147375\" data-tab-index=\"5\" style=\"--n-tabs-title-order: 5;\" class=\" elementor-element elementor-element-1d685e0 e-flex e-con-boxed e-con e-child\" data-id=\"1d685e0\" data-element_type=\"container\" data-e-type=\"container\">\n\t\t\t\t\t<div class=\"e-con-inner\">\n\t\t\t\t<div class=\"elementor-element elementor-element-983acd8 elementor-widget elementor-widget-text-editor\" data-id=\"983acd8\" data-element_type=\"widget\" data-e-type=\"widget\" data-widget_type=\"text-editor.default\">\n\t\t\t\t<div class=\"elementor-widget-container\">\n\t\t\t\t\t\t\t\t\t<ul>\n<li>\n<p class=\"ds-markdown-paragraph\">Adaptateur NPS pour pistolets de peinture SATA<\/p>\n<\/li>\n<li>\n<p class=\"ds-markdown-paragraph\">Audurra Paint Mixing Stirrer<\/p>\n<\/li>\n<li>\n<p class=\"ds-markdown-paragraph\">Audurra Mixing Cups 300 ml<\/p>\n<\/li>\n<li>\n<p class=\"ds-markdown-paragraph\">Audurra Mixing Cups 600 ml<\/p>\n<\/li>\n<li>\n<p class=\"ds-markdown-paragraph\">Audurra Mixing Cup 1900 ml<\/p>\n<\/li>\n<li>\n<p class=\"ds-markdown-paragraph\">Audurra Mixing Cups 1100 ml<\/p>\n<\/li>\n<li>\n<p class=\"ds-markdown-paragraph\">Audurra Paint Strainer 125 \u00b5m<\/p>\n<\/li>\n<li>\n<p class=\"ds-markdown-paragraph\">Audurra Paint Strainer 190 \u00b5m AU190G 190MY<\/p>\n<\/li>\n<li>\n<p class=\"ds-markdown-paragraph\">Audurra Pumpspraybottle<\/p>\n<\/li>\n<\/ul>\t\t\t\t\t\t\t\t<\/div>\n\t\t\t\t<\/div>\n\t\t\t\t\t<\/div>\n\t\t\t\t<\/div>\n\t\t<div id=\"e-n-tab-content-235147376\" role=\"tabpanel\" aria-labelledby=\"e-n-tab-title-235147376\" data-tab-index=\"6\" style=\"--n-tabs-title-order: 6;\" class=\" elementor-element elementor-element-9056593 e-flex e-con-boxed e-con e-child\" data-id=\"9056593\" data-element_type=\"container\" data-e-type=\"container\">\n\t\t\t\t\t<div class=\"e-con-inner\">\n\t\t\t\t<div class=\"elementor-element elementor-element-94be7cc elementor-widget elementor-widget-text-editor\" data-id=\"94be7cc\" data-element_type=\"widget\" data-e-type=\"widget\" data-widget_type=\"text-editor.default\">\n\t\t\t\t<div class=\"elementor-widget-container\">\n\t\t\t\t\t\t\t\t\t<ul>\n<li>\n<p class=\"ds-markdown-paragraph\">CL001-Non woven Cleaning-320&#215;400-NOR<\/p>\n<\/li>\n<li>\n<p class=\"ds-markdown-paragraph\">Audurra Degreasing Cloth Roll<\/p>\n<\/li>\n<li>\n<p class=\"ds-markdown-paragraph\">Audurra Degreasing Cloth Dispenser Box<\/p>\n<\/li>\n<\/ul>\t\t\t\t\t\t\t\t<\/div>\n\t\t\t\t<\/div>\n\t\t\t\t\t<\/div>\n\t\t\t\t<\/div>\n\t\t<div id=\"e-n-tab-content-235147377\" role=\"tabpanel\" aria-labelledby=\"e-n-tab-title-235147377\" data-tab-index=\"7\" style=\"--n-tabs-title-order: 7;\" class=\" elementor-element elementor-element-da75899 e-flex e-con-boxed e-con e-child\" data-id=\"da75899\" data-element_type=\"container\" data-e-type=\"container\">\n\t\t\t\t\t<div class=\"e-con-inner\">\n\t\t\t\t<div class=\"elementor-element elementor-element-119f3d8 elementor-widget elementor-widget-text-editor\" data-id=\"119f3d8\" data-element_type=\"widget\" data-e-type=\"widget\" data-widget_type=\"text-editor.default\">\n\t\t\t\t<div class=\"elementor-widget-container\">\n\t\t\t\t\t\t\t\t\t<ul>\n<li>\n<p class=\"ds-markdown-paragraph\">AUDURRA OVERALL SINGLE USE SIZE XL<\/p>\n<\/li>\n<li>\n<p class=\"ds-markdown-paragraph\">Audurra Spraysuit Size 50 &#8211; 52<\/p>\n<\/li>\n<li>\n<p class=\"ds-markdown-paragraph\">AUDURRA NITRILE GLOVES BLUE SIZE L<\/p>\n<\/li>\n<li>\n<p class=\"ds-markdown-paragraph\">AUDURRA PREMIUM NITRILE GLOVES BLACK SIZE L<\/p>\n<\/li>\n<li>\n<p class=\"ds-markdown-paragraph\">AUDURRA PREMIUM NITRILE GLOVES BLACK SIZE XL<\/p>\n<\/li>\n<li>\n<p class=\"ds-markdown-paragraph\">AUDURRA NITRILE GLOVES BLUE SIZE XL<\/p>\n<\/li>\n<\/ul>\t\t\t\t\t\t\t\t<\/div>\n\t\t\t\t<\/div>\n\t\t\t\t\t<\/div>\n\t\t\t\t<\/div>\n\t\t<div id=\"e-n-tab-content-235147378\" role=\"tabpanel\" aria-labelledby=\"e-n-tab-title-235147378\" data-tab-index=\"8\" style=\"--n-tabs-title-order: 8;\" class=\" elementor-element elementor-element-b141430 e-flex e-con-boxed e-con e-child\" data-id=\"b141430\" data-element_type=\"container\" data-e-type=\"container\">\n\t\t\t\t\t<div class=\"e-con-inner\">\n\t\t\t\t<div class=\"elementor-element elementor-element-92abe78 elementor-widget elementor-widget-text-editor\" data-id=\"92abe78\" data-element_type=\"widget\" data-e-type=\"widget\" data-widget_type=\"text-editor.default\">\n\t\t\t\t<div class=\"elementor-widget-container\">\n\t\t\t\t\t\t\t\t\t<strong>Colles pour verre:<\/strong>\n<ul>\n \t<li><a href=\"https:\/\/dirigocoating.pl\/fr\/produit\/onebond-pu-express-30\/\">OneBond PU EXPRESS 30<\/a><\/li>\n \t<li><a href=\"https:\/\/dirigocoating.pl\/fr\/produit\/onebond-ms-rapid-60\/\">OneBond MS RAPID 60<\/a><\/li>\n \t<li><a href=\"https:\/\/dirigocoating.pl\/fr\/produit\/onebond-pu-fast-120\/\">OneBond PU FAST 120<\/a><\/li>\n \t<li><a href=\"https:\/\/dirigocoating.pl\/fr\/produit\/onebond-pu-power-180\/\">OneBond PU POWER 180<\/a><\/li>\n<\/ul>\t\t\t\t\t\t\t\t<\/div>\n\t\t\t\t<\/div>\n\t\t\t\t\t<\/div>\n\t\t\t\t<\/div>\n\t\t\t\t\t<\/div>\n\t\t<\/div>\n\t\t\t\t\t\t<\/div>\n\t\t\t\t<\/div>\n\t\t\t\t\t<\/div>\n\t\t\t\t<\/div>\n\t\t\t\t<\/div>\n\t\t","protected":false},"excerpt":{"rendered":"<p>Mat\u00e9riaux Non paint L&rsquo;offre non-paint est un compl\u00e9ment indispensable \u00e0 tout processus de peinturage professionnel. Elle comprend des mat\u00e9riaux auxiliaires tels que des produits de nettoyage, d\u00e9graissants, mat\u00e9riaux de masquage, abrasifs, rubans, films ou \u00e9quipements de protection individuelle. Ce sont pr\u00e9cis\u00e9ment eux qui d\u00e9terminent la pr\u00e9paration efficace de la surface, la qualit\u00e9 de la finition [&hellip;]<\/p>\n","protected":false},"author":1,"featured_media":0,"parent":0,"menu_order":0,"comment_status":"closed","ping_status":"closed","template":"","meta":{"footnotes":""},"class_list":["post-13036","page","type-page","status-publish","hentry"],"_links":{"self":[{"href":"https:\/\/dirigocoating.pl\/fr\/wp-json\/wp\/v2\/pages\/13036"}],"collection":[{"href":"https:\/\/dirigocoating.pl\/fr\/wp-json\/wp\/v2\/pages"}],"about":[{"href":"https:\/\/dirigocoating.pl\/fr\/wp-json\/wp\/v2\/types\/page"}],"author":[{"embeddable":true,"href":"https:\/\/dirigocoating.pl\/fr\/wp-json\/wp\/v2\/users\/1"}],"replies":[{"embeddable":true,"href":"https:\/\/dirigocoating.pl\/fr\/wp-json\/wp\/v2\/comments?post=13036"}],"version-history":[{"count":4,"href":"https:\/\/dirigocoating.pl\/fr\/wp-json\/wp\/v2\/pages\/13036\/revisions"}],"predecessor-version":[{"id":13248,"href":"https:\/\/dirigocoating.pl\/fr\/wp-json\/wp\/v2\/pages\/13036\/revisions\/13248"}],"wp:attachment":[{"href":"https:\/\/dirigocoating.pl\/fr\/wp-json\/wp\/v2\/media?parent=13036"}],"curies":[{"name":"wp","href":"https:\/\/api.w.org\/{rel}","templated":true}]}}