{"id":12546,"date":"2025-07-24T10:06:13","date_gmt":"2025-07-24T10:06:13","guid":{"rendered":"https:\/\/dirigocoating.pl\/produkt\/percotop-texture-additives-2\/"},"modified":"2025-07-24T10:06:13","modified_gmt":"2025-07-24T10:06:13","slug":"percotop-texture-additives-2","status":"publish","type":"product","link":"https:\/\/dirigocoating.pl\/fr\/produit\/percotop-texture-additives-2\/","title":{"rendered":"PercoTop Texture Additives"},"content":{"rendered":"<ul>\n<li>PercoTop Texture Additive 200 CS220 est l&rsquo;additif le plus rugueux et est utilis\u00e9 pour les surfaces aux propri\u00e9t\u00e9s antid\u00e9rapantes.<\/li>\n<li>PercoTop Texture Additive 30 CS221 est utilis\u00e9 pour les applications architecturales, imitant l&rsquo;apparence des peintures en poudre mates. Il peut \u00e9galement \u00eatre utilis\u00e9 pour conf\u00e9rer \u00e0 la surface duret\u00e9 et r\u00e9sistance \u00e0 l&rsquo;abrasion. <\/li>\n<li>PercoTop Texture Additive 50 CS222 est utilis\u00e9 pour reproduire l&rsquo;apparence des rev\u00eatements en poudre textur\u00e9s et textur\u00e9s m\u00e9tallis\u00e9s, souvent utilis\u00e9s sur les cadres de fen\u00eatres et les portes de garage, donnant une surface textur\u00e9e lisse.<\/li>\n<li>PercoTop Texture Additive 90 CS223 conf\u00e8re \u00e0 la surface une finition plus rugueuse.<\/li>\n<\/ul>\n<p><a class=\"wgl-button btn-size-sm \" role=\"button\" href=\"https:\/\/dirigocoating.pl\/wp-content\/uploads\/2025\/07\/EN-CS220-CS223.pdf\">TDS<\/a><\/p>\n","protected":false},"excerpt":{"rendered":"<p>CS220, CS221, CS222, CS223<\/p>\n","protected":false},"featured_media":12548,"template":"","meta":[],"product_brand":[],"product_cat":[417],"product_tag":[],"class_list":{"0":"post-12546","1":"product","2":"type-product","3":"status-publish","4":"has-post-thumbnail","6":"product_cat-additifs","8":"first","9":"instock","10":"shipping-taxable","11":"product-type-simple"},"_links":{"self":[{"href":"https:\/\/dirigocoating.pl\/fr\/wp-json\/wp\/v2\/product\/12546"}],"collection":[{"href":"https:\/\/dirigocoating.pl\/fr\/wp-json\/wp\/v2\/product"}],"about":[{"href":"https:\/\/dirigocoating.pl\/fr\/wp-json\/wp\/v2\/types\/product"}],"wp:featuredmedia":[{"embeddable":true,"href":"https:\/\/dirigocoating.pl\/fr\/wp-json\/wp\/v2\/media\/12548"}],"wp:attachment":[{"href":"https:\/\/dirigocoating.pl\/fr\/wp-json\/wp\/v2\/media?parent=12546"}],"wp:term":[{"taxonomy":"product_brand","embeddable":true,"href":"https:\/\/dirigocoating.pl\/fr\/wp-json\/wp\/v2\/product_brand?post=12546"},{"taxonomy":"product_cat","embeddable":true,"href":"https:\/\/dirigocoating.pl\/fr\/wp-json\/wp\/v2\/product_cat?post=12546"},{"taxonomy":"product_tag","embeddable":true,"href":"https:\/\/dirigocoating.pl\/fr\/wp-json\/wp\/v2\/product_tag?post=12546"}],"curies":[{"name":"wp","href":"https:\/\/api.w.org\/{rel}","templated":true}]}}