{"id":12552,"date":"2025-07-24T10:26:42","date_gmt":"2025-07-24T10:26:42","guid":{"rendered":"https:\/\/dirigocoating.pl\/produkt\/percotop-cs230-high-bake-additive-2\/"},"modified":"2025-07-24T10:26:42","modified_gmt":"2025-07-24T10:26:42","slug":"percotop-cs230-high-bake-additive-2","status":"publish","type":"product","link":"https:\/\/dirigocoating.pl\/fr\/produit\/percotop-cs230-high-bake-additive-2\/","title":{"rendered":"PercoTop CS230 High bake Additive"},"content":{"rendered":"<p><span>Additif pour s\u00e9chage \u00e0 haute temp\u00e9rature.<\/span><\/p>\n","protected":false},"excerpt":{"rendered":"<p>Additif pour s\u00e9chage \u00e0 haute temp\u00e9rature.<\/p>\n","protected":false},"featured_media":12554,"template":"","meta":[],"product_brand":[],"product_cat":[417],"product_tag":[],"class_list":{"0":"post-12552","1":"product","2":"type-product","3":"status-publish","4":"has-post-thumbnail","6":"product_cat-additifs","8":"first","9":"instock","10":"shipping-taxable","11":"product-type-simple"},"_links":{"self":[{"href":"https:\/\/dirigocoating.pl\/fr\/wp-json\/wp\/v2\/product\/12552"}],"collection":[{"href":"https:\/\/dirigocoating.pl\/fr\/wp-json\/wp\/v2\/product"}],"about":[{"href":"https:\/\/dirigocoating.pl\/fr\/wp-json\/wp\/v2\/types\/product"}],"wp:featuredmedia":[{"embeddable":true,"href":"https:\/\/dirigocoating.pl\/fr\/wp-json\/wp\/v2\/media\/12554"}],"wp:attachment":[{"href":"https:\/\/dirigocoating.pl\/fr\/wp-json\/wp\/v2\/media?parent=12552"}],"wp:term":[{"taxonomy":"product_brand","embeddable":true,"href":"https:\/\/dirigocoating.pl\/fr\/wp-json\/wp\/v2\/product_brand?post=12552"},{"taxonomy":"product_cat","embeddable":true,"href":"https:\/\/dirigocoating.pl\/fr\/wp-json\/wp\/v2\/product_cat?post=12552"},{"taxonomy":"product_tag","embeddable":true,"href":"https:\/\/dirigocoating.pl\/fr\/wp-json\/wp\/v2\/product_tag?post=12552"}],"curies":[{"name":"wp","href":"https:\/\/api.w.org\/{rel}","templated":true}]}}