{"id":12599,"date":"2025-07-24T09:38:52","date_gmt":"2025-07-24T09:38:52","guid":{"rendered":"https:\/\/dirigocoating.pl\/produkt\/percotop-cs400-multicleaner\/"},"modified":"2025-07-24T09:38:52","modified_gmt":"2025-07-24T09:38:52","slug":"percotop-cs400-multicleaner","status":"publish","type":"product","link":"https:\/\/dirigocoating.pl\/fr\/produit\/percotop-cs400-multicleaner\/","title":{"rendered":"PercoTop CS400 Multicleaner"},"content":{"rendered":"<p>PercoTop\u00ae CS400 Multicleaner est un m\u00e9lange \u00e0 \u00e9vaporation rapide.<br \/>Utilis\u00e9 principalement pour \u00e9liminer les r\u00e9sidus d\u2019huile et de graisse.<\/p>\n<p>&nbsp;<\/p>\n<p><a class=\"wgl-button btn-size-sm \" role=\"button\" href=\"https:\/\/dirigocoating.pl\/wp-content\/uploads\/2025\/07\/EN-CS440-CS400-1.pdf\">TDS<\/a><\/p>\n","protected":false},"excerpt":{"rendered":"<p><span>Nettoyant universel pour \u00e9liminer les r\u00e9sidus d\u2019huile, de graisse et de lubrifiant des surfaces avant la mise en peinture.<\/span><\/p>\n","protected":false},"featured_media":12600,"template":"","meta":[],"product_brand":[],"product_cat":[433],"product_tag":[],"class_list":{"0":"post-12599","1":"product","2":"type-product","3":"status-publish","4":"has-post-thumbnail","6":"product_cat-produits-de-nettoyage","8":"first","9":"instock","10":"shipping-taxable","11":"product-type-simple"},"_links":{"self":[{"href":"https:\/\/dirigocoating.pl\/fr\/wp-json\/wp\/v2\/product\/12599"}],"collection":[{"href":"https:\/\/dirigocoating.pl\/fr\/wp-json\/wp\/v2\/product"}],"about":[{"href":"https:\/\/dirigocoating.pl\/fr\/wp-json\/wp\/v2\/types\/product"}],"wp:featuredmedia":[{"embeddable":true,"href":"https:\/\/dirigocoating.pl\/fr\/wp-json\/wp\/v2\/media\/12600"}],"wp:attachment":[{"href":"https:\/\/dirigocoating.pl\/fr\/wp-json\/wp\/v2\/media?parent=12599"}],"wp:term":[{"taxonomy":"product_brand","embeddable":true,"href":"https:\/\/dirigocoating.pl\/fr\/wp-json\/wp\/v2\/product_brand?post=12599"},{"taxonomy":"product_cat","embeddable":true,"href":"https:\/\/dirigocoating.pl\/fr\/wp-json\/wp\/v2\/product_cat?post=12599"},{"taxonomy":"product_tag","embeddable":true,"href":"https:\/\/dirigocoating.pl\/fr\/wp-json\/wp\/v2\/product_tag?post=12599"}],"curies":[{"name":"wp","href":"https:\/\/api.w.org\/{rel}","templated":true}]}}