{"id":12603,"date":"2025-07-24T09:43:30","date_gmt":"2025-07-24T09:43:30","guid":{"rendered":"https:\/\/dirigocoating.pl\/produkt\/percotop-cs440-silicone-remover-2\/"},"modified":"2025-07-24T09:43:30","modified_gmt":"2025-07-24T09:43:30","slug":"percotop-cs440-silicone-remover-2","status":"publish","type":"product","link":"https:\/\/dirigocoating.pl\/fr\/produit\/percotop-cs440-silicone-remover-2\/","title":{"rendered":"PercoTop CS440 Silicone Remover"},"content":{"rendered":"<p>M\u00e9lange de solvants organiques \u00e0 \u00e9vaporation lente, utilis\u00e9 apr\u00e8s le pon\u00e7age pour \u00e9liminer la poussi\u00e8re, le silicone, les empreintes digitales ou pour le nettoyage des pi\u00e8ces en plastique, avec un effet antistatique.<\/p>\n<p><a class=\"wgl-button btn-size-sm \" role=\"button\" href=\"https:\/\/dirigocoating.pl\/wp-content\/uploads\/2025\/07\/EN-CS440-CS400-1.pdf\">TDS<\/a><\/p>\n","protected":false},"excerpt":{"rendered":"<p>PercoTop\u00ae CS440 Silicone Remover est un m\u00e9lange de solvants organiques \u00e0 \u00e9vaporation lente.<\/p>\n","protected":false},"featured_media":12604,"template":"","meta":[],"product_brand":[],"product_cat":[433],"product_tag":[],"class_list":{"0":"post-12603","1":"product","2":"type-product","3":"status-publish","4":"has-post-thumbnail","6":"product_cat-produits-de-nettoyage","8":"first","9":"instock","10":"shipping-taxable","11":"product-type-simple"},"_links":{"self":[{"href":"https:\/\/dirigocoating.pl\/fr\/wp-json\/wp\/v2\/product\/12603"}],"collection":[{"href":"https:\/\/dirigocoating.pl\/fr\/wp-json\/wp\/v2\/product"}],"about":[{"href":"https:\/\/dirigocoating.pl\/fr\/wp-json\/wp\/v2\/types\/product"}],"wp:featuredmedia":[{"embeddable":true,"href":"https:\/\/dirigocoating.pl\/fr\/wp-json\/wp\/v2\/media\/12604"}],"wp:attachment":[{"href":"https:\/\/dirigocoating.pl\/fr\/wp-json\/wp\/v2\/media?parent=12603"}],"wp:term":[{"taxonomy":"product_brand","embeddable":true,"href":"https:\/\/dirigocoating.pl\/fr\/wp-json\/wp\/v2\/product_brand?post=12603"},{"taxonomy":"product_cat","embeddable":true,"href":"https:\/\/dirigocoating.pl\/fr\/wp-json\/wp\/v2\/product_cat?post=12603"},{"taxonomy":"product_tag","embeddable":true,"href":"https:\/\/dirigocoating.pl\/fr\/wp-json\/wp\/v2\/product_tag?post=12603"}],"curies":[{"name":"wp","href":"https:\/\/api.w.org\/{rel}","templated":true}]}}