{"id":12607,"date":"2025-07-24T09:45:37","date_gmt":"2025-07-24T09:45:37","guid":{"rendered":"https:\/\/dirigocoating.pl\/produkt\/percotop-cs410-special-cleaner-2\/"},"modified":"2025-07-24T09:45:37","modified_gmt":"2025-07-24T09:45:37","slug":"percotop-cs410-special-cleaner-2","status":"publish","type":"product","link":"https:\/\/dirigocoating.pl\/fr\/produit\/percotop-cs410-special-cleaner-2\/","title":{"rendered":"PercoTop CS410 Special Cleaner"},"content":{"rendered":"<p>C\u2019est un promoteur d\u2019adh\u00e9rence pour les mat\u00e9riaux plastiques (PVC) et pour les rev\u00eatements en poudre.<\/p>\n","protected":false},"excerpt":{"rendered":"<p>promoteur d\u2019adh\u00e9rence<\/p>\n","protected":false},"featured_media":12608,"template":"","meta":[],"product_brand":[],"product_cat":[433],"product_tag":[],"class_list":{"0":"post-12607","1":"product","2":"type-product","3":"status-publish","4":"has-post-thumbnail","6":"product_cat-produits-de-nettoyage","8":"first","9":"instock","10":"shipping-taxable","11":"product-type-simple"},"_links":{"self":[{"href":"https:\/\/dirigocoating.pl\/fr\/wp-json\/wp\/v2\/product\/12607"}],"collection":[{"href":"https:\/\/dirigocoating.pl\/fr\/wp-json\/wp\/v2\/product"}],"about":[{"href":"https:\/\/dirigocoating.pl\/fr\/wp-json\/wp\/v2\/types\/product"}],"wp:featuredmedia":[{"embeddable":true,"href":"https:\/\/dirigocoating.pl\/fr\/wp-json\/wp\/v2\/media\/12608"}],"wp:attachment":[{"href":"https:\/\/dirigocoating.pl\/fr\/wp-json\/wp\/v2\/media?parent=12607"}],"wp:term":[{"taxonomy":"product_brand","embeddable":true,"href":"https:\/\/dirigocoating.pl\/fr\/wp-json\/wp\/v2\/product_brand?post=12607"},{"taxonomy":"product_cat","embeddable":true,"href":"https:\/\/dirigocoating.pl\/fr\/wp-json\/wp\/v2\/product_cat?post=12607"},{"taxonomy":"product_tag","embeddable":true,"href":"https:\/\/dirigocoating.pl\/fr\/wp-json\/wp\/v2\/product_tag?post=12607"}],"curies":[{"name":"wp","href":"https:\/\/api.w.org\/{rel}","templated":true}]}}