{"id":12619,"date":"2025-07-24T09:56:21","date_gmt":"2025-07-24T09:56:21","guid":{"rendered":"https:\/\/dirigocoating.pl\/produkt\/percotop-cs212-sikkativ-376-2\/"},"modified":"2025-09-10T10:50:32","modified_gmt":"2025-09-10T10:50:32","slug":"percotop-cs212-sikkativ-376-2","status":"publish","type":"product","link":"https:\/\/dirigocoating.pl\/fr\/produit\/percotop-cs212-sikkativ-376-2\/","title":{"rendered":"PercoTop CS212 Sikkativ 376"},"content":{"rendered":"<p>Additif qui r\u00e9duit le temps de s\u00e9chage du rev\u00eatement PercoTop KH.<\/p>\n","protected":false},"excerpt":{"rendered":"<p>Additif qui r\u00e9duit le temps de s\u00e9chage du rev\u00eatement PercoTop KH.<\/p>\n","protected":false},"featured_media":12620,"template":"","meta":[],"product_brand":[],"product_cat":[417],"product_tag":[],"class_list":{"0":"post-12619","1":"product","2":"type-product","3":"status-publish","4":"has-post-thumbnail","6":"product_cat-additifs","8":"first","9":"instock","10":"shipping-taxable","11":"product-type-simple"},"_links":{"self":[{"href":"https:\/\/dirigocoating.pl\/fr\/wp-json\/wp\/v2\/product\/12619"}],"collection":[{"href":"https:\/\/dirigocoating.pl\/fr\/wp-json\/wp\/v2\/product"}],"about":[{"href":"https:\/\/dirigocoating.pl\/fr\/wp-json\/wp\/v2\/types\/product"}],"wp:featuredmedia":[{"embeddable":true,"href":"https:\/\/dirigocoating.pl\/fr\/wp-json\/wp\/v2\/media\/12620"}],"wp:attachment":[{"href":"https:\/\/dirigocoating.pl\/fr\/wp-json\/wp\/v2\/media?parent=12619"}],"wp:term":[{"taxonomy":"product_brand","embeddable":true,"href":"https:\/\/dirigocoating.pl\/fr\/wp-json\/wp\/v2\/product_brand?post=12619"},{"taxonomy":"product_cat","embeddable":true,"href":"https:\/\/dirigocoating.pl\/fr\/wp-json\/wp\/v2\/product_cat?post=12619"},{"taxonomy":"product_tag","embeddable":true,"href":"https:\/\/dirigocoating.pl\/fr\/wp-json\/wp\/v2\/product_tag?post=12619"}],"curies":[{"name":"wp","href":"https:\/\/api.w.org\/{rel}","templated":true}]}}