{"id":12623,"date":"2025-07-24T09:59:40","date_gmt":"2025-07-24T09:59:40","guid":{"rendered":"https:\/\/dirigocoating.pl\/produkt\/percotop-cs213-anti-silicone-additive-2\/"},"modified":"2025-09-10T10:55:52","modified_gmt":"2025-09-10T10:55:52","slug":"percotop-cs213-anti-silicone-additive-2","status":"publish","type":"product","link":"https:\/\/dirigocoating.pl\/fr\/produit\/percotop-cs213-anti-silicone-additive-2\/","title":{"rendered":"PercoTop CS213 Anti Silicone Additive"},"content":{"rendered":"<p>Additif anti-silicone. Les silicones peuvent provoquer des d\u00e9fauts lors de l\u2019application des peintures. Cet additif aide \u00e0 \u00e9viter ces d\u00e9fauts.<\/p>\n","protected":false},"excerpt":{"rendered":"<p>Additif anti-silicone. Les silicones peuvent provoquer des d\u00e9fauts lors de l\u2019application des peintures. Cet additif aide \u00e0 \u00e9viter ces d\u00e9fauts.<\/p>\n","protected":false},"featured_media":12624,"template":"","meta":[],"product_brand":[],"product_cat":[417],"product_tag":[],"class_list":{"0":"post-12623","1":"product","2":"type-product","3":"status-publish","4":"has-post-thumbnail","6":"product_cat-additifs","8":"first","9":"instock","10":"shipping-taxable","11":"product-type-simple"},"_links":{"self":[{"href":"https:\/\/dirigocoating.pl\/fr\/wp-json\/wp\/v2\/product\/12623"}],"collection":[{"href":"https:\/\/dirigocoating.pl\/fr\/wp-json\/wp\/v2\/product"}],"about":[{"href":"https:\/\/dirigocoating.pl\/fr\/wp-json\/wp\/v2\/types\/product"}],"wp:featuredmedia":[{"embeddable":true,"href":"https:\/\/dirigocoating.pl\/fr\/wp-json\/wp\/v2\/media\/12624"}],"wp:attachment":[{"href":"https:\/\/dirigocoating.pl\/fr\/wp-json\/wp\/v2\/media?parent=12623"}],"wp:term":[{"taxonomy":"product_brand","embeddable":true,"href":"https:\/\/dirigocoating.pl\/fr\/wp-json\/wp\/v2\/product_brand?post=12623"},{"taxonomy":"product_cat","embeddable":true,"href":"https:\/\/dirigocoating.pl\/fr\/wp-json\/wp\/v2\/product_cat?post=12623"},{"taxonomy":"product_tag","embeddable":true,"href":"https:\/\/dirigocoating.pl\/fr\/wp-json\/wp\/v2\/product_tag?post=12623"}],"curies":[{"name":"wp","href":"https:\/\/api.w.org\/{rel}","templated":true}]}}