{"id":12629,"date":"2025-07-24T10:01:42","date_gmt":"2025-07-24T10:01:42","guid":{"rendered":"https:\/\/dirigocoating.pl\/produkt\/percotop-cs214-multitoning-additive-2\/"},"modified":"2025-07-24T10:01:42","modified_gmt":"2025-07-24T10:01:42","slug":"percotop-cs214-multitoning-additive-2","status":"publish","type":"product","link":"https:\/\/dirigocoating.pl\/fr\/produit\/percotop-cs214-multitoning-additive-2\/","title":{"rendered":"PercoTop CS214 Multitoning Additive"},"content":{"rendered":"<p>Cet additif sp\u00e9cial est utilis\u00e9 pour les ombrages avec les rev\u00eatements de finition PercoTop. Il acc\u00e9l\u00e8re le temps de s\u00e9chage et facilite l\u2019utilisation du ruban lors de la cr\u00e9ation de bandes et de motifs.<\/p>\n","protected":false},"excerpt":{"rendered":"<p>Cet additif sp\u00e9cial est utilis\u00e9 pour les ombrages avec les rev\u00eatements de finition PercoTop. Il acc\u00e9l\u00e8re le temps de s\u00e9chage et facilite l\u2019utilisation du ruban lors de la cr\u00e9ation de bandes et de motifs.<\/p>\n","protected":false},"featured_media":12630,"template":"","meta":[],"product_brand":[],"product_cat":[417],"product_tag":[],"class_list":{"0":"post-12629","1":"product","2":"type-product","3":"status-publish","4":"has-post-thumbnail","6":"product_cat-additifs","8":"first","9":"instock","10":"shipping-taxable","11":"product-type-simple"},"_links":{"self":[{"href":"https:\/\/dirigocoating.pl\/fr\/wp-json\/wp\/v2\/product\/12629"}],"collection":[{"href":"https:\/\/dirigocoating.pl\/fr\/wp-json\/wp\/v2\/product"}],"about":[{"href":"https:\/\/dirigocoating.pl\/fr\/wp-json\/wp\/v2\/types\/product"}],"wp:featuredmedia":[{"embeddable":true,"href":"https:\/\/dirigocoating.pl\/fr\/wp-json\/wp\/v2\/media\/12630"}],"wp:attachment":[{"href":"https:\/\/dirigocoating.pl\/fr\/wp-json\/wp\/v2\/media?parent=12629"}],"wp:term":[{"taxonomy":"product_brand","embeddable":true,"href":"https:\/\/dirigocoating.pl\/fr\/wp-json\/wp\/v2\/product_brand?post=12629"},{"taxonomy":"product_cat","embeddable":true,"href":"https:\/\/dirigocoating.pl\/fr\/wp-json\/wp\/v2\/product_cat?post=12629"},{"taxonomy":"product_tag","embeddable":true,"href":"https:\/\/dirigocoating.pl\/fr\/wp-json\/wp\/v2\/product_tag?post=12629"}],"curies":[{"name":"wp","href":"https:\/\/api.w.org\/{rel}","templated":true}]}}