{"id":12631,"date":"2025-07-24T10:02:34","date_gmt":"2025-07-24T10:02:34","guid":{"rendered":"https:\/\/dirigocoating.pl\/produkt\/percotop-cs215-drying-accelerator-2\/"},"modified":"2025-07-24T10:02:34","modified_gmt":"2025-07-24T10:02:34","slug":"percotop-cs215-drying-accelerator-2","status":"publish","type":"product","link":"https:\/\/dirigocoating.pl\/fr\/produit\/percotop-cs215-drying-accelerator-2\/","title":{"rendered":"PercoTop CS215 Drying Accelerator"},"content":{"rendered":"<p>Cet additif acc\u00e9l\u00e8re le s\u00e9chage des rev\u00eatements bicomposants PercoTop \u00e0 base de polyur\u00e9thane.<\/p>\n","protected":false},"excerpt":{"rendered":"<p>Cet additif acc\u00e9l\u00e8re le s\u00e9chage des rev\u00eatements bicomposants PercoTop \u00e0 base de polyur\u00e9thane.<\/p>\n","protected":false},"featured_media":12632,"template":"","meta":[],"product_brand":[],"product_cat":[417],"product_tag":[],"class_list":{"0":"post-12631","1":"product","2":"type-product","3":"status-publish","4":"has-post-thumbnail","6":"product_cat-additifs","8":"first","9":"instock","10":"shipping-taxable","11":"product-type-simple"},"_links":{"self":[{"href":"https:\/\/dirigocoating.pl\/fr\/wp-json\/wp\/v2\/product\/12631"}],"collection":[{"href":"https:\/\/dirigocoating.pl\/fr\/wp-json\/wp\/v2\/product"}],"about":[{"href":"https:\/\/dirigocoating.pl\/fr\/wp-json\/wp\/v2\/types\/product"}],"wp:featuredmedia":[{"embeddable":true,"href":"https:\/\/dirigocoating.pl\/fr\/wp-json\/wp\/v2\/media\/12632"}],"wp:attachment":[{"href":"https:\/\/dirigocoating.pl\/fr\/wp-json\/wp\/v2\/media?parent=12631"}],"wp:term":[{"taxonomy":"product_brand","embeddable":true,"href":"https:\/\/dirigocoating.pl\/fr\/wp-json\/wp\/v2\/product_brand?post=12631"},{"taxonomy":"product_cat","embeddable":true,"href":"https:\/\/dirigocoating.pl\/fr\/wp-json\/wp\/v2\/product_cat?post=12631"},{"taxonomy":"product_tag","embeddable":true,"href":"https:\/\/dirigocoating.pl\/fr\/wp-json\/wp\/v2\/product_tag?post=12631"}],"curies":[{"name":"wp","href":"https:\/\/api.w.org\/{rel}","templated":true}]}}