{"id":12633,"date":"2025-07-23T10:29:40","date_gmt":"2025-07-23T10:29:40","guid":{"rendered":"https:\/\/dirigocoating.pl\/produkt\/voltatex-4201-2\/"},"modified":"2025-07-23T10:29:40","modified_gmt":"2025-07-23T10:29:40","slug":"voltatex-4201-2","status":"publish","type":"product","link":"https:\/\/dirigocoating.pl\/fr\/produit\/voltatex-4201-2\/","title":{"rendered":"Voltatex 4201"},"content":{"rendered":"<p data-start=\"0\" data-end=\"21\"><strong data-start=\"0\" data-end=\"21\">Crit\u00e8res du produit<\/strong><\/p>\n<p data-start=\"23\" data-end=\"45\"><strong data-start=\"23\" data-end=\"43\">Classe thermique :<\/strong><\/p>\n<ul data-start=\"46\" data-end=\"56\">\n<li data-start=\"46\" data-end=\"56\">\n<p data-start=\"48\" data-end=\"56\">220\u202f\u00b0C<\/p>\n<\/li>\n<\/ul>\n<p data-start=\"58\" data-end=\"77\"><strong data-start=\"58\" data-end=\"75\">Application :<\/strong><\/p>\n<ul data-start=\"78\" data-end=\"235\">\n<li data-start=\"78\" data-end=\"115\">\n<p data-start=\"80\" data-end=\"115\">M\u00e9thode par immersion et cuisson<\/p>\n<\/li>\n<li data-start=\"116\" data-end=\"134\">\n<p data-start=\"118\" data-end=\"134\">M\u00e9thode par goutte<\/p>\n<\/li>\n<li data-start=\"135\" data-end=\"165\">\n<p data-start=\"137\" data-end=\"165\">M\u00e9thode rouleau-immersion<\/p>\n<\/li>\n<li data-start=\"166\" data-end=\"191\">\n<p data-start=\"168\" data-end=\"191\">Impr\u00e9gnation sous vide<\/p>\n<\/li>\n<li data-start=\"192\" data-end=\"235\">\n<p data-start=\"194\" data-end=\"235\">VPI \u2013 impr\u00e9gnation sous pression et vide<\/p>\n<\/li>\n<\/ul>\n<p data-start=\"237\" data-end=\"258\"><strong data-start=\"237\" data-end=\"256\">March\u00e9s de d\u00e9bouch\u00e9 :<\/strong><\/p>\n<ul data-start=\"259\" data-end=\"364\">\n<li data-start=\"259\" data-end=\"289\">\n<p data-start=\"261\" data-end=\"289\">Moteurs (stator, rotor)<\/p>\n<\/li>\n<li data-start=\"290\" data-end=\"309\">\n<p data-start=\"292\" data-end=\"309\">Basse tension<\/p>\n<\/li>\n<li data-start=\"310\" data-end=\"333\">\n<p data-start=\"312\" data-end=\"333\">\u00c9nergie \u00e9olienne<\/p>\n<\/li>\n<li data-start=\"334\" data-end=\"348\">\n<p data-start=\"336\" data-end=\"348\">generatory<\/p>\n<\/li>\n<li data-start=\"349\" data-end=\"364\">\n<p data-start=\"351\" data-end=\"364\">Automobile<\/p>\n<\/li>\n<\/ul>\n<p data-start=\"366\" data-end=\"392\"><strong data-start=\"366\" data-end=\"390\">Impact sur l\u2019environnement :<\/strong><\/p>\n<ul data-start=\"393\" data-end=\"423\" data-is-last-node=\"\" data-is-only-node=\"\">\n<li data-start=\"393\" data-end=\"408\">\n<p data-start=\"395\" data-end=\"408\">Sans styr\u00e8ne<\/p>\n<\/li>\n<li data-start=\"409\" data-end=\"423\" data-is-last-node=\"\">\n<p data-start=\"411\" data-end=\"423\" data-is-last-node=\"\">Faible \u00e9mission<\/p>\n<\/li>\n<\/ul>\n<p><a class=\"wgl-button btn-size-sm \" role=\"button\" href=\"https:\/\/dirigocoating.pl\/wp-content\/uploads\/2025\/07\/Voltatex-4201_EN.pdf\">TDS<\/a><\/p>\n","protected":false},"excerpt":{"rendered":"<p>Voltatex\u00ae 4201 est une r\u00e9sine d\u2019impr\u00e9gnation monocomposante, pr\u00eate \u00e0 l\u2019emploi, transparente \u00e0 l\u00e9g\u00e8rement trouble de couleur jaune-ambre, thermodurcissable et sans styr\u00e8ne.<\/p>\n","protected":false},"featured_media":12634,"template":"","meta":[],"product_brand":[],"product_cat":[419],"product_tag":[483,480,481],"class_list":{"0":"post-12633","1":"product","2":"type-product","3":"status-publish","4":"has-post-thumbnail","6":"product_cat-energy-solutions-fr","7":"product_tag-resine-a-faible-emission","8":"product_tag-resines-dimpregnation","9":"product_tag-voltatex-fr","11":"first","12":"instock","13":"shipping-taxable","14":"product-type-simple"},"_links":{"self":[{"href":"https:\/\/dirigocoating.pl\/fr\/wp-json\/wp\/v2\/product\/12633"}],"collection":[{"href":"https:\/\/dirigocoating.pl\/fr\/wp-json\/wp\/v2\/product"}],"about":[{"href":"https:\/\/dirigocoating.pl\/fr\/wp-json\/wp\/v2\/types\/product"}],"wp:featuredmedia":[{"embeddable":true,"href":"https:\/\/dirigocoating.pl\/fr\/wp-json\/wp\/v2\/media\/12634"}],"wp:attachment":[{"href":"https:\/\/dirigocoating.pl\/fr\/wp-json\/wp\/v2\/media?parent=12633"}],"wp:term":[{"taxonomy":"product_brand","embeddable":true,"href":"https:\/\/dirigocoating.pl\/fr\/wp-json\/wp\/v2\/product_brand?post=12633"},{"taxonomy":"product_cat","embeddable":true,"href":"https:\/\/dirigocoating.pl\/fr\/wp-json\/wp\/v2\/product_cat?post=12633"},{"taxonomy":"product_tag","embeddable":true,"href":"https:\/\/dirigocoating.pl\/fr\/wp-json\/wp\/v2\/product_tag?post=12633"}],"curies":[{"name":"wp","href":"https:\/\/api.w.org\/{rel}","templated":true}]}}