{"id":12637,"date":"2025-07-23T10:20:51","date_gmt":"2025-07-23T10:20:51","guid":{"rendered":"https:\/\/dirigocoating.pl\/produkt\/voltatex-4141\/"},"modified":"2025-07-23T10:20:51","modified_gmt":"2025-07-23T10:20:51","slug":"voltatex-4141","status":"publish","type":"product","link":"https:\/\/dirigocoating.pl\/fr\/produit\/voltatex-4141\/","title":{"rendered":"Voltatex 4141"},"content":{"rendered":"<p><b>Crit\u00e8res du produit<\/b><\/p>\n<p><b>Application :<\/b><\/p>\n<ul>\n<li style=\"font-weight: 400;\" aria-level=\"1\"><span style=\"font-weight: 400;\">M\u00e9thode par goutte<\/span><\/li>\n<\/ul>\n<p><b>March\u00e9s de d\u00e9bouch\u00e9 :<\/b><\/p>\n<ul>\n<li style=\"font-weight: 400;\" aria-level=\"1\"><span style=\"font-weight: 400;\">Moteurs<\/span><\/li>\n<li style=\"font-weight: 400;\" aria-level=\"1\"><span style=\"font-weight: 400;\">Basse tension<\/span><\/li>\n<\/ul>\n<p><b>Impact sur l\u2019environnement :<\/b><\/p>\n<ul>\n<li style=\"font-weight: 400;\" aria-level=\"1\"><span style=\"font-weight: 400;\">Faible \u00e9mission<\/span><\/li>\n<\/ul>\n","protected":false},"excerpt":{"rendered":"<p>Voltatex\u00ae 4201 est une r\u00e9sine d\u2019impr\u00e9gnation monocomposante, pr\u00eate \u00e0 l\u2019emploi, transparente \u00e0 l\u00e9g\u00e8rement trouble de couleur jaune-ambre, thermodurcissable et sans styr\u00e8ne. <\/p>\n","protected":false},"featured_media":12638,"template":"","meta":[],"product_brand":[],"product_cat":[419],"product_tag":[480,482,481],"class_list":{"0":"post-12637","1":"product","2":"type-product","3":"status-publish","4":"has-post-thumbnail","6":"product_cat-energy-solutions-fr","7":"product_tag-resines-dimpregnation","8":"product_tag-resines-diluees-au-vinyltoluene","9":"product_tag-voltatex-fr","11":"first","12":"instock","13":"shipping-taxable","14":"product-type-simple"},"_links":{"self":[{"href":"https:\/\/dirigocoating.pl\/fr\/wp-json\/wp\/v2\/product\/12637"}],"collection":[{"href":"https:\/\/dirigocoating.pl\/fr\/wp-json\/wp\/v2\/product"}],"about":[{"href":"https:\/\/dirigocoating.pl\/fr\/wp-json\/wp\/v2\/types\/product"}],"wp:featuredmedia":[{"embeddable":true,"href":"https:\/\/dirigocoating.pl\/fr\/wp-json\/wp\/v2\/media\/12638"}],"wp:attachment":[{"href":"https:\/\/dirigocoating.pl\/fr\/wp-json\/wp\/v2\/media?parent=12637"}],"wp:term":[{"taxonomy":"product_brand","embeddable":true,"href":"https:\/\/dirigocoating.pl\/fr\/wp-json\/wp\/v2\/product_brand?post=12637"},{"taxonomy":"product_cat","embeddable":true,"href":"https:\/\/dirigocoating.pl\/fr\/wp-json\/wp\/v2\/product_cat?post=12637"},{"taxonomy":"product_tag","embeddable":true,"href":"https:\/\/dirigocoating.pl\/fr\/wp-json\/wp\/v2\/product_tag?post=12637"}],"curies":[{"name":"wp","href":"https:\/\/api.w.org\/{rel}","templated":true}]}}