{"id":12639,"date":"2025-07-23T11:04:15","date_gmt":"2025-07-23T11:04:15","guid":{"rendered":"https:\/\/dirigocoating.pl\/produkt\/voltabas-0302-2\/"},"modified":"2025-07-23T11:04:15","modified_gmt":"2025-07-23T11:04:15","slug":"voltabas-0302-2","status":"publish","type":"product","link":"https:\/\/dirigocoating.pl\/fr\/produit\/voltabas-0302-2\/","title":{"rendered":"Voltabas 0302"},"content":{"rendered":"<p data-start=\"0\" data-end=\"21\"><strong data-start=\"0\" data-end=\"21\">Crit\u00e8res du produit<\/strong><\/p>\n<p data-start=\"23\" data-end=\"45\"><strong data-start=\"23\" data-end=\"43\">Classe thermique :<\/strong><\/p>\n<ul data-start=\"46\" data-end=\"56\">\n<li data-start=\"46\" data-end=\"56\">\n<p data-start=\"48\" data-end=\"56\">180\u202f\u00b0C<\/p>\n<\/li>\n<\/ul>\n<p data-start=\"58\" data-end=\"77\"><strong data-start=\"58\" data-end=\"75\">Application :<\/strong><\/p>\n<ul data-start=\"78\" data-end=\"279\">\n<li data-start=\"78\" data-end=\"115\">\n<p data-start=\"80\" data-end=\"115\">M\u00e9thode par immersion et cuisson<\/p>\n<\/li>\n<li data-start=\"116\" data-end=\"134\">\n<p data-start=\"118\" data-end=\"134\">M\u00e9thode par goutte<\/p>\n<\/li>\n<li data-start=\"135\" data-end=\"165\">\n<p data-start=\"137\" data-end=\"165\">M\u00e9thode rouleau-immersion<\/p>\n<\/li>\n<li data-start=\"166\" data-end=\"191\">\n<p data-start=\"168\" data-end=\"191\">Impr\u00e9gnation sous vide<\/p>\n<\/li>\n<li data-start=\"192\" data-end=\"235\">\n<p data-start=\"194\" data-end=\"235\">VPI \u2013 impr\u00e9gnation sous pression et vide<\/p>\n<\/li>\n<li data-start=\"236\" data-end=\"257\">\n<p data-start=\"238\" data-end=\"257\">trempage \u00e0 chaud<\/p>\n<\/li>\n<li data-start=\"258\" data-end=\"279\">\n<p data-start=\"260\" data-end=\"279\">peinture au pinceau<\/p>\n<\/li>\n<\/ul>\n<p data-start=\"281\" data-end=\"302\"><strong data-start=\"281\" data-end=\"300\">March\u00e9s de d\u00e9bouch\u00e9 :<\/strong><\/p>\n<ul data-start=\"303\" data-end=\"411\">\n<li data-start=\"303\" data-end=\"333\">\n<p data-start=\"305\" data-end=\"333\">Moteurs (stators, rotors)<\/p>\n<\/li>\n<li data-start=\"334\" data-end=\"353\">\n<p data-start=\"336\" data-end=\"353\">Basse tension<\/p>\n<\/li>\n<li data-start=\"354\" data-end=\"372\">\n<p data-start=\"356\" data-end=\"372\">transformateurs<\/p>\n<\/li>\n<li data-start=\"373\" data-end=\"387\">\n<p data-start=\"375\" data-end=\"387\">generatory<\/p>\n<\/li>\n<li data-start=\"388\" data-end=\"411\">\n<p data-start=\"390\" data-end=\"411\">\u00c9nergie \u00e9olienne<\/p>\n<\/li>\n<\/ul>\n<p data-start=\"413\" data-end=\"439\"><strong data-start=\"413\" data-end=\"437\">Impact sur l\u2019environnement :<\/strong><\/p>\n<ul data-start=\"440\" data-end=\"510\" data-is-last-node=\"\" data-is-only-node=\"\">\n<li data-start=\"440\" data-end=\"455\">\n<p data-start=\"442\" data-end=\"455\">Sans styr\u00e8ne<\/p>\n<\/li>\n<li data-start=\"456\" data-end=\"477\">\n<p data-start=\"458\" data-end=\"477\">Sans vinyltolu\u00e8ne<\/p>\n<\/li>\n<li data-start=\"478\" data-end=\"494\">\n<p data-start=\"480\" data-end=\"494\">Faible \u00e9mission<\/p>\n<\/li>\n<li data-start=\"495\" data-end=\"510\" data-is-last-node=\"\">\n<p data-start=\"497\" data-end=\"510\" data-is-last-node=\"\">sans VOC<\/p>\n<\/li>\n<\/ul>\n<p><a class=\"wgl-button btn-size-sm \" role=\"button\" href=\"https:\/\/dirigocoating.pl\/wp-content\/uploads\/2025\/07\/TDS-Voltabas-0302_EN_May_2024.pdf\">TDS<\/a><\/p>\n","protected":false},"excerpt":{"rendered":"<p>Voltabas 0302 est une r\u00e9sine d\u2019impr\u00e9gnation monocomposante, pr\u00eate \u00e0 l\u2019emploi et thermodurcissable.<\/p>\n","protected":false},"featured_media":12640,"template":"","meta":[],"product_brand":[],"product_cat":[419],"product_tag":[483,480,484],"class_list":{"0":"post-12639","1":"product","2":"type-product","3":"status-publish","4":"has-post-thumbnail","6":"product_cat-energy-solutions-fr","7":"product_tag-resine-a-faible-emission","8":"product_tag-resines-dimpregnation","9":"product_tag-voltabas-fr","11":"first","12":"instock","13":"shipping-taxable","14":"product-type-simple"},"_links":{"self":[{"href":"https:\/\/dirigocoating.pl\/fr\/wp-json\/wp\/v2\/product\/12639"}],"collection":[{"href":"https:\/\/dirigocoating.pl\/fr\/wp-json\/wp\/v2\/product"}],"about":[{"href":"https:\/\/dirigocoating.pl\/fr\/wp-json\/wp\/v2\/types\/product"}],"wp:featuredmedia":[{"embeddable":true,"href":"https:\/\/dirigocoating.pl\/fr\/wp-json\/wp\/v2\/media\/12640"}],"wp:attachment":[{"href":"https:\/\/dirigocoating.pl\/fr\/wp-json\/wp\/v2\/media?parent=12639"}],"wp:term":[{"taxonomy":"product_brand","embeddable":true,"href":"https:\/\/dirigocoating.pl\/fr\/wp-json\/wp\/v2\/product_brand?post=12639"},{"taxonomy":"product_cat","embeddable":true,"href":"https:\/\/dirigocoating.pl\/fr\/wp-json\/wp\/v2\/product_cat?post=12639"},{"taxonomy":"product_tag","embeddable":true,"href":"https:\/\/dirigocoating.pl\/fr\/wp-json\/wp\/v2\/product_tag?post=12639"}],"curies":[{"name":"wp","href":"https:\/\/api.w.org\/{rel}","templated":true}]}}