{"id":12647,"date":"2025-07-23T11:18:42","date_gmt":"2025-07-23T11:18:42","guid":{"rendered":"https:\/\/dirigocoating.pl\/produkt\/voltabas-0307-2\/"},"modified":"2025-07-23T11:18:42","modified_gmt":"2025-07-23T11:18:42","slug":"voltabas-0307-2","status":"publish","type":"product","link":"https:\/\/dirigocoating.pl\/fr\/produit\/voltabas-0307-2\/","title":{"rendered":"Voltabas 0307"},"content":{"rendered":"<p data-start=\"0\" data-end=\"21\"><strong data-start=\"0\" data-end=\"21\">Crit\u00e8res du produit<\/strong><\/p>\n<p data-start=\"23\" data-end=\"45\"><strong data-start=\"23\" data-end=\"43\">Classe thermique :<\/strong><\/p>\n<ul data-start=\"46\" data-end=\"56\">\n<li data-start=\"46\" data-end=\"56\">\n<p data-start=\"48\" data-end=\"56\">180 \u00b0C<\/p>\n<\/li>\n<\/ul>\n<p data-start=\"58\" data-end=\"77\"><strong data-start=\"58\" data-end=\"75\">Application :<\/strong><\/p>\n<ul data-start=\"78\" data-end=\"304\">\n<li data-start=\"78\" data-end=\"121\">\n<p data-start=\"80\" data-end=\"121\">Par immersion et cuisson (dip &amp; bake)<\/p>\n<\/li>\n<li data-start=\"122\" data-end=\"155\">\n<p data-start=\"124\" data-end=\"155\">Proc\u00e9d\u00e9 par gouttage (trickle feed)<\/p>\n<\/li>\n<li data-start=\"156\" data-end=\"189\">\n<p data-start=\"158\" data-end=\"189\">M\u00e9thode rouleau-immersion<\/p>\n<\/li>\n<li data-start=\"190\" data-end=\"215\">\n<p data-start=\"192\" data-end=\"215\">Impr\u00e9gnation sous vide<\/p>\n<\/li>\n<li data-start=\"216\" data-end=\"259\">\n<p data-start=\"218\" data-end=\"259\">VPI \u2013 impr\u00e9gnation sous pression et vide<\/p>\n<\/li>\n<li data-start=\"260\" data-end=\"281\">\n<p data-start=\"262\" data-end=\"281\">Trempage \u00e0 chaud<\/p>\n<\/li>\n<li data-start=\"282\" data-end=\"304\">\n<p data-start=\"284\" data-end=\"304\">peinture au pinceau<\/p>\n<\/li>\n<\/ul>\n<p data-start=\"306\" data-end=\"318\"><strong data-start=\"306\" data-end=\"316\">March\u00e9s de d\u00e9bouch\u00e9 :<\/strong><\/p>\n<ul data-start=\"319\" data-end=\"427\">\n<li data-start=\"319\" data-end=\"349\">\n<p data-start=\"321\" data-end=\"349\">Moteurs (stator, rotor)<\/p>\n<\/li>\n<li data-start=\"350\" data-end=\"369\">\n<p data-start=\"352\" data-end=\"369\">Basse tension<\/p>\n<\/li>\n<li data-start=\"370\" data-end=\"388\">\n<p data-start=\"372\" data-end=\"388\">transformateurs<\/p>\n<\/li>\n<li data-start=\"389\" data-end=\"403\">\n<p data-start=\"391\" data-end=\"403\">generatory<\/p>\n<\/li>\n<li data-start=\"404\" data-end=\"427\">\n<p data-start=\"406\" data-end=\"427\">\u00c9nergie \u00e9olienne<\/p>\n<\/li>\n<\/ul>\n<p data-start=\"429\" data-end=\"455\"><strong data-start=\"429\" data-end=\"453\">Impact sur l\u2019environnement :<\/strong><\/p>\n<ul data-start=\"456\" data-end=\"526\" data-is-last-node=\"\" data-is-only-node=\"\">\n<li data-start=\"456\" data-end=\"471\">\n<p data-start=\"458\" data-end=\"471\">Sans styr\u00e8ne<\/p>\n<\/li>\n<li data-start=\"472\" data-end=\"493\">\n<p data-start=\"474\" data-end=\"493\">Sans vinyltolu\u00e8ne<\/p>\n<\/li>\n<li data-start=\"494\" data-end=\"510\">\n<p data-start=\"496\" data-end=\"510\">Faible \u00e9mission<\/p>\n<\/li>\n<li data-start=\"511\" data-end=\"526\" data-is-last-node=\"\">\n<p data-start=\"513\" data-end=\"526\" data-is-last-node=\"\">sans VOC<\/p>\n<\/li>\n<\/ul>\n<p><a class=\"wgl-button btn-size-sm \" role=\"button\" href=\"https:\/\/dirigocoating.pl\/wp-content\/uploads\/2025\/07\/TDS-Voltabas-0307_Toolbox_EN_May_2024.pdf\">TDS<\/a><\/p>\n","protected":false},"excerpt":{"rendered":"<p>Voltabas 0307 est une r\u00e9sine d\u2019impr\u00e9gnation monocomposante, pr\u00eate \u00e0 l\u2019emploi et thermodurcissable.<\/p>\n","protected":false},"featured_media":12648,"template":"","meta":[],"product_brand":[],"product_cat":[419],"product_tag":[483,480,484],"class_list":{"0":"post-12647","1":"product","2":"type-product","3":"status-publish","4":"has-post-thumbnail","6":"product_cat-energy-solutions-fr","7":"product_tag-resine-a-faible-emission","8":"product_tag-resines-dimpregnation","9":"product_tag-voltabas-fr","11":"first","12":"instock","13":"shipping-taxable","14":"product-type-simple"},"_links":{"self":[{"href":"https:\/\/dirigocoating.pl\/fr\/wp-json\/wp\/v2\/product\/12647"}],"collection":[{"href":"https:\/\/dirigocoating.pl\/fr\/wp-json\/wp\/v2\/product"}],"about":[{"href":"https:\/\/dirigocoating.pl\/fr\/wp-json\/wp\/v2\/types\/product"}],"wp:featuredmedia":[{"embeddable":true,"href":"https:\/\/dirigocoating.pl\/fr\/wp-json\/wp\/v2\/media\/12648"}],"wp:attachment":[{"href":"https:\/\/dirigocoating.pl\/fr\/wp-json\/wp\/v2\/media?parent=12647"}],"wp:term":[{"taxonomy":"product_brand","embeddable":true,"href":"https:\/\/dirigocoating.pl\/fr\/wp-json\/wp\/v2\/product_brand?post=12647"},{"taxonomy":"product_cat","embeddable":true,"href":"https:\/\/dirigocoating.pl\/fr\/wp-json\/wp\/v2\/product_cat?post=12647"},{"taxonomy":"product_tag","embeddable":true,"href":"https:\/\/dirigocoating.pl\/fr\/wp-json\/wp\/v2\/product_tag?post=12647"}],"curies":[{"name":"wp","href":"https:\/\/api.w.org\/{rel}","templated":true}]}}