{"id":12673,"date":"2025-07-23T10:43:38","date_gmt":"2025-07-23T10:43:38","guid":{"rendered":"https:\/\/dirigocoating.pl\/produkt\/voltatex-4250-2\/"},"modified":"2025-07-23T10:43:38","modified_gmt":"2025-07-23T10:43:38","slug":"voltatex-4250-2","status":"publish","type":"product","link":"https:\/\/dirigocoating.pl\/fr\/produit\/voltatex-4250-2\/","title":{"rendered":"Voltatex 4250"},"content":{"rendered":"<p><b>Crit\u00e8res du produit<\/b><\/p>\n<p><b>Classe thermique :<\/b><\/p>\n<ul>\n<li style=\"font-weight: 400;\" aria-level=\"1\"><span style=\"font-weight: 400;\">220\u202f\u00b0C<\/span><\/li>\n<\/ul>\n<p><b>Application :<\/b><\/p>\n<ul>\n<li style=\"font-weight: 400;\" aria-level=\"1\"><span style=\"font-weight: 400;\">M\u00e9thode par immersion et cuisson<\/span><\/li>\n<li style=\"font-weight: 400;\" aria-level=\"1\"><span style=\"font-weight: 400;\">M\u00e9thode par goutte<\/span><\/li>\n<li style=\"font-weight: 400;\" aria-level=\"1\"><span style=\"font-weight: 400;\">M\u00e9thode rouleau-immersion<\/span><\/li>\n<li style=\"font-weight: 400;\" aria-level=\"1\"><span style=\"font-weight: 400;\">Impr\u00e9gnation sous vide<\/span><\/li>\n<li style=\"font-weight: 400;\" aria-level=\"1\"><span style=\"font-weight: 400;\">VPI \u2013 impr\u00e9gnation sous pression et vide<\/span><\/li>\n<li style=\"font-weight: 400;\" aria-level=\"1\"><span style=\"font-weight: 400;\">Trempage \u00e0 chaud<\/span><\/li>\n<li style=\"font-weight: 400;\" aria-level=\"1\"><span style=\"font-weight: 400;\">proc\u00e9d\u00e9 \u00e9lectrique UV<\/span><\/li>\n<\/ul>\n<p><b>March\u00e9s de d\u00e9bouch\u00e9 :<\/b><\/p>\n<ul>\n<li style=\"font-weight: 400;\" aria-level=\"1\"><span style=\"font-weight: 400;\">Moteurs (stator, rotor)<\/span><\/li>\n<li style=\"font-weight: 400;\" aria-level=\"1\"><span style=\"font-weight: 400;\">Basse tension<\/span><\/li>\n<li style=\"font-weight: 400;\" aria-level=\"1\"><span style=\"font-weight: 400;\">G\u00e9n\u00e9rateurs<\/span><\/li>\n<li style=\"font-weight: 400;\" aria-level=\"1\"><span style=\"font-weight: 400;\">\u00c9nergie \u00e9olienne<\/span><\/li>\n<li style=\"font-weight: 400;\" aria-level=\"1\"><span style=\"font-weight: 400;\">Automobile<\/span><\/li>\n<\/ul>\n<p><b>Impact sur l\u2019environnement :<\/b><\/p>\n<ul>\n<li style=\"font-weight: 400;\" aria-level=\"1\"><span style=\"font-weight: 400;\">sans VOC<\/span><\/li>\n<li style=\"font-weight: 400;\" aria-level=\"1\"><span style=\"font-weight: 400;\">Sans styr\u00e8ne<\/span><\/li>\n<li style=\"font-weight: 400;\" aria-level=\"1\"><span style=\"font-weight: 400;\">Sans vinyltolu\u00e8ne<\/span><\/li>\n<li style=\"font-weight: 400;\" aria-level=\"1\"><span style=\"font-weight: 400;\">Faible \u00e9mission<\/span><\/li>\n<\/ul>\n<p>&nbsp;<\/p>\n","protected":false},"excerpt":{"rendered":"<p>Voltatex\u00ae 4250 est une r\u00e9sine d\u2019impr\u00e9gnation monocomposante, pr\u00eate \u00e0 l\u2019emploi, transparente \u00e0 l\u00e9g\u00e8rement trouble de couleur jaune-brun, thermodurcissable, sans styr\u00e8ne ni vinyltolu\u00e8ne.<\/p>\n","protected":false},"featured_media":12674,"template":"","meta":[],"product_brand":[],"product_cat":[419],"product_tag":[483,480,481],"class_list":{"0":"post-12673","1":"product","2":"type-product","3":"status-publish","4":"has-post-thumbnail","6":"product_cat-energy-solutions-fr","7":"product_tag-resine-a-faible-emission","8":"product_tag-resines-dimpregnation","9":"product_tag-voltatex-fr","11":"first","12":"instock","13":"shipping-taxable","14":"product-type-simple"},"_links":{"self":[{"href":"https:\/\/dirigocoating.pl\/fr\/wp-json\/wp\/v2\/product\/12673"}],"collection":[{"href":"https:\/\/dirigocoating.pl\/fr\/wp-json\/wp\/v2\/product"}],"about":[{"href":"https:\/\/dirigocoating.pl\/fr\/wp-json\/wp\/v2\/types\/product"}],"wp:featuredmedia":[{"embeddable":true,"href":"https:\/\/dirigocoating.pl\/fr\/wp-json\/wp\/v2\/media\/12674"}],"wp:attachment":[{"href":"https:\/\/dirigocoating.pl\/fr\/wp-json\/wp\/v2\/media?parent=12673"}],"wp:term":[{"taxonomy":"product_brand","embeddable":true,"href":"https:\/\/dirigocoating.pl\/fr\/wp-json\/wp\/v2\/product_brand?post=12673"},{"taxonomy":"product_cat","embeddable":true,"href":"https:\/\/dirigocoating.pl\/fr\/wp-json\/wp\/v2\/product_cat?post=12673"},{"taxonomy":"product_tag","embeddable":true,"href":"https:\/\/dirigocoating.pl\/fr\/wp-json\/wp\/v2\/product_tag?post=12673"}],"curies":[{"name":"wp","href":"https:\/\/api.w.org\/{rel}","templated":true}]}}