{"id":12679,"date":"2025-07-23T10:47:55","date_gmt":"2025-07-23T10:47:55","guid":{"rendered":"https:\/\/dirigocoating.pl\/produkt\/voltatex-4310\/"},"modified":"2025-07-23T10:47:55","modified_gmt":"2025-07-23T10:47:55","slug":"voltatex-4310","status":"publish","type":"product","link":"https:\/\/dirigocoating.pl\/fr\/produit\/voltatex-4310\/","title":{"rendered":"Voltatex 4310"},"content":{"rendered":"<p><b>Crit\u00e8res du produit<\/b><\/p>\n<p>Classe thermique :<\/p>\n<ul>\n<li aria-level=\"1\">180\u202f\u00b0C<\/li>\n<\/ul>\n<p>Application :<\/p>\n<ul>\n<li aria-level=\"1\">M\u00e9thode par goutte<\/li>\n<\/ul>\n<ul>\n<li aria-level=\"1\">M\u00e9thode rouleau-immersion<\/li>\n<\/ul>\n<p>March\u00e9s de d\u00e9bouch\u00e9 :<\/p>\n<ul>\n<li aria-level=\"1\">outils \u00e9lectriques (stators et rotors)<\/li>\n<\/ul>\n<ul>\n<li aria-level=\"1\">Basse tension<\/li>\n<\/ul>\n<p>Impact sur l\u2019environnement :<\/p>\n<ul>\n<li aria-level=\"1\">Sans vinyltolu\u00e8ne<\/li>\n<\/ul>\n<ul>\n<li aria-level=\"1\">Faible \u00e9mission<\/li>\n<\/ul>\n<p>&nbsp;<\/p>\n","protected":false},"excerpt":{"rendered":"<p>Voltatex\u00ae 4310 est une r\u00e9sine d\u2019impr\u00e9gnation monocomposante, pr\u00eate \u00e0 l\u2019emploi, transparente \u00e0 l\u00e9g\u00e8rement trouble de couleur jaune-brun, thermodurcissable et sans vinyltolu\u00e8ne.<\/p>\n","protected":false},"featured_media":12680,"template":"","meta":[],"product_brand":[],"product_cat":[419],"product_tag":[483,480,481],"class_list":{"0":"post-12679","1":"product","2":"type-product","3":"status-publish","4":"has-post-thumbnail","6":"product_cat-energy-solutions-fr","7":"product_tag-resine-a-faible-emission","8":"product_tag-resines-dimpregnation","9":"product_tag-voltatex-fr","11":"first","12":"instock","13":"shipping-taxable","14":"product-type-simple"},"_links":{"self":[{"href":"https:\/\/dirigocoating.pl\/fr\/wp-json\/wp\/v2\/product\/12679"}],"collection":[{"href":"https:\/\/dirigocoating.pl\/fr\/wp-json\/wp\/v2\/product"}],"about":[{"href":"https:\/\/dirigocoating.pl\/fr\/wp-json\/wp\/v2\/types\/product"}],"wp:featuredmedia":[{"embeddable":true,"href":"https:\/\/dirigocoating.pl\/fr\/wp-json\/wp\/v2\/media\/12680"}],"wp:attachment":[{"href":"https:\/\/dirigocoating.pl\/fr\/wp-json\/wp\/v2\/media?parent=12679"}],"wp:term":[{"taxonomy":"product_brand","embeddable":true,"href":"https:\/\/dirigocoating.pl\/fr\/wp-json\/wp\/v2\/product_brand?post=12679"},{"taxonomy":"product_cat","embeddable":true,"href":"https:\/\/dirigocoating.pl\/fr\/wp-json\/wp\/v2\/product_cat?post=12679"},{"taxonomy":"product_tag","embeddable":true,"href":"https:\/\/dirigocoating.pl\/fr\/wp-json\/wp\/v2\/product_tag?post=12679"}],"curies":[{"name":"wp","href":"https:\/\/api.w.org\/{rel}","templated":true}]}}