{"id":12687,"date":"2025-07-23T08:58:34","date_gmt":"2025-07-23T08:58:34","guid":{"rendered":"https:\/\/dirigocoating.pl\/produkt\/voltatex-4000\/"},"modified":"2025-09-12T09:47:30","modified_gmt":"2025-09-12T09:47:30","slug":"voltatex-4000","status":"publish","type":"product","link":"https:\/\/dirigocoating.pl\/fr\/produit\/voltatex-4000\/","title":{"rendered":"Voltatex 4000"},"content":{"rendered":"<p data-start=\"0\" data-end=\"21\"><strong data-start=\"0\" data-end=\"21\">Crit\u00e8res du produit<\/strong><\/p>\n<p data-start=\"23\" data-end=\"45\"><strong data-start=\"23\" data-end=\"43\">Classe thermique :<\/strong><\/p>\n<ul data-start=\"46\" data-end=\"56\">\n<li data-start=\"46\" data-end=\"56\">\n<p data-start=\"48\" data-end=\"56\">180\u202f\u00b0C<\/p>\n<\/li>\n<\/ul>\n<p data-start=\"58\" data-end=\"77\"><strong data-start=\"58\" data-end=\"75\">Application :<\/strong><\/p>\n<ul data-start=\"78\" data-end=\"235\">\n<li data-start=\"78\" data-end=\"115\">\n<p data-start=\"80\" data-end=\"115\">M\u00e9thode par immersion et cuisson<\/p>\n<\/li>\n<li data-start=\"116\" data-end=\"141\">\n<p data-start=\"118\" data-end=\"141\">Impr\u00e9gnation sous vide<\/p>\n<\/li>\n<li data-start=\"142\" data-end=\"185\">\n<p data-start=\"144\" data-end=\"185\">VPI \u2013 impr\u00e9gnation sous pression et vide<\/p>\n<\/li>\n<li data-start=\"186\" data-end=\"204\">\n<p data-start=\"188\" data-end=\"204\">M\u00e9thode par goutte<\/p>\n<\/li>\n<li data-start=\"205\" data-end=\"235\">\n<p data-start=\"207\" data-end=\"235\">M\u00e9thode rouleau-immersion<\/p>\n<\/li>\n<\/ul>\n<p data-start=\"237\" data-end=\"258\"><strong data-start=\"237\" data-end=\"256\">March\u00e9s de d\u00e9bouch\u00e9 :<\/strong><\/p>\n<ul data-start=\"259\" data-end=\"383\">\n<li data-start=\"259\" data-end=\"289\">\n<p data-start=\"261\" data-end=\"289\">Moteurs (stator, rotor)<\/p>\n<\/li>\n<li data-start=\"290\" data-end=\"316\">\n<p data-start=\"292\" data-end=\"316\">moteurs \u00e0 grande vitesse<\/p>\n<\/li>\n<li data-start=\"317\" data-end=\"344\">\n<p data-start=\"319\" data-end=\"344\">entra\u00eenements \u00e0 grande \u00e9chelle<\/p>\n<\/li>\n<li data-start=\"345\" data-end=\"364\">\n<p data-start=\"347\" data-end=\"364\">Basse tension<\/p>\n<\/li>\n<li data-start=\"365\" data-end=\"383\">\n<p data-start=\"367\" data-end=\"383\">transformateurs<\/p>\n<\/li>\n<\/ul>\n<p data-start=\"385\" data-end=\"411\"><strong data-start=\"385\" data-end=\"409\">Impact sur l\u2019environnement :<\/strong><\/p>\n<ul data-start=\"412\" data-end=\"433\">\n<li data-start=\"412\" data-end=\"433\">\n<p data-start=\"414\" data-end=\"433\">Sans vinyltolu\u00e8ne<\/p>\n<\/li>\n<\/ul>\n","protected":false},"excerpt":{"rendered":"<p>Voltatex\u00ae 4000 est une r\u00e9sine d\u2019impr\u00e9gnation monocomposante, pr\u00eate \u00e0 l\u2019emploi, transparente de couleur jaune-brun et thermodurcissable.<\/p>\n<ul>\n<li>Avantages :\n<ul class=\"wp-block-list\">\n<li>Bonnes propri\u00e9t\u00e9s de p\u00e9n\u00e9tration.<\/li>\n<li>Haute r\u00e9sistance thermique et aux vapeurs de solvants.<\/li>\n<li>Faible tendance \u00e0 la fissuration<\/li>\n<\/ul>\n<\/li>\n<\/ul>\n","protected":false},"featured_media":12688,"template":"","meta":[],"product_brand":[],"product_cat":[419],"product_tag":[480,488,481],"class_list":{"0":"post-12687","1":"product","2":"type-product","3":"status-publish","4":"has-post-thumbnail","6":"product_cat-energy-solutions-fr","7":"product_tag-resines-dimpregnation","8":"product_tag-resines-diluees-au-styrene","9":"product_tag-voltatex-fr","11":"first","12":"instock","13":"shipping-taxable","14":"product-type-simple"},"_links":{"self":[{"href":"https:\/\/dirigocoating.pl\/fr\/wp-json\/wp\/v2\/product\/12687"}],"collection":[{"href":"https:\/\/dirigocoating.pl\/fr\/wp-json\/wp\/v2\/product"}],"about":[{"href":"https:\/\/dirigocoating.pl\/fr\/wp-json\/wp\/v2\/types\/product"}],"wp:featuredmedia":[{"embeddable":true,"href":"https:\/\/dirigocoating.pl\/fr\/wp-json\/wp\/v2\/media\/12688"}],"wp:attachment":[{"href":"https:\/\/dirigocoating.pl\/fr\/wp-json\/wp\/v2\/media?parent=12687"}],"wp:term":[{"taxonomy":"product_brand","embeddable":true,"href":"https:\/\/dirigocoating.pl\/fr\/wp-json\/wp\/v2\/product_brand?post=12687"},{"taxonomy":"product_cat","embeddable":true,"href":"https:\/\/dirigocoating.pl\/fr\/wp-json\/wp\/v2\/product_cat?post=12687"},{"taxonomy":"product_tag","embeddable":true,"href":"https:\/\/dirigocoating.pl\/fr\/wp-json\/wp\/v2\/product_tag?post=12687"}],"curies":[{"name":"wp","href":"https:\/\/api.w.org\/{rel}","templated":true}]}}