{"id":12691,"date":"2025-07-23T09:17:28","date_gmt":"2025-07-23T09:17:28","guid":{"rendered":"https:\/\/dirigocoating.pl\/produkt\/voltatex-4001\/"},"modified":"2025-07-23T09:17:28","modified_gmt":"2025-07-23T09:17:28","slug":"voltatex-4001","status":"publish","type":"product","link":"https:\/\/dirigocoating.pl\/fr\/produit\/voltatex-4001\/","title":{"rendered":"Voltatex 4001"},"content":{"rendered":"<p data-start=\"0\" data-end=\"21\"><strong data-start=\"0\" data-end=\"21\">Crit\u00e8res du produit<\/strong><\/p>\n<p data-start=\"23\" data-end=\"45\"><strong data-start=\"23\" data-end=\"43\">Classe thermique :<\/strong><\/p>\n<ul data-start=\"46\" data-end=\"56\">\n<li data-start=\"46\" data-end=\"56\">\n<p data-start=\"48\" data-end=\"56\">200\u202f\u00b0C<\/p>\n<\/li>\n<\/ul>\n<p data-start=\"58\" data-end=\"77\"><strong data-start=\"58\" data-end=\"75\">Application :<\/strong><\/p>\n<ul data-start=\"78\" data-end=\"235\">\n<li data-start=\"78\" data-end=\"115\">\n<p data-start=\"80\" data-end=\"115\">M\u00e9thode par immersion et cuisson<\/p>\n<\/li>\n<li data-start=\"116\" data-end=\"141\">\n<p data-start=\"118\" data-end=\"141\">Impr\u00e9gnation sous vide<\/p>\n<\/li>\n<li data-start=\"142\" data-end=\"185\">\n<p data-start=\"144\" data-end=\"185\">VPI \u2013 impr\u00e9gnation sous pression et vide<\/p>\n<\/li>\n<li data-start=\"186\" data-end=\"204\">\n<p data-start=\"188\" data-end=\"204\">M\u00e9thode par goutte<\/p>\n<\/li>\n<li data-start=\"205\" data-end=\"235\">\n<p data-start=\"207\" data-end=\"235\">M\u00e9thode rouleau-immersion<\/p>\n<\/li>\n<\/ul>\n<p data-start=\"237\" data-end=\"258\"><strong data-start=\"237\" data-end=\"256\">March\u00e9s de d\u00e9bouch\u00e9 :<\/strong><\/p>\n<ul data-start=\"259\" data-end=\"319\">\n<li data-start=\"259\" data-end=\"280\">\n<p data-start=\"261\" data-end=\"280\">moteurs (stators)<\/p>\n<\/li>\n<li data-start=\"281\" data-end=\"300\">\n<p data-start=\"283\" data-end=\"300\">Basse tension<\/p>\n<\/li>\n<li data-start=\"301\" data-end=\"319\">\n<p data-start=\"303\" data-end=\"319\">transformateurs<\/p>\n<\/li>\n<\/ul>\n<p data-start=\"321\" data-end=\"347\"><strong data-start=\"321\" data-end=\"345\">Impact sur l\u2019environnement :<\/strong><\/p>\n<ul data-start=\"348\" data-end=\"369\">\n<li data-start=\"348\" data-end=\"369\">\n<p data-start=\"350\" data-end=\"369\">Sans vinyltolu\u00e8ne<\/p>\n<\/li>\n<\/ul>\n","protected":false},"excerpt":{"rendered":"<p>Voltatex\u00ae 4001 est une r\u00e9sine d\u2019impr\u00e9gnation monocomposante, pr\u00eate \u00e0 l\u2019emploi, l\u00e9g\u00e8rement trouble de couleur jaune-brun, \u00e0 haute activit\u00e9 capillaire et thermodurcissable.<\/p>\n","protected":false},"featured_media":12692,"template":"","meta":[],"product_brand":[],"product_cat":[419],"product_tag":[480,488,481],"class_list":{"0":"post-12691","1":"product","2":"type-product","3":"status-publish","4":"has-post-thumbnail","6":"product_cat-energy-solutions-fr","7":"product_tag-resines-dimpregnation","8":"product_tag-resines-diluees-au-styrene","9":"product_tag-voltatex-fr","11":"first","12":"instock","13":"shipping-taxable","14":"product-type-simple"},"_links":{"self":[{"href":"https:\/\/dirigocoating.pl\/fr\/wp-json\/wp\/v2\/product\/12691"}],"collection":[{"href":"https:\/\/dirigocoating.pl\/fr\/wp-json\/wp\/v2\/product"}],"about":[{"href":"https:\/\/dirigocoating.pl\/fr\/wp-json\/wp\/v2\/types\/product"}],"wp:featuredmedia":[{"embeddable":true,"href":"https:\/\/dirigocoating.pl\/fr\/wp-json\/wp\/v2\/media\/12692"}],"wp:attachment":[{"href":"https:\/\/dirigocoating.pl\/fr\/wp-json\/wp\/v2\/media?parent=12691"}],"wp:term":[{"taxonomy":"product_brand","embeddable":true,"href":"https:\/\/dirigocoating.pl\/fr\/wp-json\/wp\/v2\/product_brand?post=12691"},{"taxonomy":"product_cat","embeddable":true,"href":"https:\/\/dirigocoating.pl\/fr\/wp-json\/wp\/v2\/product_cat?post=12691"},{"taxonomy":"product_tag","embeddable":true,"href":"https:\/\/dirigocoating.pl\/fr\/wp-json\/wp\/v2\/product_tag?post=12691"}],"curies":[{"name":"wp","href":"https:\/\/api.w.org\/{rel}","templated":true}]}}