{"id":12695,"date":"2025-07-23T09:29:24","date_gmt":"2025-07-23T09:29:24","guid":{"rendered":"https:\/\/dirigocoating.pl\/produkt\/voltatex-4010-2\/"},"modified":"2025-07-23T09:29:24","modified_gmt":"2025-07-23T09:29:24","slug":"voltatex-4010-2","status":"publish","type":"product","link":"https:\/\/dirigocoating.pl\/fr\/produit\/voltatex-4010-2\/","title":{"rendered":"Voltatex 4010"},"content":{"rendered":"<p data-start=\"0\" data-end=\"21\"><strong data-start=\"0\" data-end=\"21\">Crit\u00e8res du produit<\/strong><\/p>\n<p data-start=\"23\" data-end=\"45\"><strong data-start=\"23\" data-end=\"43\">Classe thermique :<\/strong><\/p>\n<ul data-start=\"46\" data-end=\"56\">\n<li data-start=\"46\" data-end=\"56\">\n<p data-start=\"48\" data-end=\"56\">180\u202f\u00b0C<\/p>\n<\/li>\n<\/ul>\n<p data-start=\"58\" data-end=\"77\"><strong data-start=\"58\" data-end=\"75\">Application :<\/strong><\/p>\n<ul data-start=\"78\" data-end=\"127\">\n<li data-start=\"78\" data-end=\"96\">\n<p data-start=\"80\" data-end=\"96\">M\u00e9thode par goutte<\/p>\n<\/li>\n<li data-start=\"97\" data-end=\"127\">\n<p data-start=\"99\" data-end=\"127\">M\u00e9thode rouleau-immersion<\/p>\n<\/li>\n<\/ul>\n<p data-start=\"129\" data-end=\"150\"><strong data-start=\"129\" data-end=\"148\">March\u00e9s de d\u00e9bouch\u00e9 :<\/strong><\/p>\n<ul data-start=\"151\" data-end=\"201\">\n<li data-start=\"151\" data-end=\"181\">\n<p data-start=\"153\" data-end=\"181\">Moteurs (stator, rotor)<\/p>\n<\/li>\n<li data-start=\"182\" data-end=\"201\">\n<p data-start=\"184\" data-end=\"201\">Basse tension<\/p>\n<\/li>\n<\/ul>\n<p data-start=\"203\" data-end=\"229\"><strong data-start=\"203\" data-end=\"227\">Impact sur l\u2019environnement :<\/strong><\/p>\n<ul data-start=\"230\" data-end=\"251\">\n<li data-start=\"230\" data-end=\"251\">\n<p data-start=\"232\" data-end=\"251\">Sans vinyltolu\u00e8ne<\/p>\n<\/li>\n<\/ul>\n","protected":false},"excerpt":{"rendered":"<p>Voltatex\u00ae 4010 est une r\u00e9sine d\u2019impr\u00e9gnation monocomposante, pr\u00eate \u00e0 l\u2019emploi, transparente de couleur jaune-brun, \u00e0 haute activit\u00e9 capillaire et thermodurcissable.<\/p>\n","protected":false},"featured_media":12696,"template":"","meta":[],"product_brand":[],"product_cat":[419],"product_tag":[480,488,481],"class_list":{"0":"post-12695","1":"product","2":"type-product","3":"status-publish","4":"has-post-thumbnail","6":"product_cat-energy-solutions-fr","7":"product_tag-resines-dimpregnation","8":"product_tag-resines-diluees-au-styrene","9":"product_tag-voltatex-fr","11":"first","12":"instock","13":"shipping-taxable","14":"product-type-simple"},"_links":{"self":[{"href":"https:\/\/dirigocoating.pl\/fr\/wp-json\/wp\/v2\/product\/12695"}],"collection":[{"href":"https:\/\/dirigocoating.pl\/fr\/wp-json\/wp\/v2\/product"}],"about":[{"href":"https:\/\/dirigocoating.pl\/fr\/wp-json\/wp\/v2\/types\/product"}],"wp:featuredmedia":[{"embeddable":true,"href":"https:\/\/dirigocoating.pl\/fr\/wp-json\/wp\/v2\/media\/12696"}],"wp:attachment":[{"href":"https:\/\/dirigocoating.pl\/fr\/wp-json\/wp\/v2\/media?parent=12695"}],"wp:term":[{"taxonomy":"product_brand","embeddable":true,"href":"https:\/\/dirigocoating.pl\/fr\/wp-json\/wp\/v2\/product_brand?post=12695"},{"taxonomy":"product_cat","embeddable":true,"href":"https:\/\/dirigocoating.pl\/fr\/wp-json\/wp\/v2\/product_cat?post=12695"},{"taxonomy":"product_tag","embeddable":true,"href":"https:\/\/dirigocoating.pl\/fr\/wp-json\/wp\/v2\/product_tag?post=12695"}],"curies":[{"name":"wp","href":"https:\/\/api.w.org\/{rel}","templated":true}]}}