{"id":12705,"date":"2025-07-23T10:15:23","date_gmt":"2025-07-23T10:15:23","guid":{"rendered":"https:\/\/dirigocoating.pl\/produkt\/voltatex-4130-2\/"},"modified":"2025-09-12T10:04:36","modified_gmt":"2025-09-12T10:04:36","slug":"voltatex-4130-2","status":"publish","type":"product","link":"https:\/\/dirigocoating.pl\/fr\/produit\/voltatex-4130-2\/","title":{"rendered":"Voltatex 4130"},"content":{"rendered":"<p data-start=\"0\" data-end=\"21\"><strong data-start=\"0\" data-end=\"21\">Crit\u00e8res du produit<\/strong><\/p>\n<p data-start=\"23\" data-end=\"45\"><strong data-start=\"23\" data-end=\"43\">Classe thermique :<\/strong><\/p>\n<ul data-start=\"46\" data-end=\"56\">\n<li data-start=\"46\" data-end=\"56\">\n<p data-start=\"48\" data-end=\"56\">180\u202f\u00b0C<\/p>\n<\/li>\n<\/ul>\n<p data-start=\"58\" data-end=\"77\"><strong data-start=\"58\" data-end=\"75\">Application :<\/strong><\/p>\n<ul data-start=\"78\" data-end=\"185\">\n<li data-start=\"78\" data-end=\"115\">\n<p data-start=\"80\" data-end=\"115\">M\u00e9thode par immersion et cuisson<\/p>\n<\/li>\n<li data-start=\"116\" data-end=\"141\">\n<p data-start=\"118\" data-end=\"141\">Impr\u00e9gnation sous vide<\/p>\n<\/li>\n<li data-start=\"142\" data-end=\"185\">\n<p data-start=\"144\" data-end=\"185\">VPI \u2013 impr\u00e9gnation sous pression et vide<\/p>\n<\/li>\n<\/ul>\n<p data-start=\"187\" data-end=\"208\"><strong data-start=\"187\" data-end=\"206\">March\u00e9s de d\u00e9bouch\u00e9 :<\/strong><\/p>\n<ul data-start=\"209\" data-end=\"259\">\n<li data-start=\"209\" data-end=\"228\">\n<p data-start=\"211\" data-end=\"228\">Basse tension<\/p>\n<\/li>\n<li data-start=\"229\" data-end=\"247\">\n<p data-start=\"231\" data-end=\"247\">transformateurs<\/p>\n<\/li>\n<li data-start=\"248\" data-end=\"259\">\n<p data-start=\"250\" data-end=\"259\">stators<\/p>\n<\/li>\n<\/ul>\n<p data-start=\"261\" data-end=\"287\"><strong data-start=\"261\" data-end=\"285\">Impact sur l\u2019environnement :<\/strong><\/p>\n<ul data-start=\"288\" data-end=\"301\" data-is-last-node=\"\" data-is-only-node=\"\">\n<li data-start=\"288\" data-end=\"301\" data-is-last-node=\"\">\n<p data-start=\"290\" data-end=\"301\" data-is-last-node=\"\">Sans styr\u00e8ne<\/p>\n<\/li>\n<\/ul>\n","protected":false},"excerpt":{"rendered":"<p>Voltatex\u00ae 4130 est une r\u00e9sine d\u2019impr\u00e9gnation monocomposante, pr\u00eate \u00e0 l\u2019emploi, jaune-brun et trouble, thermodurcissable et sans styr\u00e8ne.<\/p>\n","protected":false},"featured_media":12706,"template":"","meta":[],"product_brand":[],"product_cat":[419],"product_tag":[480,482,481],"class_list":{"0":"post-12705","1":"product","2":"type-product","3":"status-publish","4":"has-post-thumbnail","6":"product_cat-energy-solutions-fr","7":"product_tag-resines-dimpregnation","8":"product_tag-resines-diluees-au-vinyltoluene","9":"product_tag-voltatex-fr","11":"first","12":"instock","13":"shipping-taxable","14":"product-type-simple"},"_links":{"self":[{"href":"https:\/\/dirigocoating.pl\/fr\/wp-json\/wp\/v2\/product\/12705"}],"collection":[{"href":"https:\/\/dirigocoating.pl\/fr\/wp-json\/wp\/v2\/product"}],"about":[{"href":"https:\/\/dirigocoating.pl\/fr\/wp-json\/wp\/v2\/types\/product"}],"wp:featuredmedia":[{"embeddable":true,"href":"https:\/\/dirigocoating.pl\/fr\/wp-json\/wp\/v2\/media\/12706"}],"wp:attachment":[{"href":"https:\/\/dirigocoating.pl\/fr\/wp-json\/wp\/v2\/media?parent=12705"}],"wp:term":[{"taxonomy":"product_brand","embeddable":true,"href":"https:\/\/dirigocoating.pl\/fr\/wp-json\/wp\/v2\/product_brand?post=12705"},{"taxonomy":"product_cat","embeddable":true,"href":"https:\/\/dirigocoating.pl\/fr\/wp-json\/wp\/v2\/product_cat?post=12705"},{"taxonomy":"product_tag","embeddable":true,"href":"https:\/\/dirigocoating.pl\/fr\/wp-json\/wp\/v2\/product_tag?post=12705"}],"curies":[{"name":"wp","href":"https:\/\/api.w.org\/{rel}","templated":true}]}}