{"id":12707,"date":"2025-07-23T10:06:26","date_gmt":"2025-07-23T10:06:26","guid":{"rendered":"https:\/\/dirigocoating.pl\/produkt\/voltatex-4100-2\/"},"modified":"2025-09-12T10:09:16","modified_gmt":"2025-09-12T10:09:16","slug":"voltatex-4100-2","status":"publish","type":"product","link":"https:\/\/dirigocoating.pl\/fr\/produit\/voltatex-4100-2\/","title":{"rendered":"Voltatex 4100"},"content":{"rendered":"<p data-start=\"0\" data-end=\"21\"><strong data-start=\"0\" data-end=\"21\">Crit\u00e8res du produit<\/strong><\/p>\n<p data-start=\"23\" data-end=\"45\"><strong data-start=\"23\" data-end=\"43\">Classe thermique :<\/strong><\/p>\n<ul data-start=\"46\" data-end=\"56\">\n<li data-start=\"46\" data-end=\"56\">\n<p data-start=\"48\" data-end=\"56\">180\u202f\u00b0C<\/p>\n<\/li>\n<\/ul>\n<p data-start=\"58\" data-end=\"77\"><strong data-start=\"58\" data-end=\"75\">Application :<\/strong><\/p>\n<ul data-start=\"78\" data-end=\"185\">\n<li data-start=\"78\" data-end=\"115\">\n<p data-start=\"80\" data-end=\"115\">M\u00e9thode par immersion et cuisson<\/p>\n<\/li>\n<li data-start=\"116\" data-end=\"141\">\n<p data-start=\"118\" data-end=\"141\">Impr\u00e9gnation sous vide<\/p>\n<\/li>\n<li data-start=\"142\" data-end=\"185\">\n<p data-start=\"144\" data-end=\"185\">VPI \u2013 impr\u00e9gnation sous pression et vide<\/p>\n<\/li>\n<\/ul>\n<p data-start=\"187\" data-end=\"208\"><strong data-start=\"187\" data-end=\"206\">March\u00e9s de d\u00e9bouch\u00e9 :<\/strong><\/p>\n<ul data-start=\"209\" data-end=\"278\">\n<li data-start=\"209\" data-end=\"239\">\n<p data-start=\"211\" data-end=\"239\">Moteurs (stator, rotor)<\/p>\n<\/li>\n<li data-start=\"240\" data-end=\"259\">\n<p data-start=\"242\" data-end=\"259\">Basse tension<\/p>\n<\/li>\n<li data-start=\"260\" data-end=\"278\">\n<p data-start=\"262\" data-end=\"278\">transformateurs<\/p>\n<\/li>\n<\/ul>\n<p data-start=\"280\" data-end=\"306\"><strong data-start=\"280\" data-end=\"304\">Impact sur l\u2019environnement :<\/strong><\/p>\n<ul data-start=\"307\" data-end=\"320\" data-is-last-node=\"\" data-is-only-node=\"\">\n<li data-start=\"307\" data-end=\"320\" data-is-last-node=\"\">\n<p data-start=\"309\" data-end=\"320\" data-is-last-node=\"\">Sans styr\u00e8ne<\/p>\n<\/li>\n<\/ul>\n<p><a class=\"wgl-button btn-size-sm \" role=\"button\" href=\"https:\/\/dirigocoating.pl\/wp-content\/uploads\/2025\/07\/Voltatex%C2%AE-4100_EN_July-2024.pdf\">TDS<\/a><\/p>\n","protected":false},"excerpt":{"rendered":"<p>Voltatex\u00ae 4100 est une r\u00e9sine d\u2019impr\u00e9gnation monocomposante, pr\u00eate \u00e0 l\u2019emploi, transparente de couleur jaune-brun, thermodurcissable et sans styr\u00e8ne.<\/p>\n","protected":false},"featured_media":12708,"template":"","meta":[],"product_brand":[],"product_cat":[419],"product_tag":[480,482,481],"class_list":{"0":"post-12707","1":"product","2":"type-product","3":"status-publish","4":"has-post-thumbnail","6":"product_cat-energy-solutions-fr","7":"product_tag-resines-dimpregnation","8":"product_tag-resines-diluees-au-vinyltoluene","9":"product_tag-voltatex-fr","11":"first","12":"instock","13":"shipping-taxable","14":"product-type-simple"},"_links":{"self":[{"href":"https:\/\/dirigocoating.pl\/fr\/wp-json\/wp\/v2\/product\/12707"}],"collection":[{"href":"https:\/\/dirigocoating.pl\/fr\/wp-json\/wp\/v2\/product"}],"about":[{"href":"https:\/\/dirigocoating.pl\/fr\/wp-json\/wp\/v2\/types\/product"}],"wp:featuredmedia":[{"embeddable":true,"href":"https:\/\/dirigocoating.pl\/fr\/wp-json\/wp\/v2\/media\/12708"}],"wp:attachment":[{"href":"https:\/\/dirigocoating.pl\/fr\/wp-json\/wp\/v2\/media?parent=12707"}],"wp:term":[{"taxonomy":"product_brand","embeddable":true,"href":"https:\/\/dirigocoating.pl\/fr\/wp-json\/wp\/v2\/product_brand?post=12707"},{"taxonomy":"product_cat","embeddable":true,"href":"https:\/\/dirigocoating.pl\/fr\/wp-json\/wp\/v2\/product_cat?post=12707"},{"taxonomy":"product_tag","embeddable":true,"href":"https:\/\/dirigocoating.pl\/fr\/wp-json\/wp\/v2\/product_tag?post=12707"}],"curies":[{"name":"wp","href":"https:\/\/api.w.org\/{rel}","templated":true}]}}