{"id":12716,"date":"2025-06-17T09:02:28","date_gmt":"2025-06-17T09:02:28","guid":{"rendered":"https:\/\/dirigocoating.pl\/produkt\/percotop-supraproductive-2k-ep-primer-wow-cs389\/"},"modified":"2025-09-12T10:53:04","modified_gmt":"2025-09-12T10:53:04","slug":"percotop-supraproductive-2k-ep-primer-wow-cs389","status":"publish","type":"product","link":"https:\/\/dirigocoating.pl\/fr\/produit\/percotop-supraproductive-2k-ep-primer-wow-cs389\/","title":{"rendered":"PercoTop SupraProductive 2K EP Primer WOW CS389"},"content":{"rendered":"<p><span>Ne jaunit pas et utilise un activateur d\u2019origine biologique. Con\u00e7u sp\u00e9cialement pour assurer une augmentation significative de la productivit\u00e9 gr\u00e2ce \u00e0 la combinaison d\u2019excellentes propri\u00e9t\u00e9s \u00ab wet-on-wet \u00bb (temps d\u2019\u00e9vaporation tr\u00e8s court avant l\u2019application du rev\u00eatement et excellente finition de surface). De plus, il durcit extr\u00eamement rapidement, permettant de commencer l\u2019assemblage des pi\u00e8ces peintes imm\u00e9diatement apr\u00e8s le chauffage.  <\/span><\/p>\n<p><a class=\"wgl-button btn-size-sm \" role=\"button\" href=\"https:\/\/dirigocoating.pl\/wp-content\/uploads\/2025\/07\/EN-CS389-SupraProductive-2K-EP-Primer-31052022.pdf\">TDS<\/a><\/p>\n<p><a class=\"wgl-button btn-size-sm \" role=\"button\" href=\"https:\/\/dirigocoating.pl\/wp-content\/uploads\/2025\/07\/AXL20_2001-0153_Axalta-Commercial-Vehicle-PercoTop-CS389_me02_01_pl-PL-1.pdf\">catalogue<\/a><\/p>\n","protected":false},"excerpt":{"rendered":"<p><span>PercoTop CS389 assure une excellente adh\u00e9rence, une r\u00e9sistance \u00e0 l\u2019humidit\u00e9 et une protection contre la corrosion sur diff\u00e9rents substrats.<\/span><\/p>\n","protected":false},"featured_media":12712,"template":"","meta":[],"product_brand":[],"product_cat":[429],"product_tag":[491,469],"class_list":{"0":"post-12716","1":"product","2":"type-product","3":"status-publish","4":"has-post-thumbnail","6":"product_cat-vehicules-utilitaires-fr","7":"product_tag-cv-primer-fr","8":"product_tag-peinture-dappret","10":"first","11":"instock","12":"shipping-taxable","13":"product-type-simple"},"_links":{"self":[{"href":"https:\/\/dirigocoating.pl\/fr\/wp-json\/wp\/v2\/product\/12716"}],"collection":[{"href":"https:\/\/dirigocoating.pl\/fr\/wp-json\/wp\/v2\/product"}],"about":[{"href":"https:\/\/dirigocoating.pl\/fr\/wp-json\/wp\/v2\/types\/product"}],"wp:featuredmedia":[{"embeddable":true,"href":"https:\/\/dirigocoating.pl\/fr\/wp-json\/wp\/v2\/media\/12712"}],"wp:attachment":[{"href":"https:\/\/dirigocoating.pl\/fr\/wp-json\/wp\/v2\/media?parent=12716"}],"wp:term":[{"taxonomy":"product_brand","embeddable":true,"href":"https:\/\/dirigocoating.pl\/fr\/wp-json\/wp\/v2\/product_brand?post=12716"},{"taxonomy":"product_cat","embeddable":true,"href":"https:\/\/dirigocoating.pl\/fr\/wp-json\/wp\/v2\/product_cat?post=12716"},{"taxonomy":"product_tag","embeddable":true,"href":"https:\/\/dirigocoating.pl\/fr\/wp-json\/wp\/v2\/product_tag?post=12716"}],"curies":[{"name":"wp","href":"https:\/\/api.w.org\/{rel}","templated":true}]}}