{"id":12718,"date":"2025-06-17T09:05:06","date_gmt":"2025-06-17T09:05:06","guid":{"rendered":"https:\/\/dirigocoating.pl\/produkt\/percotop-2k-hs-primer-049-jest-niskim-voc-2k-primer-filler-cs391-cs392-2\/"},"modified":"2025-06-17T09:05:06","modified_gmt":"2025-06-17T09:05:06","slug":"percotop-2k-hs-primer-049-jest-niskim-voc-2k-primer-filler-cs391-cs392-2","status":"publish","type":"product","link":"https:\/\/dirigocoating.pl\/fr\/produit\/percotop-2k-hs-primer-049-jest-niskim-voc-2k-primer-filler-cs391-cs392-2\/","title":{"rendered":"PercoTop 2K HS Primer 049 jest niskim VOC 2K Primer Filler CS391 \/ CS392"},"content":{"rendered":"<p data-start=\"34\" data-end=\"52\"><strong data-start=\"34\" data-end=\"50\">Propri\u00e9t\u00e9s :<\/strong><\/p>\n<ul data-start=\"53\" data-end=\"429\" data-is-last-node=\"\" data-is-only-node=\"\">\n<li data-start=\"53\" data-end=\"212\">\n<p data-start=\"55\" data-end=\"212\">PercoTop\u00ae 2K HS Primer 049 est un appr\u00eat\/masque bicomposant \u00e0 faible teneur en COV (compos\u00e9s organiques volatils). Formule \u00e0 base de polyacrylique. <\/p>\n<\/li>\n<li data-start=\"213\" data-end=\"298\">\n<p data-start=\"215\" data-end=\"298\">Peut \u00eatre utilis\u00e9 comme promoteur d\u2019adh\u00e9rence, appr\u00eat ou appr\u00eat de remplissage.<\/p>\n<\/li>\n<li data-start=\"299\" data-end=\"358\">\n<p data-start=\"301\" data-end=\"358\">Excellente pon\u00e7abilit\u00e9 en combinaison avec le produit CS705.<\/p>\n<\/li>\n<li data-start=\"359\" data-end=\"429\" data-is-last-node=\"\">\n<p data-start=\"361\" data-end=\"429\" data-is-last-node=\"\">Adh\u00e9rence parfaite aux substrats m\u00e9talliques \u00e9num\u00e9r\u00e9s ci-dessous.<\/p>\n<\/li>\n<\/ul>\n<p><a class=\"wgl-button btn-size-sm \" role=\"button\" href=\"https:\/\/dirigocoating.pl\/wp-content\/uploads\/2025\/07\/EN-CS391_2-v5.pdf\">TDS<\/a><\/p>\n","protected":false},"excerpt":{"rendered":"<p><span>Composition \u00e0 base de polyacrylique. Peut \u00eatre utilis\u00e9 comme promoteur d\u2019adh\u00e9rence, appr\u00eat ou appr\u00eat de remplissage. Excellente pon\u00e7abilit\u00e9 lorsqu\u2019il est utilis\u00e9 avec CS705. Excellente adh\u00e9rence sur les substrats m\u00e9talliques.   <\/span><\/p>\n","protected":false},"featured_media":10253,"template":"","meta":[],"product_brand":[],"product_cat":[429],"product_tag":[491,469],"class_list":{"0":"post-12718","1":"product","2":"type-product","3":"status-publish","4":"has-post-thumbnail","6":"product_cat-vehicules-utilitaires-fr","7":"product_tag-cv-primer-fr","8":"product_tag-peinture-dappret","10":"first","11":"instock","12":"shipping-taxable","13":"product-type-simple"},"_links":{"self":[{"href":"https:\/\/dirigocoating.pl\/fr\/wp-json\/wp\/v2\/product\/12718"}],"collection":[{"href":"https:\/\/dirigocoating.pl\/fr\/wp-json\/wp\/v2\/product"}],"about":[{"href":"https:\/\/dirigocoating.pl\/fr\/wp-json\/wp\/v2\/types\/product"}],"wp:featuredmedia":[{"embeddable":true,"href":"https:\/\/dirigocoating.pl\/fr\/wp-json\/wp\/v2\/media\/10253"}],"wp:attachment":[{"href":"https:\/\/dirigocoating.pl\/fr\/wp-json\/wp\/v2\/media?parent=12718"}],"wp:term":[{"taxonomy":"product_brand","embeddable":true,"href":"https:\/\/dirigocoating.pl\/fr\/wp-json\/wp\/v2\/product_brand?post=12718"},{"taxonomy":"product_cat","embeddable":true,"href":"https:\/\/dirigocoating.pl\/fr\/wp-json\/wp\/v2\/product_cat?post=12718"},{"taxonomy":"product_tag","embeddable":true,"href":"https:\/\/dirigocoating.pl\/fr\/wp-json\/wp\/v2\/product_tag?post=12718"}],"curies":[{"name":"wp","href":"https:\/\/api.w.org\/{rel}","templated":true}]}}