{"id":12720,"date":"2025-06-17T09:11:17","date_gmt":"2025-06-17T09:11:17","guid":{"rendered":"https:\/\/dirigocoating.pl\/produkt\/percotop-2k-mio-epoxy-coating-cs581\/"},"modified":"2025-09-12T11:04:02","modified_gmt":"2025-09-12T11:04:02","slug":"percotop-2k-mio-epoxy-coating-cs581","status":"publish","type":"product","link":"https:\/\/dirigocoating.pl\/fr\/produit\/percotop-2k-mio-epoxy-coating-cs581\/","title":{"rendered":"PercoTop 2K MIO Epoxy Coating CS581"},"content":{"rendered":"<p><span>Mat\u00e9riau de rev\u00eatement \u00e0 durcissement rapide ; l\u2019application et le durcissement sont possibles m\u00eame par mauvaises conditions m\u00e9t\u00e9orologiques. Couche interm\u00e9diaire \u00e9paisse et solide sur acier pr\u00e9alablement recouvert d\u2019un primaire. Appr\u00eat de base avec adh\u00e9rence directe sur les structures galvanis\u00e9es. CS581 est certifi\u00e9 selon les normes 687.12 ; 687.13 ; 687.14 lt. page 87 TL\/TP-Kor-Stahlbauten.    <\/span><\/p>\n<p><a class=\"wgl-button btn-size-sm \" role=\"button\" href=\"https:\/\/dirigocoating.pl\/wp-content\/uploads\/2025\/07\/EN-CS581.pdf\">TDS<\/a><\/p>\n","protected":false},"excerpt":{"rendered":"<p><span>PercoTop\u00ae CS581 MIO Epoxy Coating est un rev\u00eatement bicomposant haute r\u00e9sistance \u00e0 base de minerai de fer micronis\u00e9 et de r\u00e9sines \u00e9poxy.<\/span><\/p>\n","protected":false},"featured_media":10234,"template":"","meta":[],"product_brand":[],"product_cat":[429],"product_tag":[491,469],"class_list":{"0":"post-12720","1":"product","2":"type-product","3":"status-publish","4":"has-post-thumbnail","6":"product_cat-vehicules-utilitaires-fr","7":"product_tag-cv-primer-fr","8":"product_tag-peinture-dappret","10":"first","11":"instock","12":"shipping-taxable","13":"product-type-simple"},"_links":{"self":[{"href":"https:\/\/dirigocoating.pl\/fr\/wp-json\/wp\/v2\/product\/12720"}],"collection":[{"href":"https:\/\/dirigocoating.pl\/fr\/wp-json\/wp\/v2\/product"}],"about":[{"href":"https:\/\/dirigocoating.pl\/fr\/wp-json\/wp\/v2\/types\/product"}],"wp:featuredmedia":[{"embeddable":true,"href":"https:\/\/dirigocoating.pl\/fr\/wp-json\/wp\/v2\/media\/10234"}],"wp:attachment":[{"href":"https:\/\/dirigocoating.pl\/fr\/wp-json\/wp\/v2\/media?parent=12720"}],"wp:term":[{"taxonomy":"product_brand","embeddable":true,"href":"https:\/\/dirigocoating.pl\/fr\/wp-json\/wp\/v2\/product_brand?post=12720"},{"taxonomy":"product_cat","embeddable":true,"href":"https:\/\/dirigocoating.pl\/fr\/wp-json\/wp\/v2\/product_cat?post=12720"},{"taxonomy":"product_tag","embeddable":true,"href":"https:\/\/dirigocoating.pl\/fr\/wp-json\/wp\/v2\/product_tag?post=12720"}],"curies":[{"name":"wp","href":"https:\/\/api.w.org\/{rel}","templated":true}]}}