{"id":12722,"date":"2025-06-17T09:14:34","date_gmt":"2025-06-17T09:14:34","guid":{"rendered":"https:\/\/dirigocoating.pl\/produkt\/percotop-2k-epoxy-zp-high-build-coating-cs582-2\/"},"modified":"2025-09-12T11:12:53","modified_gmt":"2025-09-12T11:12:53","slug":"percotop-2k-epoxy-zp-high-build-coating-cs582-2","status":"publish","type":"product","link":"https:\/\/dirigocoating.pl\/fr\/produit\/percotop-2k-epoxy-zp-high-build-coating-cs582-2\/","title":{"rendered":"PercoTop 2K Epoxy ZP High Build Coating CS582"},"content":{"rendered":"<p data-start=\"34\" data-end=\"52\"><strong data-start=\"34\" data-end=\"50\">Propri\u00e9t\u00e9s :<\/strong><\/p>\n<ul data-start=\"53\" data-end=\"564\" data-is-last-node=\"\" data-is-only-node=\"\">\n<li data-start=\"53\" data-end=\"272\">\n<p data-start=\"55\" data-end=\"272\">PercoTop\u00ae CS582 Epoxy ZP High Build Coating est un mat\u00e9riau bicomposant \u00e0 couche \u00e9paisse \u00e0 base de r\u00e9sines \u00e9poxy, destin\u00e9 \u00e0 la protection anticorrosion des structures en acier et des installations industrielles.<\/p>\n<\/li>\n<li data-start=\"273\" data-end=\"310\">\n<p data-start=\"275\" data-end=\"310\">Mat\u00e9riau de rev\u00eatement \u00e0 s\u00e9chage rapide<\/p>\n<\/li>\n<li data-start=\"311\" data-end=\"401\">\n<p data-start=\"313\" data-end=\"401\">L\u2019application et le durcissement sont possibles m\u00eame par conditions m\u00e9t\u00e9orologiques d\u00e9favorables.<\/p>\n<\/li>\n<li data-start=\"402\" data-end=\"486\">\n<p data-start=\"404\" data-end=\"486\">Le rev\u00eatement est m\u00e9caniquement r\u00e9sistant et pr\u00e9sente une excellente adh\u00e9rence.<\/p>\n<\/li>\n<li data-start=\"487\" data-end=\"564\" data-is-last-node=\"\">\n<p data-start=\"489\" data-end=\"564\" data-is-last-node=\"\">Certificat conforme \u00e0 687.02 ; 687.06 selon la page 87 TL\/TP-Kor-Stahlbauten.<\/p>\n<\/li>\n<\/ul>\n<p><a class=\"wgl-button btn-size-sm \" role=\"button\" href=\"https:\/\/dirigocoating.pl\/wp-content\/uploads\/2025\/07\/EN-CS582.pdf\">TDS<\/a><\/p>\n","protected":false},"excerpt":{"rendered":"<p><span>Appr\u00eat \u00e9poxy bicomposant 2K EP PercoTop\u00ae EP ZP Basic Coating<br \/>Le mat\u00e9riau est un appr\u00eat \u00e0 couche \u00e9paisse \u00e0 base de r\u00e9sines \u00e9poxy, con\u00e7u pour la protection anticorrosion des structures en acier et des installations industrielles.<\/span><\/p>\n","protected":false},"featured_media":10229,"template":"","meta":[],"product_brand":[],"product_cat":[429],"product_tag":[491,469],"class_list":{"0":"post-12722","1":"product","2":"type-product","3":"status-publish","4":"has-post-thumbnail","6":"product_cat-vehicules-utilitaires-fr","7":"product_tag-cv-primer-fr","8":"product_tag-peinture-dappret","10":"first","11":"instock","12":"shipping-taxable","13":"product-type-simple"},"_links":{"self":[{"href":"https:\/\/dirigocoating.pl\/fr\/wp-json\/wp\/v2\/product\/12722"}],"collection":[{"href":"https:\/\/dirigocoating.pl\/fr\/wp-json\/wp\/v2\/product"}],"about":[{"href":"https:\/\/dirigocoating.pl\/fr\/wp-json\/wp\/v2\/types\/product"}],"wp:featuredmedia":[{"embeddable":true,"href":"https:\/\/dirigocoating.pl\/fr\/wp-json\/wp\/v2\/media\/10229"}],"wp:attachment":[{"href":"https:\/\/dirigocoating.pl\/fr\/wp-json\/wp\/v2\/media?parent=12722"}],"wp:term":[{"taxonomy":"product_brand","embeddable":true,"href":"https:\/\/dirigocoating.pl\/fr\/wp-json\/wp\/v2\/product_brand?post=12722"},{"taxonomy":"product_cat","embeddable":true,"href":"https:\/\/dirigocoating.pl\/fr\/wp-json\/wp\/v2\/product_cat?post=12722"},{"taxonomy":"product_tag","embeddable":true,"href":"https:\/\/dirigocoating.pl\/fr\/wp-json\/wp\/v2\/product_tag?post=12722"}],"curies":[{"name":"wp","href":"https:\/\/api.w.org\/{rel}","templated":true}]}}