{"id":12724,"date":"2025-06-17T08:49:23","date_gmt":"2025-06-17T08:49:23","guid":{"rendered":"https:\/\/dirigocoating.pl\/produkt\/percotop-2k-dtm-primer-surfacer-cs374-cs375-cs376\/"},"modified":"2025-09-12T11:19:30","modified_gmt":"2025-09-12T11:19:30","slug":"percotop-2k-dtm-primer-surfacer-cs374-cs375-cs376","status":"publish","type":"product","link":"https:\/\/dirigocoating.pl\/fr\/produit\/percotop-2k-dtm-primer-surfacer-cs374-cs375-cs376\/","title":{"rendered":"PercoTop 2K DTM Primer Surfacer CS374 \/ CS375 \/ CS376"},"content":{"rendered":"<p><span>Le produit a \u00e9t\u00e9 con\u00e7u pour une application industrielle efficace, rapide et performante. Il peut \u00eatre appliqu\u00e9 directement sur diff\u00e9rents substrats m\u00e9talliques. <\/span><br \/>\n<span>PercoTop\u00ae CS374 peut \u00eatre utilis\u00e9 en m\u00e9thode \u00ab wet-on-wet \u00bb ainsi que comme mastic pon\u00e7able, assurant un bon nivellement du rev\u00eatement de finition et une excellente fluidit\u00e9. Cet appr\u00eat polyvalent offre une bonne durabilit\u00e9 du rev\u00eatement de finition combin\u00e9e \u00e0 une protection anticorrosion et une tr\u00e8s bonne adh\u00e9rence. <\/span><\/p>\n<p><a class=\"wgl-button btn-size-sm \" role=\"button\" href=\"https:\/\/dirigocoating.pl\/wp-content\/uploads\/2025\/07\/TDS-EN-CS374-6.pdf\">TDS<\/a><\/p>\n","protected":false},"excerpt":{"rendered":"<p><span>PercoTop\u00ae CS374 est un appr\u00eat universel \u00e0 haute teneur en solides.<\/span><\/p>\n","protected":false},"featured_media":10294,"template":"","meta":[],"product_brand":[],"product_cat":[429],"product_tag":[491,469],"class_list":{"0":"post-12724","1":"product","2":"type-product","3":"status-publish","4":"has-post-thumbnail","6":"product_cat-vehicules-utilitaires-fr","7":"product_tag-cv-primer-fr","8":"product_tag-peinture-dappret","10":"first","11":"instock","12":"shipping-taxable","13":"product-type-simple"},"_links":{"self":[{"href":"https:\/\/dirigocoating.pl\/fr\/wp-json\/wp\/v2\/product\/12724"}],"collection":[{"href":"https:\/\/dirigocoating.pl\/fr\/wp-json\/wp\/v2\/product"}],"about":[{"href":"https:\/\/dirigocoating.pl\/fr\/wp-json\/wp\/v2\/types\/product"}],"wp:featuredmedia":[{"embeddable":true,"href":"https:\/\/dirigocoating.pl\/fr\/wp-json\/wp\/v2\/media\/10294"}],"wp:attachment":[{"href":"https:\/\/dirigocoating.pl\/fr\/wp-json\/wp\/v2\/media?parent=12724"}],"wp:term":[{"taxonomy":"product_brand","embeddable":true,"href":"https:\/\/dirigocoating.pl\/fr\/wp-json\/wp\/v2\/product_brand?post=12724"},{"taxonomy":"product_cat","embeddable":true,"href":"https:\/\/dirigocoating.pl\/fr\/wp-json\/wp\/v2\/product_cat?post=12724"},{"taxonomy":"product_tag","embeddable":true,"href":"https:\/\/dirigocoating.pl\/fr\/wp-json\/wp\/v2\/product_tag?post=12724"}],"curies":[{"name":"wp","href":"https:\/\/api.w.org\/{rel}","templated":true}]}}