{"id":12726,"date":"2025-06-17T08:51:37","date_gmt":"2025-06-17T08:51:37","guid":{"rendered":"https:\/\/dirigocoating.pl\/produkt\/percotop-2k-epoxy-primer-cs381\/"},"modified":"2025-06-17T08:51:37","modified_gmt":"2025-06-17T08:51:37","slug":"percotop-2k-epoxy-primer-cs381","status":"publish","type":"product","link":"https:\/\/dirigocoating.pl\/fr\/produit\/percotop-2k-epoxy-primer-cs381\/","title":{"rendered":"PercoTop 2K Epoxy Primer CS381"},"content":{"rendered":"<p><strong data-start=\"34\" data-end=\"50\">Propri\u00e9t\u00e9s :<\/strong><br \/>\nPercoTop\u00ae 2K Epoxy Primer est un appr\u00eat\/masque bicomposant, r\u00e9sistant aux produits chimiques, \u00e0 base de solvant, sans chromate de zinc, \u00e0 base de r\u00e9sines \u00e9poxy.<br \/>\nIl assure une excellente adh\u00e9rence et protection anticorrosion sur diff\u00e9rents types de substrats.<br data-start=\"50\" data-end=\"53\"><br data-start=\"223\" data-end=\"226\"><a class=\"wgl-button btn-size-sm \" role=\"button\" href=\"https:\/\/dirigocoating.pl\/wp-content\/uploads\/2025\/07\/PL-CS381.pdf\">TDS<\/a><\/p>\n","protected":false},"excerpt":{"rendered":"<p><span>Appr\u00eat \u00e9poxy bicomposant sans chromate, offrant une r\u00e9sistance chimique maximale et une protection anticorrosion optimale pour les substrats m\u00e9talliques.<\/span><\/p>\n","protected":false},"featured_media":10286,"template":"","meta":[],"product_brand":[],"product_cat":[429],"product_tag":[491,469],"class_list":{"0":"post-12726","1":"product","2":"type-product","3":"status-publish","4":"has-post-thumbnail","6":"product_cat-vehicules-utilitaires-fr","7":"product_tag-cv-primer-fr","8":"product_tag-peinture-dappret","10":"first","11":"instock","12":"shipping-taxable","13":"product-type-simple"},"_links":{"self":[{"href":"https:\/\/dirigocoating.pl\/fr\/wp-json\/wp\/v2\/product\/12726"}],"collection":[{"href":"https:\/\/dirigocoating.pl\/fr\/wp-json\/wp\/v2\/product"}],"about":[{"href":"https:\/\/dirigocoating.pl\/fr\/wp-json\/wp\/v2\/types\/product"}],"wp:featuredmedia":[{"embeddable":true,"href":"https:\/\/dirigocoating.pl\/fr\/wp-json\/wp\/v2\/media\/10286"}],"wp:attachment":[{"href":"https:\/\/dirigocoating.pl\/fr\/wp-json\/wp\/v2\/media?parent=12726"}],"wp:term":[{"taxonomy":"product_brand","embeddable":true,"href":"https:\/\/dirigocoating.pl\/fr\/wp-json\/wp\/v2\/product_brand?post=12726"},{"taxonomy":"product_cat","embeddable":true,"href":"https:\/\/dirigocoating.pl\/fr\/wp-json\/wp\/v2\/product_cat?post=12726"},{"taxonomy":"product_tag","embeddable":true,"href":"https:\/\/dirigocoating.pl\/fr\/wp-json\/wp\/v2\/product_tag?post=12726"}],"curies":[{"name":"wp","href":"https:\/\/api.w.org\/{rel}","templated":true}]}}