{"id":12728,"date":"2025-06-17T08:54:46","date_gmt":"2025-06-17T08:54:46","guid":{"rendered":"https:\/\/dirigocoating.pl\/produkt\/percotop-2k-zinc-rich-epoxy-primer-053-2\/"},"modified":"2025-06-17T08:54:46","modified_gmt":"2025-06-17T08:54:46","slug":"percotop-2k-zinc-rich-epoxy-primer-053-2","status":"publish","type":"product","link":"https:\/\/dirigocoating.pl\/fr\/produit\/percotop-2k-zinc-rich-epoxy-primer-053-2\/","title":{"rendered":"PercoTop 2K Zinc Rich Epoxy Primer 053"},"content":{"rendered":"<p data-start=\"34\" data-end=\"52\"><strong data-start=\"34\" data-end=\"50\">Propri\u00e9t\u00e9s :<\/strong><\/p>\n<ul data-start=\"53\" data-end=\"605\" data-is-last-node=\"\" data-is-only-node=\"\">\n<li data-start=\"53\" data-end=\"170\">\n<p data-start=\"55\" data-end=\"170\">PercoTop\u00ae CS382 2K Zinc Rich Epoxy Primer 053 est un appr\u00eat bicomposant \u00e0 haute teneur en poudre de zinc.<\/p>\n<\/li>\n<li data-start=\"171\" data-end=\"215\">\n<p data-start=\"173\" data-end=\"215\">Formulation \u00e0 base de r\u00e9sine \u00e9poxy.<\/p>\n<\/li>\n<li data-start=\"216\" data-end=\"354\">\n<p data-start=\"218\" data-end=\"354\">Peut \u00eatre utilis\u00e9 comme premi\u00e8re couche dans les syst\u00e8mes de peinture offrant une protection anticorrosion maximale pour l\u2019acier de grande \u00e9paisseur.<\/p>\n<\/li>\n<li data-start=\"355\" data-end=\"545\">\n<p data-start=\"357\" data-end=\"545\">Cet appr\u00eat riche en zinc offre une excellente protection barri\u00e8re et cathodique et peut \u00eatre utilis\u00e9 avec tout mastic \u00e9poxy appropri\u00e9, cr\u00e9ant un syst\u00e8me de rev\u00eatement tr\u00e8s durable.<\/p>\n<\/li>\n<li data-start=\"546\" data-end=\"605\" data-is-last-node=\"\">\n<p data-start=\"548\" data-end=\"605\" data-is-last-node=\"\">Haute r\u00e9sistance \u00e0 la chaleur, jusqu\u2019\u00e0 une temp\u00e9rature continue de 180\u00baC.<\/p>\n<\/li>\n<\/ul>\n<p><a class=\"wgl-button btn-size-sm \" role=\"button\" href=\"https:\/\/dirigocoating.pl\/wp-content\/uploads\/2025\/07\/EN-CS382.pdf\">TDS<\/a><\/p>\n","protected":false},"excerpt":{"rendered":"<p><span>Appr\u00eat \u00e9poxy bicomposant sans chromate, con\u00e7u pour offrir une excellente protection anticorrosion de l\u2019acier sabl\u00e9. Id\u00e9al pour assurer une protection \u00e0 long terme dans des environnements chimiques. L\u2019application en couche \u00e9paisse et le s\u00e9chage rapide facilitent l\u2019application m\u00eame dans des conditions difficiles.  <\/span><\/p>\n","protected":false},"featured_media":10280,"template":"","meta":[],"product_brand":[],"product_cat":[429],"product_tag":[491,469],"class_list":{"0":"post-12728","1":"product","2":"type-product","3":"status-publish","4":"has-post-thumbnail","6":"product_cat-vehicules-utilitaires-fr","7":"product_tag-cv-primer-fr","8":"product_tag-peinture-dappret","10":"first","11":"instock","12":"shipping-taxable","13":"product-type-simple"},"_links":{"self":[{"href":"https:\/\/dirigocoating.pl\/fr\/wp-json\/wp\/v2\/product\/12728"}],"collection":[{"href":"https:\/\/dirigocoating.pl\/fr\/wp-json\/wp\/v2\/product"}],"about":[{"href":"https:\/\/dirigocoating.pl\/fr\/wp-json\/wp\/v2\/types\/product"}],"wp:featuredmedia":[{"embeddable":true,"href":"https:\/\/dirigocoating.pl\/fr\/wp-json\/wp\/v2\/media\/10280"}],"wp:attachment":[{"href":"https:\/\/dirigocoating.pl\/fr\/wp-json\/wp\/v2\/media?parent=12728"}],"wp:term":[{"taxonomy":"product_brand","embeddable":true,"href":"https:\/\/dirigocoating.pl\/fr\/wp-json\/wp\/v2\/product_brand?post=12728"},{"taxonomy":"product_cat","embeddable":true,"href":"https:\/\/dirigocoating.pl\/fr\/wp-json\/wp\/v2\/product_cat?post=12728"},{"taxonomy":"product_tag","embeddable":true,"href":"https:\/\/dirigocoating.pl\/fr\/wp-json\/wp\/v2\/product_tag?post=12728"}],"curies":[{"name":"wp","href":"https:\/\/api.w.org\/{rel}","templated":true}]}}