{"id":12734,"date":"2025-06-17T08:59:33","date_gmt":"2025-06-17T08:59:33","guid":{"rendered":"https:\/\/dirigocoating.pl\/produkt\/percotop-suprasand-2k-high-build-ep-primer-cs388-2\/"},"modified":"2025-09-15T06:26:33","modified_gmt":"2025-09-15T06:26:33","slug":"percotop-suprasand-2k-high-build-ep-primer-cs388-2","status":"publish","type":"product","link":"https:\/\/dirigocoating.pl\/fr\/produit\/percotop-suprasand-2k-high-build-ep-primer-cs388-2\/","title":{"rendered":"PercoTop SupraSand 2K High Build EP Primer CS388"},"content":{"rendered":"<p><span>Assure une excellente adh\u00e9rence, une r\u00e9sistance \u00e0 l\u2019humidit\u00e9 et une protection contre la corrosion sur de nombreux substrats. Ne jaunit pas et utilise un activateur d\u2019origine biologique. <\/span><br \/>\n<span>Sp\u00e9cialement con\u00e7u pour une utilisation lorsque qu\u2019une excellente r\u00e9sistance \u00e0 la corrosion est requise, combin\u00e9e \u00e0 une grande r\u00e9sistance et pon\u00e7abilit\u00e9 (par ex. pour le rev\u00eatement de substrats rugueux) et avec d\u2019excellentes propri\u00e9t\u00e9s \u00ab wet-on-wet \u00bb (temps d\u2019\u00e9vaporation tr\u00e8s court avant le recouvrement et excellent aspect du rev\u00eatement final). <\/span><\/p>\n<p><a class=\"wgl-button btn-size-sm \" role=\"button\" href=\"https:\/\/dirigocoating.pl\/wp-content\/uploads\/2025\/07\/EN-CS388-17.05.24.pdf\">TDS<\/a><\/p>\n<p><a class=\"wgl-button btn-size-sm \" role=\"button\" href=\"https:\/\/dirigocoating.pl\/wp-content\/uploads\/2025\/07\/Axalta-Epoxy-Primer-CS388-Brochure-2019g_POL_LR.pdf\">catalogue<\/a><\/p>\n","protected":false},"excerpt":{"rendered":"<p><span>PercoTop\u00ae SupraSand 2K High Build EP Primer est un appr\u00eat bicomposant \u00e0 base de r\u00e9sines \u00e9poxy, r\u00e9sistant aux produits chimiques, sans chromate de zinc et \u00e0 base de solvant.<\/span><\/p>\n","protected":false},"featured_media":10416,"template":"","meta":[],"product_brand":[],"product_cat":[429],"product_tag":[491,469],"class_list":{"0":"post-12734","1":"product","2":"type-product","3":"status-publish","4":"has-post-thumbnail","6":"product_cat-vehicules-utilitaires-fr","7":"product_tag-cv-primer-fr","8":"product_tag-peinture-dappret","10":"first","11":"instock","12":"shipping-taxable","13":"product-type-simple"},"_links":{"self":[{"href":"https:\/\/dirigocoating.pl\/fr\/wp-json\/wp\/v2\/product\/12734"}],"collection":[{"href":"https:\/\/dirigocoating.pl\/fr\/wp-json\/wp\/v2\/product"}],"about":[{"href":"https:\/\/dirigocoating.pl\/fr\/wp-json\/wp\/v2\/types\/product"}],"wp:featuredmedia":[{"embeddable":true,"href":"https:\/\/dirigocoating.pl\/fr\/wp-json\/wp\/v2\/media\/10416"}],"wp:attachment":[{"href":"https:\/\/dirigocoating.pl\/fr\/wp-json\/wp\/v2\/media?parent=12734"}],"wp:term":[{"taxonomy":"product_brand","embeddable":true,"href":"https:\/\/dirigocoating.pl\/fr\/wp-json\/wp\/v2\/product_brand?post=12734"},{"taxonomy":"product_cat","embeddable":true,"href":"https:\/\/dirigocoating.pl\/fr\/wp-json\/wp\/v2\/product_cat?post=12734"},{"taxonomy":"product_tag","embeddable":true,"href":"https:\/\/dirigocoating.pl\/fr\/wp-json\/wp\/v2\/product_tag?post=12734"}],"curies":[{"name":"wp","href":"https:\/\/api.w.org\/{rel}","templated":true}]}}