{"id":12735,"date":"2025-06-17T09:16:39","date_gmt":"2025-06-17T09:16:39","guid":{"rendered":"https:\/\/dirigocoating.pl\/produkt\/percotop-2k-epoxy-hs-high-build-coating-cs591-2\/"},"modified":"2025-06-17T09:16:39","modified_gmt":"2025-06-17T09:16:39","slug":"percotop-2k-epoxy-hs-high-build-coating-cs591-2","status":"publish","type":"product","link":"https:\/\/dirigocoating.pl\/fr\/produit\/percotop-2k-epoxy-hs-high-build-coating-cs591-2\/","title":{"rendered":"PercoTop 2K Epoxy HS High Build Coating CS591"},"content":{"rendered":"<p data-start=\"34\" data-end=\"52\"><strong data-start=\"34\" data-end=\"50\">Propri\u00e9t\u00e9s :<\/strong><\/p>\n<ul data-start=\"53\" data-end=\"450\" data-is-last-node=\"\" data-is-only-node=\"\">\n<li data-start=\"53\" data-end=\"220\">\n<p data-start=\"55\" data-end=\"220\">PercoTop\u00ae CS591 Epoxy HS High Build Coating est un rev\u00eatement anticorrosion haute \u00e9paisseur, bi-composant, \u00e0 base de r\u00e9sines \u00e9poxy<\/p>\n<\/li>\n<li data-start=\"221\" data-end=\"327\">\n<p data-start=\"223\" data-end=\"327\">Le produit se caract\u00e9rise par sa grande tol\u00e9rance \u00e0 l\u2019\u00e9tat du support, assurant une protection anticorrosion efficace m\u00eame lorsque la pr\u00e9paration de surface est moins optimale.<\/p>\n<\/li>\n<li data-start=\"328\" data-end=\"450\" data-is-last-node=\"\">\n<p data-start=\"330\" data-end=\"450\" data-is-last-node=\"\">Assure une protection anticorrosion efficace pour les surfaces nettoy\u00e9es manuellement de la rouille (St3 selon la norme DIN EN ISO 12944-4).<\/p>\n<\/li>\n<\/ul>\n<p><a class=\"wgl-button btn-size-sm \" role=\"button\" href=\"https:\/\/dirigocoating.pl\/wp-content\/uploads\/2025\/07\/EN-CS591.pdf\">TDS<\/a><\/p>\n","protected":false},"excerpt":{"rendered":"<p><span>C\u2019est un rev\u00eatement 2K hautement r\u00e9sistant \u00e0 la corrosion, une peinture \u00e0 base de r\u00e9sines \u00e9poxy. Il offre une excellente r\u00e9sistance \u00e0 l\u2019humidit\u00e9, aux intemp\u00e9ries et aux contraintes m\u00e9caniques. Il assure une protection anticorrosion optimale pour les surfaces d\u00e9barrass\u00e9es de la rouille (St3 selon la norme DIN EN ISO 12944-4).  <\/span><\/p>\n","protected":false},"featured_media":10223,"template":"","meta":[],"product_brand":[],"product_cat":[429],"product_tag":[491,469],"class_list":{"0":"post-12735","1":"product","2":"type-product","3":"status-publish","4":"has-post-thumbnail","6":"product_cat-vehicules-utilitaires-fr","7":"product_tag-cv-primer-fr","8":"product_tag-peinture-dappret","10":"first","11":"instock","12":"shipping-taxable","13":"product-type-simple"},"_links":{"self":[{"href":"https:\/\/dirigocoating.pl\/fr\/wp-json\/wp\/v2\/product\/12735"}],"collection":[{"href":"https:\/\/dirigocoating.pl\/fr\/wp-json\/wp\/v2\/product"}],"about":[{"href":"https:\/\/dirigocoating.pl\/fr\/wp-json\/wp\/v2\/types\/product"}],"wp:featuredmedia":[{"embeddable":true,"href":"https:\/\/dirigocoating.pl\/fr\/wp-json\/wp\/v2\/media\/10223"}],"wp:attachment":[{"href":"https:\/\/dirigocoating.pl\/fr\/wp-json\/wp\/v2\/media?parent=12735"}],"wp:term":[{"taxonomy":"product_brand","embeddable":true,"href":"https:\/\/dirigocoating.pl\/fr\/wp-json\/wp\/v2\/product_brand?post=12735"},{"taxonomy":"product_cat","embeddable":true,"href":"https:\/\/dirigocoating.pl\/fr\/wp-json\/wp\/v2\/product_cat?post=12735"},{"taxonomy":"product_tag","embeddable":true,"href":"https:\/\/dirigocoating.pl\/fr\/wp-json\/wp\/v2\/product_tag?post=12735"}],"curies":[{"name":"wp","href":"https:\/\/api.w.org\/{rel}","templated":true}]}}