{"id":12737,"date":"2025-06-17T08:27:36","date_gmt":"2025-06-17T08:27:36","guid":{"rendered":"https:\/\/dirigocoating.pl\/produkt\/percotop-2k-hs-non-sanding-filler-cs356\/"},"modified":"2025-06-17T08:27:36","modified_gmt":"2025-06-17T08:27:36","slug":"percotop-2k-hs-non-sanding-filler-cs356","status":"publish","type":"product","link":"https:\/\/dirigocoating.pl\/fr\/produit\/percotop-2k-hs-non-sanding-filler-cs356\/","title":{"rendered":"PercoTop 2K HS Non Sanding Filler CS356"},"content":{"rendered":"<p data-start=\"34\" data-end=\"52\"><strong data-start=\"34\" data-end=\"50\">Propri\u00e9t\u00e9s :<\/strong><\/p>\n<ul data-start=\"53\" data-end=\"416\" data-is-last-node=\"\" data-is-only-node=\"\">\n<li data-start=\"53\" data-end=\"244\">\n<p data-start=\"55\" data-end=\"244\">Gr\u00e2ce \u00e0 son excellente coulabilit\u00e9 et \u00e0 sa capacit\u00e9 d\u2019absorption du brouillard de pulv\u00e9risation, PercoTop\u00ae 2K HS Non Sanding Filler est particuli\u00e8rement recommand\u00e9 pour l\u2019application sur de grandes structures et des v\u00e9hicules.<\/p>\n<\/li>\n<li data-start=\"245\" data-end=\"375\">\n<p data-start=\"247\" data-end=\"375\">PercoTop\u00ae 2K HS Non Sanding Filler peut \u00eatre recouvert d\u2019une couche de finition sans qu\u2019il soit n\u00e9cessaire de mater la couche interm\u00e9diaire.<\/p>\n<\/li>\n<li data-start=\"376\" data-end=\"416\" data-is-last-node=\"\">\n<p data-start=\"378\" data-end=\"416\" data-is-last-node=\"\">Formulation \u00e0 base de r\u00e9sine acrylique.<\/p>\n<\/li>\n<\/ul>\n<p><a class=\"wgl-button btn-size-sm \" role=\"button\" href=\"https:\/\/dirigocoating.pl\/wp-content\/uploads\/2025\/07\/EN-CS356.pdf\">TDS<\/a><\/p>\n","protected":false},"excerpt":{"rendered":"<p><span>PercoTop\u00ae 2K HS Non Sanding Filler est un appr\u00eat \u00e0 base de r\u00e9sine acrylique et constitue un excellent produit pour l\u2019application sur de grandes structures et des v\u00e9hicules. Il se distingue par une coulabilit\u00e9 optimale et une excellente capacit\u00e9 d\u2019absorption du brouillard de pulv\u00e9risation. Cet appr\u00eat garnissant peut \u00eatre recouvert d\u2019une couche de finition sans qu\u2019un pon\u00e7age interm\u00e9diaire ne soit n\u00e9cessaire.  <\/span><\/p>\n","protected":false},"featured_media":10332,"template":"","meta":[],"product_brand":[],"product_cat":[429],"product_tag":[491,469],"class_list":{"0":"post-12737","1":"product","2":"type-product","3":"status-publish","4":"has-post-thumbnail","6":"product_cat-vehicules-utilitaires-fr","7":"product_tag-cv-primer-fr","8":"product_tag-peinture-dappret","10":"first","11":"instock","12":"shipping-taxable","13":"product-type-simple"},"_links":{"self":[{"href":"https:\/\/dirigocoating.pl\/fr\/wp-json\/wp\/v2\/product\/12737"}],"collection":[{"href":"https:\/\/dirigocoating.pl\/fr\/wp-json\/wp\/v2\/product"}],"about":[{"href":"https:\/\/dirigocoating.pl\/fr\/wp-json\/wp\/v2\/types\/product"}],"wp:featuredmedia":[{"embeddable":true,"href":"https:\/\/dirigocoating.pl\/fr\/wp-json\/wp\/v2\/media\/10332"}],"wp:attachment":[{"href":"https:\/\/dirigocoating.pl\/fr\/wp-json\/wp\/v2\/media?parent=12737"}],"wp:term":[{"taxonomy":"product_brand","embeddable":true,"href":"https:\/\/dirigocoating.pl\/fr\/wp-json\/wp\/v2\/product_brand?post=12737"},{"taxonomy":"product_cat","embeddable":true,"href":"https:\/\/dirigocoating.pl\/fr\/wp-json\/wp\/v2\/product_cat?post=12737"},{"taxonomy":"product_tag","embeddable":true,"href":"https:\/\/dirigocoating.pl\/fr\/wp-json\/wp\/v2\/product_tag?post=12737"}],"curies":[{"name":"wp","href":"https:\/\/api.w.org\/{rel}","templated":true}]}}