{"id":12739,"date":"2025-06-17T08:35:06","date_gmt":"2025-06-17T08:35:06","guid":{"rendered":"https:\/\/dirigocoating.pl\/produkt\/percotop-1k-primer-010\/"},"modified":"2025-06-17T08:35:06","modified_gmt":"2025-06-17T08:35:06","slug":"percotop-1k-primer-010","status":"publish","type":"product","link":"https:\/\/dirigocoating.pl\/fr\/produit\/percotop-1k-primer-010\/","title":{"rendered":"PercoTop 1K Primer 010"},"content":{"rendered":"<p><strong data-start=\"34\" data-end=\"61\">PercoTop\u00ae 1K Primer 010 <\/strong>est un appr\u00eat monocomposant \u00e0 base de solvant, sans chromate de zinc, formul\u00e9 avec des r\u00e9sines polyvinyl butyral (polyvinyl butyral). Il assure une tr\u00e8s bonne adh\u00e9rence sur les substrats m\u00e9talliques et est parfaitement adapt\u00e9 pour une protection temporaire ou mod\u00e9r\u00e9e contre la corrosion. <\/p>\n<p><a class=\"wgl-button btn-size-sm \" role=\"button\" href=\"https:\/\/dirigocoating.pl\/wp-content\/uploads\/2025\/07\/EN-CS310-6.pdf\">TDS<\/a><\/p>\n","protected":false},"excerpt":{"rendered":"<p><span>PercoTop Primer 010 CS310\/CS312\/CS313 1K est un appr\u00eat monocomposant \u00e0 base de solvant, sans chromates de zinc. La formulation du produit est \u00e0 base de r\u00e9sine polyvinyl butyral. <\/span><\/p>\n","protected":false},"featured_media":10327,"template":"","meta":[],"product_brand":[],"product_cat":[429],"product_tag":[491,469],"class_list":{"0":"post-12739","1":"product","2":"type-product","3":"status-publish","4":"has-post-thumbnail","6":"product_cat-vehicules-utilitaires-fr","7":"product_tag-cv-primer-fr","8":"product_tag-peinture-dappret","10":"first","11":"instock","12":"shipping-taxable","13":"product-type-simple"},"_links":{"self":[{"href":"https:\/\/dirigocoating.pl\/fr\/wp-json\/wp\/v2\/product\/12739"}],"collection":[{"href":"https:\/\/dirigocoating.pl\/fr\/wp-json\/wp\/v2\/product"}],"about":[{"href":"https:\/\/dirigocoating.pl\/fr\/wp-json\/wp\/v2\/types\/product"}],"wp:featuredmedia":[{"embeddable":true,"href":"https:\/\/dirigocoating.pl\/fr\/wp-json\/wp\/v2\/media\/10327"}],"wp:attachment":[{"href":"https:\/\/dirigocoating.pl\/fr\/wp-json\/wp\/v2\/media?parent=12739"}],"wp:term":[{"taxonomy":"product_brand","embeddable":true,"href":"https:\/\/dirigocoating.pl\/fr\/wp-json\/wp\/v2\/product_brand?post=12739"},{"taxonomy":"product_cat","embeddable":true,"href":"https:\/\/dirigocoating.pl\/fr\/wp-json\/wp\/v2\/product_cat?post=12739"},{"taxonomy":"product_tag","embeddable":true,"href":"https:\/\/dirigocoating.pl\/fr\/wp-json\/wp\/v2\/product_tag?post=12739"}],"curies":[{"name":"wp","href":"https:\/\/api.w.org\/{rel}","templated":true}]}}