{"id":12741,"date":"2025-06-17T08:41:40","date_gmt":"2025-06-17T08:41:40","guid":{"rendered":"https:\/\/dirigocoating.pl\/produkt\/percotop-2k-hs-wow-filler-2\/"},"modified":"2025-06-17T08:41:40","modified_gmt":"2025-06-17T08:41:40","slug":"percotop-2k-hs-wow-filler-2","status":"publish","type":"product","link":"https:\/\/dirigocoating.pl\/fr\/produit\/percotop-2k-hs-wow-filler-2\/","title":{"rendered":"PercoTop 2K HS WOW Filler"},"content":{"rendered":"<p data-start=\"34\" data-end=\"52\"><strong data-start=\"34\" data-end=\"50\">Propri\u00e9t\u00e9s :<\/strong><\/p>\n<ul data-start=\"53\" data-end=\"316\" data-is-last-node=\"\" data-is-only-node=\"\">\n<li data-start=\"53\" data-end=\"184\">\n<p data-start=\"55\" data-end=\"184\">PercoTop\u00ae 2K HS WOW Filler est un mastic bicomposant \u00ab wet-on-wet \u00bb, particuli\u00e8rement recommand\u00e9 pour les v\u00e9hicules utilitaires.<\/p>\n<\/li>\n<li data-start=\"185\" data-end=\"227\">\n<p data-start=\"187\" data-end=\"227\">Formulation \u00e0 base de r\u00e9sine acrylique.<\/p>\n<\/li>\n<li data-start=\"228\" data-end=\"316\" data-is-last-node=\"\">\n<p data-start=\"230\" data-end=\"316\" data-is-last-node=\"\">Facile \u00e0 appliquer et dot\u00e9 d\u2019une bonne capacit\u00e9 d\u2019absorption du brouillard de pulv\u00e9risation.<\/p>\n<\/li>\n<\/ul>\n<p><a class=\"wgl-button btn-size-sm \" role=\"button\" href=\"https:\/\/dirigocoating.pl\/wp-content\/uploads\/2025\/07\/EN-CS357-9.pdf\">TDS<\/a><\/p>\n","protected":false},"excerpt":{"rendered":"<p><span>PercoTop\u00ae 2K HS WOW Filler est un appr\u00eat garnissant bicomposant polyur\u00e9thane \u00ab wet-on-wet \u00bb, particuli\u00e8rement adapt\u00e9 aux v\u00e9hicules utilitaires. Il est facile \u00e0 appliquer et pr\u00e9sente une bonne capacit\u00e9 d\u2019absorption du brouillard de pulv\u00e9risation. La formulation est \u00e0 base de r\u00e9sine acrylique.  <\/span><\/p>\n","protected":false},"featured_media":10321,"template":"","meta":[],"product_brand":[],"product_cat":[429],"product_tag":[491,469],"class_list":{"0":"post-12741","1":"product","2":"type-product","3":"status-publish","4":"has-post-thumbnail","6":"product_cat-vehicules-utilitaires-fr","7":"product_tag-cv-primer-fr","8":"product_tag-peinture-dappret","10":"first","11":"instock","12":"shipping-taxable","13":"product-type-simple"},"_links":{"self":[{"href":"https:\/\/dirigocoating.pl\/fr\/wp-json\/wp\/v2\/product\/12741"}],"collection":[{"href":"https:\/\/dirigocoating.pl\/fr\/wp-json\/wp\/v2\/product"}],"about":[{"href":"https:\/\/dirigocoating.pl\/fr\/wp-json\/wp\/v2\/types\/product"}],"wp:featuredmedia":[{"embeddable":true,"href":"https:\/\/dirigocoating.pl\/fr\/wp-json\/wp\/v2\/media\/10321"}],"wp:attachment":[{"href":"https:\/\/dirigocoating.pl\/fr\/wp-json\/wp\/v2\/media?parent=12741"}],"wp:term":[{"taxonomy":"product_brand","embeddable":true,"href":"https:\/\/dirigocoating.pl\/fr\/wp-json\/wp\/v2\/product_brand?post=12741"},{"taxonomy":"product_cat","embeddable":true,"href":"https:\/\/dirigocoating.pl\/fr\/wp-json\/wp\/v2\/product_cat?post=12741"},{"taxonomy":"product_tag","embeddable":true,"href":"https:\/\/dirigocoating.pl\/fr\/wp-json\/wp\/v2\/product_tag?post=12741"}],"curies":[{"name":"wp","href":"https:\/\/api.w.org\/{rel}","templated":true}]}}