{"id":12743,"date":"2025-06-17T08:44:50","date_gmt":"2025-06-17T08:44:50","guid":{"rendered":"https:\/\/dirigocoating.pl\/produkt\/percotop-cs364-hs-sanding-filler-2\/"},"modified":"2025-06-17T08:44:50","modified_gmt":"2025-06-17T08:44:50","slug":"percotop-cs364-hs-sanding-filler-2","status":"publish","type":"product","link":"https:\/\/dirigocoating.pl\/fr\/produit\/percotop-cs364-hs-sanding-filler-2\/","title":{"rendered":"PercoTop CS364 HS Sanding Filler"},"content":{"rendered":"<p data-start=\"34\" data-end=\"52\"><strong data-start=\"34\" data-end=\"50\">Propri\u00e9t\u00e9s :<\/strong><\/p>\n<ul data-start=\"53\" data-end=\"342\" data-is-last-node=\"\" data-is-only-node=\"\">\n<li data-start=\"53\" data-end=\"183\">\n<p data-start=\"55\" data-end=\"183\">PercoTop\u00ae Sanding Filler CS364-365-366 est un mastic \u00e0 faible teneur en solvants, \u00e0 base de r\u00e9sines acryliques.<\/p>\n<\/li>\n<li data-start=\"184\" data-end=\"342\" data-is-last-node=\"\">\n<p data-start=\"186\" data-end=\"342\" data-is-last-node=\"\">En plus de sa facilit\u00e9 d\u2019application, le produit se distingue par une excellente pon\u00e7abilit\u00e9, une grande stabilit\u00e9 sur les surfaces verticales et une capacit\u00e9 de remplissage exceptionnelle.<\/p>\n<\/li>\n<\/ul>\n<p><a class=\"wgl-button btn-size-sm \" role=\"button\" href=\"https:\/\/dirigocoating.pl\/wp-content\/uploads\/2025\/07\/2K-HS-Sanding-Filler-EN.pdf\">TDS<\/a><\/p>\n","protected":false},"excerpt":{"rendered":"<p><span>PercoTop\u00ae HS Sanding Filler CS364 \/ CS365 \/ CS366 est un appr\u00eat garnissant \u00e0 faible teneur en solvants, \u00e0 base de r\u00e9sines acryliques. En plus de sa facilit\u00e9 d\u2019application, ce produit impressionne par ses excellentes propri\u00e9t\u00e9s de pon\u00e7age, sa grande stabilit\u00e9 sur les surfaces verticales et sa capacit\u00e9 de remplissage exceptionnelle. <\/span><\/p>\n","protected":false},"featured_media":10314,"template":"","meta":[],"product_brand":[],"product_cat":[429],"product_tag":[491,469],"class_list":{"0":"post-12743","1":"product","2":"type-product","3":"status-publish","4":"has-post-thumbnail","6":"product_cat-vehicules-utilitaires-fr","7":"product_tag-cv-primer-fr","8":"product_tag-peinture-dappret","10":"first","11":"instock","12":"shipping-taxable","13":"product-type-simple"},"_links":{"self":[{"href":"https:\/\/dirigocoating.pl\/fr\/wp-json\/wp\/v2\/product\/12743"}],"collection":[{"href":"https:\/\/dirigocoating.pl\/fr\/wp-json\/wp\/v2\/product"}],"about":[{"href":"https:\/\/dirigocoating.pl\/fr\/wp-json\/wp\/v2\/types\/product"}],"wp:featuredmedia":[{"embeddable":true,"href":"https:\/\/dirigocoating.pl\/fr\/wp-json\/wp\/v2\/media\/10314"}],"wp:attachment":[{"href":"https:\/\/dirigocoating.pl\/fr\/wp-json\/wp\/v2\/media?parent=12743"}],"wp:term":[{"taxonomy":"product_brand","embeddable":true,"href":"https:\/\/dirigocoating.pl\/fr\/wp-json\/wp\/v2\/product_brand?post=12743"},{"taxonomy":"product_cat","embeddable":true,"href":"https:\/\/dirigocoating.pl\/fr\/wp-json\/wp\/v2\/product_cat?post=12743"},{"taxonomy":"product_tag","embeddable":true,"href":"https:\/\/dirigocoating.pl\/fr\/wp-json\/wp\/v2\/product_tag?post=12743"}],"curies":[{"name":"wp","href":"https:\/\/api.w.org\/{rel}","templated":true}]}}