{"id":12745,"date":"2025-06-17T08:47:42","date_gmt":"2025-06-17T08:47:42","guid":{"rendered":"https:\/\/dirigocoating.pl\/produkt\/percotop-cs371-cs372-2k-vhs-power-primer-4000-2\/"},"modified":"2025-06-17T08:47:42","modified_gmt":"2025-06-17T08:47:42","slug":"percotop-cs371-cs372-2k-vhs-power-primer-4000-2","status":"publish","type":"product","link":"https:\/\/dirigocoating.pl\/fr\/produit\/percotop-cs371-cs372-2k-vhs-power-primer-4000-2\/","title":{"rendered":"PercoTop CS371\/CS372 2K VHS Power Primer 4000"},"content":{"rendered":"<p><strong data-start=\"34\" data-end=\"50\">Propri\u00e9t\u00e9s :<\/strong><br \/>\nPercoTop\u00ae 2K VHS Power Primer 4000 est un appr\u00eat\/garnissage bicomposant \u00e0 base de r\u00e9sines polyacryliques, avec une tr\u00e8s haute teneur en solides et une faible teneur en COV (compos\u00e9s organiques volatils).<br \/>\nIl a \u00e9t\u00e9 d\u00e9velopp\u00e9 pour des applications particuli\u00e8rement exigeantes dans le secteur des v\u00e9hicules utilitaires, des machines agricoles et de construction (ACE) ainsi que dans l\u2019industrie g\u00e9n\u00e9rale.<br data-start=\"50\" data-end=\"53\">S\u00e8che rapidement et peut \u00eatre utilis\u00e9 comme appr\u00eat ou appr\u00eat garnissant.<br data-start=\"261\" data-end=\"264\"><br data-start=\"427\" data-end=\"430\"><a class=\"wgl-button btn-size-sm \" role=\"button\" href=\"https:\/\/dirigocoating.pl\/wp-content\/uploads\/2025\/07\/EN-CS371-2.pdf\">TDS<\/a><\/p>\n","protected":false},"excerpt":{"rendered":"<p><span>Appr\u00eat\/garnissage polyur\u00e9thane bicomposant, \u00e0 faible \u00e9mission et \u00e0 s\u00e9chage rapide, pouvant \u00eatre utilis\u00e9 comme promoteur d\u2019adh\u00e9rence, appr\u00eat standard ou mastic \u00e0 couche \u00e9paisse sur de nombreux substrats.<br \/>Il est particuli\u00e8rement efficace sur l\u2019acier sabl\u00e9, ponc\u00e9 et les substrats GRP.<br \/>Cet appr\u00eat universel offre les \u00e9missions les plus faibles possibles dans la technologie \u00e0 base de solvant. Il peut \u00eatre ponc\u00e9, assurant un excellent aspect du rev\u00eatement de finition.   <\/span><\/p>\n","protected":false},"featured_media":10303,"template":"","meta":[],"product_brand":[],"product_cat":[429],"product_tag":[491,469],"class_list":{"0":"post-12745","1":"product","2":"type-product","3":"status-publish","4":"has-post-thumbnail","6":"product_cat-vehicules-utilitaires-fr","7":"product_tag-cv-primer-fr","8":"product_tag-peinture-dappret","10":"first","11":"instock","12":"shipping-taxable","13":"product-type-simple"},"_links":{"self":[{"href":"https:\/\/dirigocoating.pl\/fr\/wp-json\/wp\/v2\/product\/12745"}],"collection":[{"href":"https:\/\/dirigocoating.pl\/fr\/wp-json\/wp\/v2\/product"}],"about":[{"href":"https:\/\/dirigocoating.pl\/fr\/wp-json\/wp\/v2\/types\/product"}],"wp:featuredmedia":[{"embeddable":true,"href":"https:\/\/dirigocoating.pl\/fr\/wp-json\/wp\/v2\/media\/10303"}],"wp:attachment":[{"href":"https:\/\/dirigocoating.pl\/fr\/wp-json\/wp\/v2\/media?parent=12745"}],"wp:term":[{"taxonomy":"product_brand","embeddable":true,"href":"https:\/\/dirigocoating.pl\/fr\/wp-json\/wp\/v2\/product_brand?post=12745"},{"taxonomy":"product_cat","embeddable":true,"href":"https:\/\/dirigocoating.pl\/fr\/wp-json\/wp\/v2\/product_cat?post=12745"},{"taxonomy":"product_tag","embeddable":true,"href":"https:\/\/dirigocoating.pl\/fr\/wp-json\/wp\/v2\/product_tag?post=12745"}],"curies":[{"name":"wp","href":"https:\/\/api.w.org\/{rel}","templated":true}]}}