{"id":12747,"date":"2025-06-17T08:09:01","date_gmt":"2025-06-17T08:09:01","guid":{"rendered":"https:\/\/dirigocoating.pl\/produkt\/percotop-1k-primer-021-cs321\/"},"modified":"2025-09-15T07:17:00","modified_gmt":"2025-09-15T07:17:00","slug":"percotop-1k-primer-021-cs321","status":"publish","type":"product","link":"https:\/\/dirigocoating.pl\/fr\/produit\/percotop-1k-primer-021-cs321\/","title":{"rendered":"PercoTop 1K Primer 021: CS321"},"content":{"rendered":"<p>Propri\u00e9t\u00e9s :<br \/>PercoTop\u00ae CS321 1K Filler 021 Grey est un appr\u00eat garnissant monocomposant \u00e0 base de r\u00e9sines alkydes.<br \/>\nS\u00e8che rapidement et assure un excellent aspect de finition.<\/p>\n<p><a class=\"wgl-button btn-size-sm \" role=\"button\" href=\"https:\/\/dirigocoating.pl\/wp-content\/uploads\/2025\/07\/EN-CS321.pdf\">TDS<\/a><\/p>\n","protected":false},"excerpt":{"rendered":"<p>PercoTop Primer 021 est un appr\u00eat garnissant monocomposant. La formulation du produit est bas\u00e9e sur une r\u00e9sine alkyde sp\u00e9ciale. <\/p>\n","protected":false},"featured_media":10371,"template":"","meta":[],"product_brand":[],"product_cat":[429],"product_tag":[491,469],"class_list":{"0":"post-12747","1":"product","2":"type-product","3":"status-publish","4":"has-post-thumbnail","6":"product_cat-vehicules-utilitaires-fr","7":"product_tag-cv-primer-fr","8":"product_tag-peinture-dappret","10":"first","11":"instock","12":"shipping-taxable","13":"product-type-simple"},"_links":{"self":[{"href":"https:\/\/dirigocoating.pl\/fr\/wp-json\/wp\/v2\/product\/12747"}],"collection":[{"href":"https:\/\/dirigocoating.pl\/fr\/wp-json\/wp\/v2\/product"}],"about":[{"href":"https:\/\/dirigocoating.pl\/fr\/wp-json\/wp\/v2\/types\/product"}],"wp:featuredmedia":[{"embeddable":true,"href":"https:\/\/dirigocoating.pl\/fr\/wp-json\/wp\/v2\/media\/10371"}],"wp:attachment":[{"href":"https:\/\/dirigocoating.pl\/fr\/wp-json\/wp\/v2\/media?parent=12747"}],"wp:term":[{"taxonomy":"product_brand","embeddable":true,"href":"https:\/\/dirigocoating.pl\/fr\/wp-json\/wp\/v2\/product_brand?post=12747"},{"taxonomy":"product_cat","embeddable":true,"href":"https:\/\/dirigocoating.pl\/fr\/wp-json\/wp\/v2\/product_cat?post=12747"},{"taxonomy":"product_tag","embeddable":true,"href":"https:\/\/dirigocoating.pl\/fr\/wp-json\/wp\/v2\/product_tag?post=12747"}],"curies":[{"name":"wp","href":"https:\/\/api.w.org\/{rel}","templated":true}]}}