{"id":12749,"date":"2025-06-17T08:14:59","date_gmt":"2025-06-17T08:14:59","guid":{"rendered":"https:\/\/dirigocoating.pl\/produkt\/percotop-2k-hs-primer-040-2\/"},"modified":"2025-06-17T08:14:59","modified_gmt":"2025-06-17T08:14:59","slug":"percotop-2k-hs-primer-040-2","status":"publish","type":"product","link":"https:\/\/dirigocoating.pl\/fr\/produit\/percotop-2k-hs-primer-040-2\/","title":{"rendered":"PercoTop 2K HS Primer 040"},"content":{"rendered":"<p><strong>Propri\u00e9t\u00e9s :<\/strong><\/p>\n<ul>\n<li>PercoTop\u00ae 2K HS Primer 040 est un appr\u00eat\/garnissage bicomposant \u00e0 base de r\u00e9sines polyacryliques, \u00e0 faible teneur en COV (compos\u00e9s organiques volatils).<\/li>\n<li>Il a \u00e9t\u00e9 d\u00e9velopp\u00e9 pour des applications particuli\u00e8rement exigeantes dans le secteur des v\u00e9hicules utilitaires, des machines agricoles et de construction (ACE) ainsi que dans l\u2019industrie g\u00e9n\u00e9rale.<\/li>\n<li>S\u00e8che rapidement et peut \u00eatre utilis\u00e9 comme appr\u00eat ou appr\u00eat garnissant.<\/li>\n<\/ul>\n<p><a class=\"wgl-button btn-size-sm \" role=\"button\" href=\"https:\/\/dirigocoating.pl\/wp-content\/uploads\/2025\/07\/EN-CS340-7.pdf\">TDS<\/a><\/p>\n","protected":false},"excerpt":{"rendered":"<p><span>Appr\u00eat\/garnissage polyur\u00e9thane bicomposant, \u00e0 faible \u00e9mission et \u00e0 s\u00e9chage rapide. Il peut \u00eatre utilis\u00e9 comme promoteur d\u2019adh\u00e9rence, appr\u00eat standard ou mastic \u00e0 couche \u00e9paisse sur acier, aluminium et substrats galvanis\u00e9s, ainsi que sur substrats GRP. Cet appr\u00eat est disponible en plusieurs couleurs.  <\/span><\/p>\n","protected":false},"featured_media":10361,"template":"","meta":[],"product_brand":[],"product_cat":[429],"product_tag":[491,469],"class_list":{"0":"post-12749","1":"product","2":"type-product","3":"status-publish","4":"has-post-thumbnail","6":"product_cat-vehicules-utilitaires-fr","7":"product_tag-cv-primer-fr","8":"product_tag-peinture-dappret","10":"first","11":"instock","12":"shipping-taxable","13":"product-type-simple"},"_links":{"self":[{"href":"https:\/\/dirigocoating.pl\/fr\/wp-json\/wp\/v2\/product\/12749"}],"collection":[{"href":"https:\/\/dirigocoating.pl\/fr\/wp-json\/wp\/v2\/product"}],"about":[{"href":"https:\/\/dirigocoating.pl\/fr\/wp-json\/wp\/v2\/types\/product"}],"wp:featuredmedia":[{"embeddable":true,"href":"https:\/\/dirigocoating.pl\/fr\/wp-json\/wp\/v2\/media\/10361"}],"wp:attachment":[{"href":"https:\/\/dirigocoating.pl\/fr\/wp-json\/wp\/v2\/media?parent=12749"}],"wp:term":[{"taxonomy":"product_brand","embeddable":true,"href":"https:\/\/dirigocoating.pl\/fr\/wp-json\/wp\/v2\/product_brand?post=12749"},{"taxonomy":"product_cat","embeddable":true,"href":"https:\/\/dirigocoating.pl\/fr\/wp-json\/wp\/v2\/product_cat?post=12749"},{"taxonomy":"product_tag","embeddable":true,"href":"https:\/\/dirigocoating.pl\/fr\/wp-json\/wp\/v2\/product_tag?post=12749"}],"curies":[{"name":"wp","href":"https:\/\/api.w.org\/{rel}","templated":true}]}}