{"id":12751,"date":"2025-06-17T08:17:40","date_gmt":"2025-06-17T08:17:40","guid":{"rendered":"https:\/\/dirigocoating.pl\/produkt\/percotop-2k-hs-2k-sandable-filler-cs350-2\/"},"modified":"2025-09-15T07:38:11","modified_gmt":"2025-09-15T07:38:11","slug":"percotop-2k-hs-2k-sandable-filler-cs350-2","status":"publish","type":"product","link":"https:\/\/dirigocoating.pl\/fr\/produit\/percotop-2k-hs-2k-sandable-filler-cs350-2\/","title":{"rendered":"PercoTop 2K HS 2K Sandable Filler CS350"},"content":{"rendered":"<p><strong>Propri\u00e9t\u00e9s :<\/strong><\/p>\n<ul>\n<li>PercoTop\u00ae CS350 2K Sandable Filler est un mastic bicomposant \u00e0 faible teneur en solvants, \u00e0 base de r\u00e9sine polyacrylique.<\/li>\n<li>Le mastic s\u00e8che rapidement, pr\u00e9sente une bonne pon\u00e7abilit\u00e9 et assure un aspect optimal du rev\u00eatement.<\/li>\n<li>Il peut \u00eatre utilis\u00e9 comme mastic standard ou mastic \u00e0 couche \u00e9paisse, selon la quantit\u00e9 de diluant ajout\u00e9e.<\/li>\n<\/ul>\n<p><a class=\"wgl-button btn-size-sm \" role=\"button\" href=\"https:\/\/dirigocoating.pl\/wp-content\/uploads\/2025\/07\/EN-CS350.pdf\">TDS<\/a><\/p>\n","protected":false},"excerpt":{"rendered":"<p><span>PercoTop CS350 2K Sandable Filler est un appr\u00eat garnissant 2K \u00e0 faible teneur en solvants, \u00e0 base de r\u00e9sine polyacrylique.<\/span><br \/>\n<span>Le mastic s\u00e8che rapidement, pr\u00e9sente une bonne pon\u00e7abilit\u00e9 et un excellent aspect du rev\u00eatement.<\/span><br \/>\n<span>Il peut \u00e9galement \u00eatre utilis\u00e9 comme mastic \u00e0 haute r\u00e9sistance, selon la quantit\u00e9 de diluant ajout\u00e9e.<\/span><\/p>\n","protected":false},"featured_media":10351,"template":"","meta":[],"product_brand":[],"product_cat":[429],"product_tag":[491,469],"class_list":{"0":"post-12751","1":"product","2":"type-product","3":"status-publish","4":"has-post-thumbnail","6":"product_cat-vehicules-utilitaires-fr","7":"product_tag-cv-primer-fr","8":"product_tag-peinture-dappret","10":"first","11":"instock","12":"shipping-taxable","13":"product-type-simple"},"_links":{"self":[{"href":"https:\/\/dirigocoating.pl\/fr\/wp-json\/wp\/v2\/product\/12751"}],"collection":[{"href":"https:\/\/dirigocoating.pl\/fr\/wp-json\/wp\/v2\/product"}],"about":[{"href":"https:\/\/dirigocoating.pl\/fr\/wp-json\/wp\/v2\/types\/product"}],"wp:featuredmedia":[{"embeddable":true,"href":"https:\/\/dirigocoating.pl\/fr\/wp-json\/wp\/v2\/media\/10351"}],"wp:attachment":[{"href":"https:\/\/dirigocoating.pl\/fr\/wp-json\/wp\/v2\/media?parent=12751"}],"wp:term":[{"taxonomy":"product_brand","embeddable":true,"href":"https:\/\/dirigocoating.pl\/fr\/wp-json\/wp\/v2\/product_brand?post=12751"},{"taxonomy":"product_cat","embeddable":true,"href":"https:\/\/dirigocoating.pl\/fr\/wp-json\/wp\/v2\/product_cat?post=12751"},{"taxonomy":"product_tag","embeddable":true,"href":"https:\/\/dirigocoating.pl\/fr\/wp-json\/wp\/v2\/product_tag?post=12751"}],"curies":[{"name":"wp","href":"https:\/\/api.w.org\/{rel}","templated":true}]}}