{"id":12753,"date":"2025-06-17T08:22:10","date_gmt":"2025-06-17T08:22:10","guid":{"rendered":"https:\/\/dirigocoating.pl\/produkt\/percotop-2k-hs-sanding-filler-cs352-2\/"},"modified":"2025-06-17T08:22:10","modified_gmt":"2025-06-17T08:22:10","slug":"percotop-2k-hs-sanding-filler-cs352-2","status":"publish","type":"product","link":"https:\/\/dirigocoating.pl\/fr\/produit\/percotop-2k-hs-sanding-filler-cs352-2\/","title":{"rendered":"PercoTop 2K HS Sanding Filler CS352"},"content":{"rendered":"<p>Propri\u00e9t\u00e9s :<\/p>\n<ul>\n<li>PercoTop\u00ae CS352 2K HS Sanding Filler est un mastic \u00e0 faible teneur en solvants qui, une fois ponc\u00e9, assure une finition de surface tr\u00e8s lisse.<\/li>\n<li>Formulation \u00e0 base de r\u00e9sine polyacrylique.<\/li>\n<li>S\u00e8che rapidement et peut \u00eatre ponc\u00e9 apr\u00e8s un court temps de durcissement.<\/li>\n<li>Le produit peut \u00eatre utilis\u00e9 comme mastic standard ou mastic \u00e0 couche \u00e9paisse, selon la quantit\u00e9 de diluant ajout\u00e9e.<\/li>\n<\/ul>\n<p><a class=\"wgl-button btn-size-sm \" role=\"button\" href=\"https:\/\/dirigocoating.pl\/wp-content\/uploads\/2025\/07\/EN-CS352.pdf\">TDS<\/a><\/p>\n","protected":false},"excerpt":{"rendered":"<p><span>Mastic polyur\u00e9thane bicomposant \u00e0 haute teneur en solides. Cet appr\u00eat \u00e0 faible \u00e9mission de compos\u00e9s volatils offre d\u2019excellentes propri\u00e9t\u00e9s de remplissage et une bonne r\u00e9sistance aux bosses, et est tr\u00e8s facile \u00e0 appliquer. Il se caract\u00e9rise par une pon\u00e7abilit\u00e9 ais\u00e9e et un excellent aspect final des peintures de finition PercoTop\u00ae.  <\/span><\/p>\n","protected":false},"featured_media":10343,"template":"","meta":[],"product_brand":[],"product_cat":[429],"product_tag":[491,469],"class_list":{"0":"post-12753","1":"product","2":"type-product","3":"status-publish","4":"has-post-thumbnail","6":"product_cat-vehicules-utilitaires-fr","7":"product_tag-cv-primer-fr","8":"product_tag-peinture-dappret","10":"first","11":"instock","12":"shipping-taxable","13":"product-type-simple"},"_links":{"self":[{"href":"https:\/\/dirigocoating.pl\/fr\/wp-json\/wp\/v2\/product\/12753"}],"collection":[{"href":"https:\/\/dirigocoating.pl\/fr\/wp-json\/wp\/v2\/product"}],"about":[{"href":"https:\/\/dirigocoating.pl\/fr\/wp-json\/wp\/v2\/types\/product"}],"wp:featuredmedia":[{"embeddable":true,"href":"https:\/\/dirigocoating.pl\/fr\/wp-json\/wp\/v2\/media\/10343"}],"wp:attachment":[{"href":"https:\/\/dirigocoating.pl\/fr\/wp-json\/wp\/v2\/media?parent=12753"}],"wp:term":[{"taxonomy":"product_brand","embeddable":true,"href":"https:\/\/dirigocoating.pl\/fr\/wp-json\/wp\/v2\/product_brand?post=12753"},{"taxonomy":"product_cat","embeddable":true,"href":"https:\/\/dirigocoating.pl\/fr\/wp-json\/wp\/v2\/product_cat?post=12753"},{"taxonomy":"product_tag","embeddable":true,"href":"https:\/\/dirigocoating.pl\/fr\/wp-json\/wp\/v2\/product_tag?post=12753"}],"curies":[{"name":"wp","href":"https:\/\/api.w.org\/{rel}","templated":true}]}}