{"id":12755,"date":"2025-06-17T08:25:03","date_gmt":"2025-06-17T08:25:03","guid":{"rendered":"https:\/\/dirigocoating.pl\/produkt\/percotop-2k-hs-sanding-rail-filler-cs353-cs353w\/"},"modified":"2025-09-15T07:56:47","modified_gmt":"2025-09-15T07:56:47","slug":"percotop-2k-hs-sanding-rail-filler-cs353-cs353w","status":"publish","type":"product","link":"https:\/\/dirigocoating.pl\/fr\/produit\/percotop-2k-hs-sanding-rail-filler-cs353-cs353w\/","title":{"rendered":"PercoTop 2K HS Sanding Rail Filler CS353 \/ CS353W"},"content":{"rendered":"<p data-start=\"34\" data-end=\"52\"><strong data-start=\"34\" data-end=\"50\">Propri\u00e9t\u00e9s :<\/strong><\/p>\n<ul data-start=\"53\" data-end=\"466\" data-is-last-node=\"\" data-is-only-node=\"\">\n<li data-start=\"53\" data-end=\"203\">\n<p data-start=\"55\" data-end=\"203\">PercoTop\u00ae CS353\/CS353W 2K HS Rail Filler est un mastic bicomposant sp\u00e9cialement con\u00e7u pour le rev\u00eatement de haute qualit\u00e9 de grandes surfaces.<\/p>\n<\/li>\n<li data-start=\"204\" data-end=\"333\">\n<p data-start=\"206\" data-end=\"333\">En termes de composition et de propri\u00e9t\u00e9s, il r\u00e9pond aux exigences de la norme \u00ab\u202fStoff 1.2, TL 918300, Annexe B, Feuille 34\u202f\u00bb Deutsche Bahn AG.<\/p>\n<\/li>\n<li data-start=\"334\" data-end=\"376\">\n<p data-start=\"336\" data-end=\"376\">Formulation \u00e0 base de r\u00e9sine acrylique.<\/p>\n<\/li>\n<li data-start=\"377\" data-end=\"466\" data-is-last-node=\"\">\n<p data-start=\"379\" data-end=\"466\" data-is-last-node=\"\">Le produit se caract\u00e9rise par d\u2019excellentes propri\u00e9t\u00e9s de remplissage et de pon\u00e7abilit\u00e9.<\/p>\n<\/li>\n<\/ul>\n<p><a class=\"wgl-button btn-size-sm \" role=\"button\" href=\"https:\/\/dirigocoating.pl\/wp-content\/uploads\/2025\/07\/EN-CS353.pdf\">TDS<\/a><\/p>\n","protected":false},"excerpt":{"rendered":"<p><span>Appr\u00eat\/garnissage polyur\u00e9thane bicomposant \u00e0 haute teneur en solides. Sp\u00e9cialement con\u00e7u pour des rev\u00eatements de haute qualit\u00e9 sur de grandes surfaces, destin\u00e9 \u00e0 une utilisation dans le secteur ferroviaire. <\/span><\/p>\n","protected":false},"featured_media":10338,"template":"","meta":[],"product_brand":[],"product_cat":[422,429],"product_tag":[491,469,475,492],"class_list":{"0":"post-12755","1":"product","2":"type-product","3":"status-publish","4":"has-post-thumbnail","6":"product_cat-rail-fr","7":"product_cat-vehicules-utilitaires-fr","8":"product_tag-cv-primer-fr","9":"product_tag-peinture-dappret","10":"product_tag-solvant","11":"product_tag-solvent-filler","13":"first","14":"instock","15":"shipping-taxable","16":"product-type-simple"},"_links":{"self":[{"href":"https:\/\/dirigocoating.pl\/fr\/wp-json\/wp\/v2\/product\/12755"}],"collection":[{"href":"https:\/\/dirigocoating.pl\/fr\/wp-json\/wp\/v2\/product"}],"about":[{"href":"https:\/\/dirigocoating.pl\/fr\/wp-json\/wp\/v2\/types\/product"}],"wp:featuredmedia":[{"embeddable":true,"href":"https:\/\/dirigocoating.pl\/fr\/wp-json\/wp\/v2\/media\/10338"}],"wp:attachment":[{"href":"https:\/\/dirigocoating.pl\/fr\/wp-json\/wp\/v2\/media?parent=12755"}],"wp:term":[{"taxonomy":"product_brand","embeddable":true,"href":"https:\/\/dirigocoating.pl\/fr\/wp-json\/wp\/v2\/product_brand?post=12755"},{"taxonomy":"product_cat","embeddable":true,"href":"https:\/\/dirigocoating.pl\/fr\/wp-json\/wp\/v2\/product_cat?post=12755"},{"taxonomy":"product_tag","embeddable":true,"href":"https:\/\/dirigocoating.pl\/fr\/wp-json\/wp\/v2\/product_tag?post=12755"}],"curies":[{"name":"wp","href":"https:\/\/api.w.org\/{rel}","templated":true}]}}